{"id":113,"date":"2015-08-21T15:09:43","date_gmt":"2015-08-21T13:09:43","guid":{"rendered":"http:\/\/www.etho-ges.de\/wordpress\/?page_id=113"},"modified":"2026-03-16T17:53:04","modified_gmt":"2026-03-16T16:53:04","slug":"research-and-conference-funding","status":"publish","type":"page","link":"https:\/\/www.etho-ges.de\/wordpress\/de\/research-and-conference-funding\/","title":{"rendered":"Stipendien- und Reisebeitr\u00e4ge"},"content":{"rendered":"<p style=\"text-align: justify;\"><a href=\"https:\/\/www.etho-ges.de\/wordpress\/wp-content\/uploads\/2026\/03\/IMG_9963-scaled.jpg\"><img loading=\"lazy\" decoding=\"async\" class=\"aligncenter size-full wp-image-2407\" src=\"https:\/\/www.etho-ges.de\/wordpress\/wp-content\/uploads\/2026\/03\/IMG_9963-scaled.jpg\" alt=\"a group of impalas\" width=\"540\" height=\"300\" \/><\/a><\/p>\n<hr \/>\n<p id=\"tw-target-text\" dir=\"ltr\" style=\"text-align: justify;\" data-placeholder=\"Translation\">Eine \u00dcbersicht aller Auszeichnungen und F\u00f6rderm\u00f6glichkeiten durch die Ethologische Gesellschaft e.V., inklusive Deadlines, kann <a href=\"https:\/\/www.etho-ges.de\/wordpress\/wp-content\/uploads\/2025\/02\/Overview_EthoGes_Funding_02-2025.pdf\">hier<\/a> heruntergeladen werden. <span lang=\"de\">In der Regel erhalten erfolgreiche Antragsteller*innen ihre F\u00f6rderung nach Eingang aller Belege bei unserer <a href=\"https:\/\/www.etho-ges.de\/wordpress\/council\/\">Schatzmeisterin<\/a>. Wir verstehen jedoch, dass die Vorabbezahlung f\u00fcr einige Projekte schwierig sein kann. Wir empfehlen daher Antragstellern sich an unseren <a href=\"https:\/\/www.etho-ges.de\/wordpress\/council\/\">F\u00f6rderbeauftragten<\/a> zu wenden, damit wir eine Vorab\u00fcberweisung der Stipendienmittel vereinbaren k\u00f6nnen. Bei Fragen oder Anmerkungen zu unseren F\u00f6rderprogrammen wenden Sie sich bitte auch an unseren F\u00f6rderbeauftragten. Wir haben au\u00dferdem einen <a href=\"https:\/\/www.etho-ges.de\/wordpress\/wp-content\/uploads\/2026\/03\/EthoGes_Funding_Guidelines.docx\">Leitfaden<\/a> erstellt, der Bewerberinnen und Bewerbern hilft, die Formulare korrekt und effizient auszuf\u00fcllen.<br \/>\n<\/span><\/p>\n<hr \/>\n<p style=\"text-align: justify;\"><strong>Stipendien f\u00fcr Nachwuchswissenschaftler*innen<br \/>\n<\/strong>Die Ethologische Gesellschaft e.V. vergibt Finanzierungen von bis zu 500\u20ac f\u00fcr Bachelor\/Master Arbeiten und bis zu 1\u2019000\u20ac f\u00fcr Pilotprojekte von Doktorarbeiten. Ziel dieser Stipendien ist die Unterst\u00fctzung von Bachelor\/Master Arbeiten und Pilotstudien f\u00fcr Doktorarbeiten.<\/p>\n<p style=\"text-align: justify;\">Bewerbungsfrist ist der <strong>31. M\u00e4rz<\/strong> jeden Jahres. Bewerbungen m\u00fcssen per E-Mail an unseren <span lang=\"de\"><a href=\"https:\/\/www.etho-ges.de\/wordpress\/council\/\">F\u00f6rderbeauftragten<\/a> <\/span>geschickt werden. Es wird geraten die jeweiligen bereitgestellten Formulare zu nutzen (<a href=\"https:\/\/www.etho-ges.de\/wordpress\/wp-content\/uploads\/2025\/02\/EthoGes_research_grant_BSc-MSc-student.docx\">Bacherlor\/Master<\/a>, <a href=\"https:\/\/www.etho-ges.de\/wordpress\/wp-content\/uploads\/2025\/02\/EthoGes_research_grant_PhD-student.docx\">PhD<\/a>). Jede Bewerbung, die vollst\u00e4ndig und fristgerecht eingereicht wurde, wird von Mitgliedern des erweiterten Vorstands begutachtet. Der Eingang der Bewerbung wird per E-Mail best\u00e4tigt. Hauptkriterien der Bewertung stellen die wissenschaftliche Qualit\u00e4t des Projekts, Exzellenz des Bewerbers und der erwartete Nutzen der finanziellen F\u00f6rderung f\u00fcr das Projekt dar.<\/p>\n<p style=\"text-align: justify;\">Bewerben k\u00f6nnen sich ausschlie\u00dflich Mitglieder der Gesellschaft (f\u00fcr Doktorarbeiten: Mitgliedschaft seit mindestens einem Jahr erforderlich; f\u00fcr Bachelor\/Master Arbeiten: Mitgliedschaft zum Zeitpunkt der Bewerbung erforderlich). Bewerber m\u00fcssen aktiv an allen Phasen des Projektes beteiligt sein.<\/p>\n<p style=\"text-align: justify;\">Die Bewerbung sollten folgende Angaben enthalten:<\/p>\n<ul style=\"text-align: justify;\">\n<li>Name, Adresse und Institut<\/li>\n<li>Projekt Titel, Zusammenfassung, Hintergrundinformationen, wissenschaftliche Fragestellung mit Erwartungen und Hypothesen, Methoden und Zeitplan<\/li>\n<li>Kostenaufstellung, andere Finanzierungsm\u00f6glichkeiten (eigene und\/oder externe) die f\u00fcr das Projekt zur Verf\u00fcgung stehen<\/li>\n<li>Stellungnahme zur Mitgliedschaft in der Ethologischen Gesellschaft und Best\u00e4tigung der aktiven Beteiligung an allen Phasen des Projekts<\/li>\n<\/ul>\n<p style=\"text-align: justify;\">Erfolgreiche Bewerber bekommen ihre Stipendien entsprechend der Buchhaltungs- und Ausgaberegeln der Ethologischen Gesellschaft e.V. ausgezahlt. Die Ergebnisse der gef\u00f6rderten Projekte sollten zusammengefasst als Forschungsbericht in den <em>EthoNews<\/em> ver\u00f6ffentlicht werden. Weiterhin sind erfolgreiche Bewerber angehalten, ihre Projekte bei der <em>Jahrestagung der Ethologischen Gesellschaft e.V.<\/em> vorzustellen. Publikationen und Pr\u00e4sentationen von Projekten, die durch die Ethologische Gesellschaft finanziell unterst\u00fctzt wurden, sollten entsprechende Verweise beinhalten.<\/p>\n<hr \/>\n<p style=\"text-align: justify;\"><strong>Forschungsmittel<br \/>\n<\/strong>Die Ethologische Gesellschaft e.V. vergibt Finanzierungen bis zu 2\u2019000\u20ac pro Forschungsprojekt. Die Gelder k\u00f6nnen Material-, Reise- und Unterkunftskosten decken (nur f\u00fcr Bewerber*in). Ziel dieser Finanzierungen ist die Unterst\u00fctzung von:<\/p>\n<ul style=\"text-align: justify;\">\n<li>besonders vielversprechenden Pilotstudien oder Untersuchungen im Anfangsstadium, welche normalerweise nicht f\u00fcr Finanzierungen durch andere Organisationen oder wissenschaftlichen Einrichtungen in Frage kommen.<\/li>\n<li>kleinen oder zus\u00e4tzlichen Projekten, die trotz ihrer Wichtigkeit aufgrund ihres geringen Umfangs nicht f\u00fcr finanzielle F\u00f6rderungen ber\u00fccksichtigt werden.<\/li>\n<\/ul>\n<p style=\"text-align: justify;\">Bewerbungsfrist ist der <strong>31. Januar<\/strong> jeden Jahres. Bewerbungen m\u00fcssen an unseren\u00a0<span lang=\"de\"><a href=\"https:\/\/www.etho-ges.de\/wordpress\/council\/\">F\u00f6rderbeauftragten<\/a> <\/span> per E-Mail geschickt werden. Bewerber werden angehalten, das bereitgestellte <a href=\"https:\/\/www.etho-ges.de\/wordpress\/wp-content\/uploads\/2025\/02\/EthoGes_research_grant_regular-member.docx\">Formular<\/a> zu nutzen. Der Eingang der Bewerbung wird per E-Mail best\u00e4tigt. Jede Bewerbung, die vollst\u00e4ndig und fristgerecht eingesendet wurde, wird von Mitgliedern des erweiterten Vorstands begutachtet. Hauptkriterien der Bewertung stellen die wissenschaftliche Qualit\u00e4t des Projekts, Exzellenz des Bewerbers und der erwartete Nutzen der finanziellen F\u00f6rderung f\u00fcr das Projekt dar.<\/p>\n<p style=\"text-align: justify;\">Bewerben k\u00f6nnen sich ausschlie\u00dflich Mitglieder der Gesellschaft, die seit mindestens einem Jahr Mitglied sind. Au\u00dferdem m\u00fcssen Bewerber aktiv an allen Phasen des Projektes beteiligt sein.<\/p>\n<p style=\"text-align: justify;\">Die Bewerbungen sollten folgende Angaben enthalten:<\/p>\n<ul style=\"text-align: justify;\">\n<li>Name, Adresse und Institut<\/li>\n<li>Projekt Titel, Zusammenfassung, Hintergrundinformationen, wissenschaftliche Fragestellung mit Erwartungen und Hypothesen, Methoden und Zeitplan<\/li>\n<li>Kostenaufstellung, andere Finanzierungsm\u00f6glichkeiten (eigene und\/oder externe), die f\u00fcr das Projekt zur Verf\u00fcgung stehen<\/li>\n<li>Stellungnahme zur Mitgliedschaft in der Ethologischen Gesellschaft und Best\u00e4tigung der aktiven Beteiligung an allen Phasen des Projekts<\/li>\n<\/ul>\n<p style=\"text-align: justify;\">Erfolgreiche Bewerber bekommen ihre Stipendien entsprechend der Buchhaltungs- und Ausgaberegeln der Ethologischen Gesellschaft e.V. ausgezahlt. Die Ergebnisse der gef\u00f6rderten Projekte sollten zusammengefasst als Forschungsbericht in den <em>EthoNews<\/em> ver\u00f6ffentlicht werden. Weiterhin sind erfolgreiche Bewerber angehalten, ihre Projekte bei der <em>Jahrestagung der Ethologischen Gesellschaft e.V.<\/em> vorzustellen. Publikationen und Pr\u00e4sentationen von Projekten, die durch die Ethologische Gesellschaft finanziell unterst\u00fctzt wurden, sollten entsprechende Verweise beinhalten.<\/p>\n<hr \/>\n<p style=\"text-align: justify;\"><strong>Ethology Grant<br \/>\n<\/strong><em data-start=\"21\" data-end=\"31\">Ethology<\/em>, die von Wiley ver\u00f6ffentlichte <a href=\"https:\/\/www.etho-ges.de\/wordpress\/ethology\/\">Fachzeitschrift unserer Gesellschaft<\/a>, stellt j\u00e4hrlich einen Forschungsfonds von bis zu 5.000 \u20ac zur Verf\u00fcgung. Die Mittel k\u00f6nnen sowohl Materialkosten als auch Reise- und Aufenthaltskosten (ausschlie\u00dflich f\u00fcr die Antragstellerin\/den Antragsteller) abdecken. Ziel dieser F\u00f6rderung ist die Unterst\u00fctzung von:<\/p>\n<ul>\n<li data-start=\"372\" data-end=\"473\">unabh\u00e4ngigen oder eigenst\u00e4ndigen Forschungsprojekten, die eine gezielte Finanzierung erfordern.<\/li>\n<\/ul>\n<p style=\"text-align: justify;\">Bewerbungsfrist ist der <strong>31. August <\/strong>jeden Jahres. Bewerbungen m\u00fcssen an unseren\u00a0<span lang=\"de\"><a href=\"https:\/\/www.etho-ges.de\/wordpress\/council\/\">F\u00f6rderbeauftragten<\/a> <\/span> per E-Mail geschickt werden. Bewerber werden angehalten, das bereitgestellte <a href=\"https:\/\/www.etho-ges.de\/wordpress\/wp-content\/uploads\/2025\/02\/EthoGes_EthologyGrant.docx\">Formular<\/a> zu nutzen. Der Eingang der Bewerbung wird per E-Mail best\u00e4tigt. Jede Bewerbung, die vollst\u00e4ndig und fristgerecht eingesendet wurde, wird von Mitgliedern des erweiterten Vorstands begutachtet. Hauptkriterien der Bewertung stellen die wissenschaftliche Qualit\u00e4t des Projekts, Exzellenz des Bewerbers und der erwartete Nutzen der finanziellen F\u00f6rderung f\u00fcr das Projekt dar.<\/p>\n<p style=\"text-align: justify;\">Bewerben k\u00f6nnen sich ausschlie\u00dflich Mitglieder der Gesellschaft, die seit mindestens einem Jahr Mitglied sind. Au\u00dferdem m\u00fcssen Bewerber aktiv an allen Phasen des Projektes beteiligt sein.<\/p>\n<p style=\"text-align: justify;\">Die Bewerbungen sollten folgende Angaben enthalten:<\/p>\n<ul style=\"text-align: justify;\">\n<li>Name, Adresse und Institut<\/li>\n<li>Projekt Titel, Zusammenfassung, Hintergrundinformationen, wissenschaftliche Fragestellung mit Erwartungen und Hypothesen, Methoden und Zeitplan<\/li>\n<li>Kostenaufstellung, andere Finanzierungsm\u00f6glichkeiten (eigene und\/oder externe), die f\u00fcr das Projekt zur Verf\u00fcgung stehen<\/li>\n<li>Stellungnahme zur Mitgliedschaft in der Ethologischen Gesellschaft und Best\u00e4tigung der aktiven Beteiligung an allen Phasen des Projekts<\/li>\n<\/ul>\n<p style=\"text-align: justify;\">Erfolgreiche Bewerber bekommen ihre Stipendien entsprechend der Buchhaltungs- und Ausgaberegeln der Ethologischen Gesellschaft e.V. ausgezahlt. Die Ergebnisse der gef\u00f6rderten Projekte sollten zusammengefasst als Forschungsbericht in den <em>EthoNews<\/em> ver\u00f6ffentlicht werden. Weiterhin sind erfolgreiche Bewerber angehalten, ihre Projekte bei der <em>Jahrestagung der Ethologischen Gesellschaft e.V.<\/em> vorzustellen. Publikationen und Pr\u00e4sentationen von Projekten, die durch die Ethologische Gesellschaft finanziell unterst\u00fctzt wurden, sollten entsprechende Verweise beinhalten.<\/p>\n<hr \/>\n<p style=\"text-align: justify;\"><strong>Konferenzen und Treffen<br \/>\n<\/strong>Organisatoren der <em>Jahrestagung der Ethologischen Gesellschaft e.V.<\/em> k\u00f6nnen bis zu 1\u2019000\u20ac beantragen; f\u00fcr das j\u00e4hrliche <em>Graduierten Treffen<\/em>, das in Kooperation mit der <a href=\"https:\/\/www.dzg-ev.de\/en\/\">Abteilung Verhaltensbiologie der DZG<\/a> organisiert wird, k\u00f6nnen bis zu 500\u20ac beantragt werden. Au\u00dferdem unterst\u00fctzt die Ethologische Gesellschaft die <em>European Conference on Behavioural Biology<\/em> (ECBB) mit bis zu 1\u2019000\u20ac. Die Finanzierungen k\u00f6nnen frei im Sinne der Ziele der Gesellschaft genutzt werden (d.h. Unterst\u00fctzung der Verhaltensbiologie in Forschung und Lehre), wie zum Beispiel zur Organisation des Treffens.<\/p>\n<p style=\"text-align: justify;\">F\u00fcr die Bewerbungen gelten <strong>keine Bewerbungsfristen<\/strong> und es werden keine speziellen Formulare ben\u00f6tigt. Bewerbungen m\u00fcssen an\u00a0 unseren <span lang=\"de\"><a href=\"https:\/\/www.etho-ges.de\/wordpress\/council\/\">F\u00f6rderbeauftragten<\/a> <\/span>per E-Mail geschickt werden. Der Eingang der Bewerbung wird per E-Mail best\u00e4tigt. Jede Bewerbung wird von mindestens einem Mitglied des Vorstands begutachtet.<\/p>\n<p style=\"text-align: justify;\">Die Stipendien werden entsprechend der Buchhaltungs- und Ausgaberegeln der Ethologischen Gesellschaft e.V. ausgezahlt und k\u00f6nnen f\u00fcr gew\u00f6hnlich auf Anfrage im Voraus ausgezahlt werden. Bitte kontaktieren Sie unsere <a href=\"https:\/\/www.etho-ges.de\/wordpress\/council\/\">Schatzmeisterin<\/a> f\u00fcr weitere Details. Alle gef\u00f6rderten Treffen k\u00f6nnen von den Mitgliedern unserer Gesellschaft besucht werden und werden \u00fcber <em>EthoNews<\/em> und diese Website angek\u00fcndigt.<\/p>\n<hr \/>\n<p style=\"text-align: justify;\"><strong>Reisestipendien<br \/>\n<\/strong>Mitglieder der Ethologischen Gesellschaft e.V. k\u00f6nnen sich f\u00fcr Reisezusch\u00fcsse bewerben, um aktiv (Poster oder Vortrag) an der <em>European Conference on Behavioural Biology<\/em> (max. 600\u20ac) oder an der <em>Jahrestagung der Ethologischen Gesellschaft e.V.<\/em> (max. 350\u20ac) teilnehmen zu k\u00f6nnen. Um unseren individuellen und kollektiven CO2-Fu\u00dfabdruck zu verringern, ermutigen wir Antragsteller umweltfreundliche Transportmittel in Betracht zu ziehen. Beachten Sie, dass die Gesellschaft keine Fl\u00fcge innerhalb der EU f\u00fcr Entfernungen von weniger als 1&#8217;000 km finanziert.<\/p>\n<p style=\"text-align: justify;\">Die <strong>Bewerbungsfristen<\/strong> entsprechen den Bewerbungsfristen f\u00fcr Beitr\u00e4ge bei den jeweiligen Treffen. Bewerbungen k\u00f6nnen jederzeit per E-Mail an unseren <span lang=\"de\"><a href=\"https:\/\/www.etho-ges.de\/wordpress\/council\/\">F\u00f6rderbeauftragten<\/a> <\/span> geschickt werden. Bewerber werden gebeten das <a href=\"https:\/\/www.etho-ges.de\/wordpress\/wp-content\/uploads\/2023\/12\/EthoGes_travel-grant.docx\">Formular<\/a> zu benutzen. Der Eingang der Bewerbung wird per E-Mail best\u00e4tigt. Jede Bewerbung wird von mindestens einem Mitglied des erweiterten Vorstands begutachtet. Bewerber m\u00fcssen Mitglieder unserer Gesellschaft sein (Langzeit-Mitglieder und solche, die zuvor noch keine Reisestipendien erhalten haben, werden bevorzugt).<\/p>\n<p style=\"text-align: justify;\">Erfolgreiche Bewerber bekommen ihre Stipendien entsprechend der Buchhaltungs- und Ausgaberegeln der Ethologischen Gesellschaft e.V. ausgezahlt.<\/p>\n<hr \/>\n","protected":false},"excerpt":{"rendered":"<p>Eine \u00dcbersicht aller Auszeichnungen und F\u00f6rderm\u00f6glichkeiten durch die Ethologische Gesellschaft e.V., inklusive Deadlines, kann hier heruntergeladen werden. In der Regel erhalten erfolgreiche Antragsteller*innen ihre F\u00f6rderung nach Eingang aller Belege bei unserer Schatzmeisterin. Wir verstehen jedoch, dass die Vorabbezahlung f\u00fcr einige Projekte schwierig sein kann. Wir empfehlen daher Antragstellern sich an unseren F\u00f6rderbeauftragten zu wenden, damit wir eine Vorab\u00fcberweisung der Stipendienmittel vereinbaren k\u00f6nnen. Bei Fragen oder Anmerkungen zu unseren F\u00f6rderprogrammen wenden Sie sich bitte auch an unseren F\u00f6rderbeauftragten. Wir haben au\u00dferdem einen Leitfaden erstellt, der Bewerberinnen und Bewerbern hilft, die Formulare korrekt und effizient auszuf\u00fcllen. Stipendien f\u00fcr Nachwuchswissenschaftler*innen Die Ethologische Gesellschaft e.V. vergibt Finanzierungen von bis zu 500\u20ac f\u00fcr Bachelor\/Master Arbeiten und bis zu 1\u2019000\u20ac f\u00fcr Pilotprojekte von Doktorarbeiten. Ziel dieser Stipendien ist die Unterst\u00fctzung von Bachelor\/Master Arbeiten und Pilotstudien f\u00fcr Doktorarbeiten. Bewerbungsfrist ist der 31. M\u00e4rz jeden Jahres. Bewerbungen m\u00fcssen per E-Mail an unseren F\u00f6rderbeauftragten geschickt werden. Es wird geraten die jeweiligen bereitgestellten Formulare zu nutzen (Bacherlor\/Master, PhD). Jede Bewerbung, die vollst\u00e4ndig und fristgerecht eingereicht wurde, wird von Mitgliedern des erweiterten Vorstands begutachtet. Der Eingang der Bewerbung wird per E-Mail best\u00e4tigt. Hauptkriterien der Bewertung stellen die wissenschaftliche Qualit\u00e4t des Projekts, Exzellenz des Bewerbers und der erwartete Nutzen der finanziellen F\u00f6rderung f\u00fcr das Projekt dar. Bewerben k\u00f6nnen sich ausschlie\u00dflich Mitglieder der Gesellschaft (f\u00fcr Doktorarbeiten: Mitgliedschaft seit mindestens einem Jahr erforderlich; f\u00fcr Bachelor\/Master Arbeiten: Mitgliedschaft zum Zeitpunkt der Bewerbung erforderlich). Bewerber m\u00fcssen aktiv an allen Phasen des Projektes beteiligt sein. Die Bewerbung sollten folgende Angaben enthalten: Name, Adresse und Institut Projekt Titel, Zusammenfassung, Hintergrundinformationen, wissenschaftliche Fragestellung mit Erwartungen und Hypothesen, Methoden und Zeitplan Kostenaufstellung, andere Finanzierungsm\u00f6glichkeiten (eigene und\/oder externe) die f\u00fcr das Projekt zur Verf\u00fcgung stehen Stellungnahme zur Mitgliedschaft in der Ethologischen Gesellschaft und Best\u00e4tigung der aktiven Beteiligung an allen Phasen des Projekts Erfolgreiche Bewerber bekommen ihre Stipendien entsprechend der Buchhaltungs- und Ausgaberegeln der Ethologischen Gesellschaft e.V. ausgezahlt. Die Ergebnisse der gef\u00f6rderten Projekte sollten zusammengefasst als Forschungsbericht in den EthoNews ver\u00f6ffentlicht werden. Weiterhin sind erfolgreiche Bewerber angehalten, ihre Projekte bei der Jahrestagung der Ethologischen Gesellschaft e.V. vorzustellen. Publikationen und Pr\u00e4sentationen von Projekten, die durch die Ethologische Gesellschaft finanziell unterst\u00fctzt wurden, sollten entsprechende Verweise beinhalten. Forschungsmittel Die Ethologische Gesellschaft e.V. vergibt Finanzierungen bis zu 2\u2019000\u20ac pro Forschungsprojekt. Die Gelder k\u00f6nnen Material-, Reise- und Unterkunftskosten decken (nur f\u00fcr Bewerber*in). Ziel dieser Finanzierungen ist die Unterst\u00fctzung von: besonders vielversprechenden Pilotstudien oder Untersuchungen im Anfangsstadium, welche normalerweise nicht f\u00fcr Finanzierungen durch andere Organisationen oder wissenschaftlichen Einrichtungen in Frage kommen. kleinen oder zus\u00e4tzlichen Projekten, die trotz ihrer Wichtigkeit aufgrund ihres geringen Umfangs nicht f\u00fcr finanzielle F\u00f6rderungen ber\u00fccksichtigt werden. Bewerbungsfrist ist der 31. Januar jeden Jahres. Bewerbungen m\u00fcssen an unseren\u00a0F\u00f6rderbeauftragten per E-Mail geschickt werden. Bewerber werden angehalten, das bereitgestellte Formular zu nutzen. Der Eingang der Bewerbung wird per E-Mail best\u00e4tigt. Jede Bewerbung, die vollst\u00e4ndig und fristgerecht eingesendet wurde, wird von Mitgliedern des erweiterten Vorstands begutachtet. Hauptkriterien der Bewertung stellen die wissenschaftliche Qualit\u00e4t des Projekts, Exzellenz des Bewerbers und der erwartete Nutzen der finanziellen F\u00f6rderung f\u00fcr das Projekt dar. Bewerben k\u00f6nnen sich ausschlie\u00dflich Mitglieder der Gesellschaft, die seit mindestens einem Jahr Mitglied sind. Au\u00dferdem m\u00fcssen Bewerber aktiv an allen Phasen des Projektes beteiligt sein. Die Bewerbungen sollten folgende Angaben enthalten: Name, Adresse und Institut Projekt Titel, Zusammenfassung, Hintergrundinformationen, wissenschaftliche Fragestellung mit Erwartungen und Hypothesen, Methoden und Zeitplan Kostenaufstellung, andere Finanzierungsm\u00f6glichkeiten (eigene und\/oder externe), die f\u00fcr das Projekt zur Verf\u00fcgung stehen Stellungnahme zur Mitgliedschaft in der Ethologischen Gesellschaft und Best\u00e4tigung der aktiven Beteiligung an allen Phasen des Projekts Erfolgreiche Bewerber bekommen ihre Stipendien entsprechend der Buchhaltungs- und Ausgaberegeln der Ethologischen Gesellschaft e.V. ausgezahlt. Die Ergebnisse der gef\u00f6rderten Projekte sollten zusammengefasst als Forschungsbericht in den EthoNews ver\u00f6ffentlicht werden. Weiterhin sind erfolgreiche Bewerber angehalten, ihre Projekte bei der Jahrestagung der Ethologischen Gesellschaft e.V. vorzustellen. Publikationen und Pr\u00e4sentationen von Projekten, die durch die Ethologische Gesellschaft finanziell unterst\u00fctzt wurden, sollten entsprechende Verweise beinhalten. Ethology Grant Ethology, die von Wiley ver\u00f6ffentlichte Fachzeitschrift unserer Gesellschaft, stellt j\u00e4hrlich einen Forschungsfonds von bis zu 5.000 \u20ac zur Verf\u00fcgung. Die Mittel k\u00f6nnen sowohl Materialkosten als auch Reise- und Aufenthaltskosten (ausschlie\u00dflich f\u00fcr die Antragstellerin\/den Antragsteller) abdecken. Ziel dieser F\u00f6rderung ist die Unterst\u00fctzung von: unabh\u00e4ngigen oder eigenst\u00e4ndigen Forschungsprojekten, die eine gezielte Finanzierung erfordern. Bewerbungsfrist ist der 31. August jeden Jahres. Bewerbungen m\u00fcssen an unseren\u00a0F\u00f6rderbeauftragten per E-Mail geschickt werden. Bewerber werden angehalten, das bereitgestellte Formular zu nutzen. Der Eingang der Bewerbung wird per E-Mail best\u00e4tigt. Jede Bewerbung, die vollst\u00e4ndig und fristgerecht eingesendet wurde, wird von Mitgliedern des erweiterten Vorstands begutachtet. Hauptkriterien der Bewertung stellen die wissenschaftliche Qualit\u00e4t des Projekts, Exzellenz des Bewerbers und der erwartete Nutzen der finanziellen F\u00f6rderung f\u00fcr das Projekt dar. Bewerben k\u00f6nnen sich ausschlie\u00dflich Mitglieder der Gesellschaft, die seit mindestens einem Jahr Mitglied sind. Au\u00dferdem m\u00fcssen Bewerber aktiv an allen Phasen des Projektes beteiligt sein. Die Bewerbungen sollten folgende Angaben enthalten: Name, Adresse und Institut Projekt Titel, Zusammenfassung, Hintergrundinformationen, wissenschaftliche Fragestellung mit Erwartungen und Hypothesen, Methoden und Zeitplan Kostenaufstellung, andere Finanzierungsm\u00f6glichkeiten (eigene und\/oder externe), die f\u00fcr das Projekt zur Verf\u00fcgung stehen Stellungnahme zur Mitgliedschaft in der Ethologischen Gesellschaft und Best\u00e4tigung der aktiven Beteiligung an allen Phasen des Projekts Erfolgreiche Bewerber bekommen ihre Stipendien entsprechend der Buchhaltungs- und Ausgaberegeln der Ethologischen Gesellschaft e.V. ausgezahlt. Die Ergebnisse der gef\u00f6rderten Projekte sollten zusammengefasst als Forschungsbericht in den EthoNews ver\u00f6ffentlicht werden. Weiterhin sind erfolgreiche Bewerber angehalten, ihre Projekte bei der Jahrestagung der Ethologischen Gesellschaft e.V. vorzustellen. Publikationen und Pr\u00e4sentationen von Projekten, die durch die Ethologische Gesellschaft finanziell unterst\u00fctzt wurden, sollten entsprechende Verweise beinhalten. Konferenzen und Treffen Organisatoren der Jahrestagung der Ethologischen Gesellschaft e.V. k\u00f6nnen bis zu 1\u2019000\u20ac beantragen; f\u00fcr das j\u00e4hrliche Graduierten Treffen, das in Kooperation mit der Abteilung Verhaltensbiologie der DZG organisiert wird, k\u00f6nnen bis zu 500\u20ac beantragt werden. Au\u00dferdem unterst\u00fctzt die Ethologische Gesellschaft die European Conference on Behavioural Biology (ECBB) mit bis zu 1\u2019000\u20ac. Die Finanzierungen k\u00f6nnen frei im Sinne der Ziele der Gesellschaft genutzt werden (d.h. Unterst\u00fctzung der Verhaltensbiologie in Forschung und Lehre), wie zum Beispiel zur Organisation des Treffens. F\u00fcr die Bewerbungen gelten keine Bewerbungsfristen und es werden keine speziellen Formulare ben\u00f6tigt. Bewerbungen m\u00fcssen an\u00a0 unseren F\u00f6rderbeauftragten per E-Mail geschickt werden. Der Eingang der Bewerbung wird per E-Mail best\u00e4tigt. Jede Bewerbung wird von mindestens einem Mitglied des Vorstands begutachtet. Die Stipendien werden entsprechend der Buchhaltungs- und Ausgaberegeln der Ethologischen Gesellschaft e.V. ausgezahlt und k\u00f6nnen f\u00fcr gew\u00f6hnlich auf Anfrage im Voraus ausgezahlt werden. Bitte kontaktieren Sie unsere Schatzmeisterin f\u00fcr weitere Details. Alle gef\u00f6rderten Treffen k\u00f6nnen von den Mitgliedern unserer Gesellschaft besucht werden und werden \u00fcber EthoNews und diese Website angek\u00fcndigt. Reisestipendien Mitglieder der Ethologischen Gesellschaft e.V. k\u00f6nnen sich f\u00fcr Reisezusch\u00fcsse bewerben, um aktiv (Poster oder Vortrag) an der European Conference on Behavioural Biology (max. 600\u20ac) oder an der Jahrestagung der Ethologischen Gesellschaft e.V. (max. 350\u20ac) teilnehmen zu k\u00f6nnen. Um unseren individuellen und kollektiven CO2-Fu\u00dfabdruck zu verringern, ermutigen wir Antragsteller umweltfreundliche Transportmittel in Betracht zu ziehen. Beachten Sie, dass die Gesellschaft keine Fl\u00fcge innerhalb der EU f\u00fcr Entfernungen von weniger als 1&#8217;000 km finanziert. Die Bewerbungsfristen entsprechen den Bewerbungsfristen f\u00fcr Beitr\u00e4ge bei den jeweiligen Treffen. Bewerbungen k\u00f6nnen jederzeit per E-Mail an unseren F\u00f6rderbeauftragten geschickt werden. Bewerber werden gebeten das Formular zu benutzen. Der Eingang der Bewerbung wird per E-Mail best\u00e4tigt. Jede Bewerbung wird von mindestens einem Mitglied des erweiterten Vorstands begutachtet. Bewerber m\u00fcssen Mitglieder unserer Gesellschaft sein (Langzeit-Mitglieder und solche, die zuvor noch keine Reisestipendien erhalten haben, werden bevorzugt). Erfolgreiche Bewerber bekommen ihre Stipendien entsprechend der Buchhaltungs- und Ausgaberegeln der Ethologischen Gesellschaft e.V. ausgezahlt.<\/p>\n","protected":false},"author":1,"featured_media":0,"parent":0,"menu_order":0,"comment_status":"closed","ping_status":"closed","template":"","meta":{"footnotes":""},"class_list":["post-113","page","type-page","status-publish","hentry"],"translation":{"provider":"WPGlobus","version":"3.0.2","language":"de","enabled_languages":["en","de"],"languages":{"en":{"title":true,"content":true,"excerpt":false},"de":{"title":true,"content":true,"excerpt":false}}},"_links":{"self":[{"href":"https:\/\/www.etho-ges.de\/wordpress\/de\/wp-json\/wp\/v2\/pages\/113","targetHints":{"allow":["GET"]}}],"collection":[{"href":"https:\/\/www.etho-ges.de\/wordpress\/de\/wp-json\/wp\/v2\/pages"}],"about":[{"href":"https:\/\/www.etho-ges.de\/wordpress\/de\/wp-json\/wp\/v2\/types\/page"}],"author":[{"embeddable":true,"href":"https:\/\/www.etho-ges.de\/wordpress\/de\/wp-json\/wp\/v2\/users\/1"}],"replies":[{"embeddable":true,"href":"https:\/\/www.etho-ges.de\/wordpress\/de\/wp-json\/wp\/v2\/comments?post=113"}],"version-history":[{"count":106,"href":"https:\/\/www.etho-ges.de\/wordpress\/de\/wp-json\/wp\/v2\/pages\/113\/revisions"}],"predecessor-version":[{"id":2408,"href":"https:\/\/www.etho-ges.de\/wordpress\/de\/wp-json\/wp\/v2\/pages\/113\/revisions\/2408"}],"wp:attachment":[{"href":"https:\/\/www.etho-ges.de\/wordpress\/de\/wp-json\/wp\/v2\/media?parent=113"}],"curies":[{"name":"wp","href":"https:\/\/api.w.org\/{rel}","templated":true}]}}