{"id":127,"date":"2015-08-22T22:11:39","date_gmt":"2015-08-22T20:11:39","guid":{"rendered":"http:\/\/www.etho-ges.de\/wordpress\/?page_id=127"},"modified":"2025-02-25T12:30:08","modified_gmt":"2025-02-25T11:30:08","slug":"research-institutes","status":"publish","type":"page","link":"https:\/\/www.etho-ges.de\/wordpress\/de\/research-institutes\/","title":{"rendered":"Forschungsinstitute"},"content":{"rendered":"<p style=\"text-align: justify;\"><a href=\"https:\/\/www.etho-ges.de\/wordpress\/wp-content\/uploads\/2021\/08\/institutes.jpg\"><img loading=\"lazy\" decoding=\"async\" class=\"wp-image-1027 aligncenter\" src=\"https:\/\/www.etho-ges.de\/wordpress\/wp-content\/uploads\/2021\/08\/institutes.jpg\" alt=\"Forschungsinstitute Seite \u2013 Bild einer jungen Griechischen Landschildkr\u00f6te\" width=\"540\" height=\"300\" \/><\/a><\/p>\n<hr \/>\n<p style=\"text-align: justify;\">Hier finden Sie eine Liste wissenschaftlicher Institute, die im Bereich der Verhaltensbiologie lehren und forschen. Die Liste beinhaltet nur solche Institute, die sich in Deutschland, \u00d6sterreich und der Schweiz befinden. Dabei besteht kein Anspruch auf Vollst\u00e4ndigkeit. <a href=\"http:\/\/www.gedragsbiologie.nl\/list-of-scientists-in-behavioural-biology\/\">Hier<\/a> finden Sie eine Liste \u00fcber Institute in den Niederlanden. Falls Sie ein Institut in der Liste vermissen, melden Sie sich gerne per E-Mail bei Dr. Manon Schweinfurth (ms397[at]st-andrews.ac.uk).<\/p>\n<hr \/>\n<p><strong>Albert-Ludwigs-Universit\u00e4t Freiburg, Freiburg (Deutschland)<br \/>\n<\/strong><a href=\"http:\/\/www.bio1.uni-freiburg.de\/oeko\/evo-eco\">Abteilung f\u00fcr Evolutionsbiologie und &#8211; \u00f6kologie<\/a><\/p>\n<p><strong>Deutsches Primaten Zentrum, G\u00f6ttingen (Deutschland)<br \/>\n<\/strong><a href=\"https:\/\/www.dpz.eu\/en\/unit\/cognitive-ethology\/about-us.html\">Abteilung f\u00fcr Kognitive Ethologie<\/a><br \/>\n<a href=\"https:\/\/www.dpz.eu\/en\/unit\/cognitive-neurosciences\/about-us.html\">Abteilung f\u00fcr Kognitive Neurowissenschaften<\/a><br \/>\n<a href=\"https:\/\/www.dpz.eu\/en\/unit\/sociobiology-homepage\/about-us.html\">Abteilung f\u00fcr Verhaltens\u00f6kologie und Soziobiologie<\/a><br \/>\n<a href=\"https:\/\/www.dpz.eu\/en\/unit\/social-evolution-in-primates\/about-us.html\">Forschungsgruppe: Soziale Evolution der Primaten<\/a><\/p>\n<p><strong>Forschungsinstitut f\u00fcr Nutztierbiologie (FBN), Dummerstorf (Deutschland)<br \/>\n<\/strong><a href=\"https:\/\/www.fbn-dummerstorf.de\/forschung\/abteilungen-und-gruppen\/nutztierethologie\/\">Arbeitsgruppe: Verhalten und Tierwohl<\/a><\/p>\n<p><strong>Friedrich-L\u00f6ffler-Institut, Celle (Deutschland)<br \/>\n<\/strong><a href=\"https:\/\/www.fli.de\/en\/institutes\/institute-of-animal-welfare-and-animal-husbandry-itt\/\">Institut f\u00fcr Tierschutz und Tierhaltung<\/a><\/p>\n<p><strong>Humboldt Universit\u00e4t Berlin, Berlin (Deutschland)<br \/>\n<\/strong><a href=\"https:\/\/www.bcp.fu-berlin.de\/en\/biologie\/arbeitsgruppen\/verhaltensbiologie\/index.html\">Abteilung f\u00fcr Verhaltensbiologie und Neurophysiologie<\/a><br \/>\n<a href=\"https:\/\/www.bcp.fu-berlin.de\/en\/biologie\/arbeitsgruppen\/zoologie\/index.html\">Abteilung f\u00fcr Zoologie<\/a><\/p>\n<p><strong>Johannes-Gutenberg Universit\u00e4t, Mainz (Deutschland)<br \/>\n<\/strong><a href=\"https:\/\/www.blogs.uni-mainz.de\/fb10-evolutionary-biology\/foitzik-susanne-prof-dr\/\">Abteilung f\u00fcr Verhaltens\u00f6kologie und Soziale Evolution<\/a><\/p>\n<p><strong>Justus-Liebig-Universit\u00e4t Giessen, Giessen (Deutschland)<br \/>\n<\/strong><a href=\"https:\/\/www.uni-giessen.de\/fbz\/fb08\/Inst\/tphys?set_language=de\">Abteilung f\u00fcr Tierphysiologie<\/a><br \/>\n<a href=\"https:\/\/www.uni-giessen.de\/faculties\/f10\/departments\/clinic\/animal-welfare-and-3r-centre\">Versuchstierkunde und Tierschutz, 3R Zentrum<\/a><\/p>\n<p><strong>Konrad Lorenz Forschungsstelle, Gr\u00fcnau (\u00d6sterreich)<br \/>\n<\/strong><a href=\"https:\/\/klf.univie.ac.at\/\">Zentrum f\u00fcr Verhaltens- und Kognitionsbiologie<\/a><\/p>\n<p><strong><span class=\"st\">L&#8217;Ecole polytechnique f\u00e9d\u00e9rale de Lausanne \/ EPFL, Lausanne (Schweiz)<br \/>\n<\/span><\/strong><a href=\"https:\/\/www.epfl.ch\/labs\/lnco\/\">Laboratory of Cognitive Neuroscience<\/a><\/p>\n<p><strong>Leibniz Institut f\u00fcr Zoo and Wildtierforschung, Berlin (Deutschland)<br \/>\n<\/strong><a href=\"http:\/\/www.izw-berlin.de\/welcome.html\">Abteilung f\u00fcr Evolution\u00e4re \u00d6kologie<\/a><\/p>\n<p><strong>Ludwig-Maximilians-Universit\u00e4t, M\u00fcnchen (Deutschland)<br \/>\n<\/strong><a href=\"http:\/\/www.behavioural-ecology.bio.lmu.de\/people\/professor\/dingemanse\/index.html\">Abteilung f\u00fcr Verhaltens\u00f6kologie<\/a><\/p>\n<p><strong>Martin-Luther Universit\u00e4t, Halle-Wittenberg (Deutschland)<br \/>\n<\/strong><a href=\"https:\/\/www.zoologie.uni-halle.de\/allgemeine_zoologie\/\">Abteilung f\u00fcr Allgemeine Zoologie<\/a><br \/>\n<a href=\"https:\/\/www.animal-physiol.uni-halle.de\/\">Abteilung f\u00fcr Tierphysiologie<\/a><\/p>\n<p><strong>Max Planck Institut f\u00fcr Evolution\u00e4re Anthropologie, Leipzig (Deutschland)<br \/>\n<\/strong><a href=\"https:\/\/www.eva.mpg.de\/comparative-cultural-psychology\/index.html\">Abteilung f\u00fcr Vergleichende Kulturpsychologie<\/a><\/p>\n<p><strong>Max Planck Institut f\u00fcr Evolutionsbiologie, Pl\u00f6n (Deutschland)<br \/>\n<\/strong><a href=\"https:\/\/www.evolbio.mpg.de\/biologicalclocks\">Forschungsgruppe: Biologische Uhren<\/a><\/p>\n<p><strong><span lang=\"de\">Max-Planck-Institut f\u00fcr Biologische Intelligenz, i.G., Martinsried &amp; Seewiesen (Deutschland)<\/span><\/strong><a href=\"https:\/\/www.orn.mpg.de\/2701\/Research_Group_Rattenborg\"><strong><span lang=\"de\"><br \/>\n<\/span><\/strong><\/a><a href=\"https:\/\/www.bi.mpg.de\/gahr\/de\">Abteilung f\u00fcr Verhaltensneurobiologie<\/a><br aria-hidden=\"true\" \/><a href=\"https:\/\/www.bi.mpg.de\/kempenaers\/de\">Abteilung f\u00fcr Verhaltens\u00f6kologie und Evolution\u00e4re Genetik<\/a><br aria-hidden=\"true\" \/><a href=\"https:\/\/www.bi.mpg.de\/goerlitz\/de\">Forschungsgruppe: Akustische und Funktionelle \u00d6kologie<\/a><br \/>\n<span lang=\"de\"><a href=\"https:\/\/www.bi.mpg.de\/hau\/de\">Forschungsgruppe: Evolution\u00e4re Physiologie<\/a><br aria-hidden=\"true\" \/><a href=\"https:\/\/www.bi.mpg.de\/baldwin\/de\">Forschungsgruppe: Evolution Sensorischer Systeme<\/a><br aria-hidden=\"true\" \/><a href=\"https:\/\/www.bi.mpg.de\/brumm\/de\">Forschungsgruppe: Kommunikation und Stadt\u00f6kologie<\/a><\/span><span lang=\"de\"><br aria-hidden=\"true\" \/><a href=\"https:\/\/www.bi.mpg.de\/vallentin\/de\">Forschungsgruppe: Neuronale Grundlagen vokaler Kommunikation<\/a><br \/>\n<a href=\"https:\/\/www.bi.mpg.de\/1514751\/Oekophysiologie-von-Life-histories\">Forschungsgruppe: \u00d6kophysiologie von &#8222;Life histories&#8220; (Lebensgeschichten) <\/a><\/span><br \/>\n<span lang=\"de\"><a href=\"https:\/\/www.bi.mpg.de\/von-bayern\/de\">Forschungsgruppe: Vergleichende Kognitionsbiologie<\/a><br aria-hidden=\"true\" \/><a href=\"https:\/\/www.bi.mpg.de\/kuepper\/de\">Forschungsgruppe: Verhaltensgenetik und Evolution\u00e4re \u00d6kologie<\/a><br aria-hidden=\"true\" \/><a href=\"https:\/\/www.bi.mpg.de\/rattenborg\/de\">Forschungsgruppe: Vogelschlaf<\/a><\/span><\/p>\n<p><strong>Max Planck Institute f\u00fcr Verhaltensbiologie, Konstanz (Deutschland)<br \/>\n<\/strong><a href=\"https:\/\/www.ab.mpg.de\/couzin\">Abteilung f\u00fcr Kollektivverhalten<\/a><br \/>\n<a href=\"https:\/\/www.ab.mpg.de\/crofoot\">Abteilung f\u00fcr \u00d6kologie der Tiergesellschaften<\/a><br \/>\n<a href=\"https:\/\/www.ab.mpg.de\/wikelski\">Abteilung f\u00fcr Tierwanderungen<\/a><br \/>\n<a href=\"https:\/\/www.ab.mpg.de\/aplin\">Forschungsgruppe: Kognitive and Kulturelle \u00d6kologie<\/a><\/p>\n<p><strong>Stiftung Tier\u00e4rztliche Hochschule Hannover, Hannover (Deutschland)<br \/>\n<\/strong><a href=\"https:\/\/www.tiho-hannover.de\/kliniken-institute\/institute\/institut-fuer-tierhygiene-tierschutz-und-nutztierethologie-ittn\">Institut f\u00fcr Tierhygiene, Tierschutz und Nutztierethologie<\/a><br \/>\n<a href=\"https:\/\/www.tiho-hannover.de\/en\/clinics-institutes\/institutes\/institute-of-zoology\">Institut f\u00fcr Zoologie<\/a><\/p>\n<p style=\"text-align: justify;\"><strong>Universit\u00e4t Basel, Basel (Schweiz)<br \/>\n<\/strong><a href=\"http:\/\/evolution.unibas.ch\/\">Abteilung f\u00fcr Evolutionsbiologie<\/a><\/p>\n<p style=\"text-align: justify;\"><strong>Universit\u00e4t Bern, Bern (Schweiz)<br \/>\n<\/strong><a href=\"https:\/\/www.behav.iee.unibe.ch\/index_eng.html\">Abteilung f\u00fcr Verhaltens\u00f6kologie<\/a><\/p>\n<p style=\"text-align: justify;\"><strong>Universit\u00e4t Bern, VetSuisse, Bern (Schweiz)<br \/>\n<\/strong><a href=\"https:\/\/www.tierschutz.vetsuisse.unibe.ch\/index_eng.html\">Abteilung f\u00fcr Tierschutz<\/a><\/p>\n<p style=\"text-align: justify;\"><strong>Universit\u00e4t Bielefeld, Bielefeld (Deutschland)<br \/>\n<\/strong><a href=\"https:\/\/www.uni-bielefeld.de\/fakultaeten\/biologie\/forschung\/arbeitsgruppen\/behaviour\/\">Abteilung f\u00fcr Verhaltensbiologie<\/a><br \/>\n<a href=\"https:\/\/www.uni-bielefeld.de\/fakultaeten\/biologie\/forschung\/arbeitsgruppen\/behav_eco\/\">Abteilung f\u00fcr Verhaltens\u00f6kologie<\/a><\/p>\n<p><strong>Universit\u00e4t Bonn, Bonn (Deutschland)<\/strong><br \/>\n<a href=\"https:\/\/www.biologie.uni-bonn.de\/biob\/de\/biob\/biob-ii\"><span class=\"\">Institut f\u00fcr <\/span>Biodiversit\u00e4t der Tiere<\/a><\/p>\n<p><strong>Universit\u00e4t f\u00fcr Bodenkunde, Wien (\u00d6sterreich)<br \/>\n<\/strong><a href=\"https:\/\/boku.ac.at\/nas\/nuwi\">Institut f\u00fcr Nutztierwissenschaften<\/a><\/p>\n<p><strong>Universit\u00e4t Graz, Graz (\u00d6sterreich)<br \/>\n<\/strong><a href=\"https:\/\/zoologie.uni-graz.at\/de\/\">Institut f\u00fcr Zoologie<\/a><\/p>\n<p style=\"text-align: justify;\"><strong>Universit\u00e4t Greifswald, Greifswald (Deutschland)<br \/>\n<\/strong><a href=\"https:\/\/zoologie.uni-greifswald.de\/struktur\/abteilungen\/allgemeine-und-systematische-zoologie\/personal\/prof-dr-gabriele-uhl\/\">Institut f\u00fcr Zoologie<\/a><\/p>\n<p style=\"text-align: justify;\"><strong>Universit\u00e4t Hamburg, Hamburg (Deutschland)<br \/>\n<\/strong><a href=\"https:\/\/www.biologie.uni-hamburg.de\/en\/forschung\/evolutionsbiologie\/verhbio\/mitarbeiter\/schneider-jutta.html\">Abteilung f\u00fcr Verhaltensbiologie<\/a><\/p>\n<p><strong>Universit\u00e4t Hildesheim, Hildesheim (Deutschland)<br \/>\n<\/strong><a href=\"https:\/\/www.uni-hildesheim.de\/fb4\/institute\/biologie\/abteilung-biologie\/arbeitsgruppen-research-groups\/zoologie-tieroekologie-zoology-animal-ecology\/\">Abteilung f\u00fcr Zoologie &amp; Tier\u00f6kologie<\/a><\/p>\n<p><strong>Universit\u00e4t Innsbruck, Innsbruck (\u00d6sterreich)<br \/>\n<\/strong><a href=\"https:\/\/www.uibk.ac.at\/zoology\/\">Institut f\u00fcr Zoologie<\/a><\/p>\n<p style=\"text-align: justify;\"><strong>Universit\u00e4t M\u00fcnster, M\u00fcnster (Deutschland)<br \/>\n<\/strong><a href=\"https:\/\/www.uni-muenster.de\/Biologie.NeuroVer\/Verhaltensbiologie\/en\/index.html\">Abteilung f\u00fcr Verhaltensbiologie<\/a><\/p>\n<p style=\"text-align: justify;\"><strong>Universit\u00e4t Oldenburg, Oldenburg (Deutschland)<br \/>\n<\/strong><a href=\"https:\/\/uol.de\/en\/animalbiodiversity\">Abteilung f\u00fcr Biodiversit\u00e4t und Evolution der Tiere<\/a><\/p>\n<p style=\"text-align: justify;\"><strong>Universit\u00e4t Osnabr\u00fcck, Osnabr\u00fcck (Deutschland)<br \/>\n<\/strong><a href=\"https:\/\/www.verhaltensbiologie.uni-osnabrueck.de\/?q=en\">Abteilung f\u00fcr Verhaltensbiologie<\/a><br \/>\n<a href=\"https:\/\/www.comparative-biocognition.de\/\">Institut f\u00fcr Kognitionswissenschaft<\/a><\/p>\n<p style=\"text-align: justify;\"><strong>Universit\u00e4t Potsdam, Potsdam (Deutschland)<br \/>\n<\/strong><a href=\"https:\/\/www.uni-potsdam.de\/de\/ibb-tieroekologie\/research\">Abteilung f\u00fcr Tier\u00f6kologie<\/a><\/p>\n<p style=\"text-align: justify;\"><strong>Universit\u00e4t Regensburg, Regensburg (Deutschland)<br \/>\n<\/strong><a href=\"https:\/\/www.uni-regensburg.de\/biologie-vorklinische-medizin\/evolutionsbiologie\/team\/prof-dr-juergen-heinze\/curriculum-vitae\/index.html\">Abteilung f\u00fcr Evolutionsbiologie<\/a><\/p>\n<p style=\"text-align: justify;\"><strong>Universit\u00e4t Siegen, Siegen (Deutschland)<br \/>\n<\/strong><a href=\"https:\/\/www.chemie-biologie.uni-siegen.de\/biologie\/fachgruppen\/oekologie\/witte\/?lang=de\">Abteilung f\u00fcr \u00d6kologie und Verhaltensbiologie<\/a><\/p>\n<p style=\"text-align: justify;\"><strong>Universit\u00e4t T\u00fcbingen, T\u00fcbingen (Deutschland)<br \/>\n<\/strong><a href=\"https:\/\/uni-tuebingen.de\/fakultaeten\/mathematisch-naturwissenschaftliche-fakultaet\/fachbereiche\/biologie\/institute\/evolution-und-oekologie\/\">Institut f\u00fcr Evolution und \u00d6kologie<\/a><\/p>\n<p style=\"text-align: justify;\"><strong>Universit\u00e4t Z\u00fcrich-Irchel, Z\u00fcrich (Schweiz)<br \/>\n<\/strong><a href=\"https:\/\/www.ieu.uzh.ch\/en\/research\/evolbiol.html\">Abteilung f\u00fcr Evolutionsbiologie<\/a><br \/>\n<a href=\"https:\/\/www.ieu.uzh.ch\/en\/research\/ecology.html\">Abteilung f\u00fcr \u00d6kologie und Umweltwissenschaften<\/a><br \/>\n<a href=\"https:\/\/www.ieu.uzh.ch\/en\/research.html\">Abteilung f\u00fcr Verhaltensbiologie<\/a><\/p>\n<p><strong>University of Lausanne, Lausanne (Schweiz)<br \/>\n<\/strong><a href=\"https:\/\/www.unil.ch\/dee\/home.html\">Department of Ecology and Evolution<\/a><\/p>\n<p><strong>University of Neuch\u00e2tel, Neuch\u00e2tel (Schweiz)<br \/>\n<\/strong><a href=\"https:\/\/www.unine.ch\/biologie\/en\/presentation\/\">Institute for Biology<\/a><\/p>\n<p><strong>Veterin\u00e4rmedizinische Universit\u00e4t Wien, Wien (\u00d6sterreich)<br \/>\n<\/strong><a href=\"https:\/\/becogbio.univie.ac.at\/\">Abteilung f\u00fcr Verhaltens- und Kognitionsbiologie<\/a><br \/>\n<a href=\"https:\/\/www.vetmeduni.ac.at\/en\/animal-welfare-science\/\">Institut f\u00fcr Tierschutzwissenschaften und Tierhaltung<\/a><br \/>\n<a href=\"https:\/\/www.vetmeduni.ac.at\/en\/konrad-lorenz-institute-of-ethology\/\">Konrad Lorenz Institut f\u00fcr Vergleichende Verhaltensforschung<\/a><br \/>\n<a href=\"https:\/\/www.vetmeduni.ac.at\/en\/messerli\">Messerli Forschungsinstitut<\/a><\/p>\n<hr \/>\n","protected":false},"excerpt":{"rendered":"<p>Hier finden Sie eine Liste wissenschaftlicher Institute, die im Bereich der Verhaltensbiologie lehren und forschen. Die Liste beinhaltet nur solche Institute, die sich in Deutschland, \u00d6sterreich und der Schweiz befinden. Dabei besteht kein Anspruch auf Vollst\u00e4ndigkeit. Hier finden Sie eine Liste \u00fcber Institute in den Niederlanden. Falls Sie ein Institut in der Liste vermissen, melden Sie sich gerne per E-Mail bei Dr. Manon Schweinfurth (ms397[at]st-andrews.ac.uk). Albert-Ludwigs-Universit\u00e4t Freiburg, Freiburg (Deutschland) Abteilung f\u00fcr Evolutionsbiologie und &#8211; \u00f6kologie Deutsches Primaten Zentrum, G\u00f6ttingen (Deutschland) Abteilung f\u00fcr Kognitive Ethologie Abteilung f\u00fcr Kognitive Neurowissenschaften Abteilung f\u00fcr Verhaltens\u00f6kologie und Soziobiologie Forschungsgruppe: Soziale Evolution der Primaten Forschungsinstitut f\u00fcr Nutztierbiologie (FBN), Dummerstorf (Deutschland) Arbeitsgruppe: Verhalten und Tierwohl Friedrich-L\u00f6ffler-Institut, Celle (Deutschland) Institut f\u00fcr Tierschutz und Tierhaltung Humboldt Universit\u00e4t Berlin, Berlin (Deutschland) Abteilung f\u00fcr Verhaltensbiologie und Neurophysiologie Abteilung f\u00fcr Zoologie Johannes-Gutenberg Universit\u00e4t, Mainz (Deutschland) Abteilung f\u00fcr Verhaltens\u00f6kologie und Soziale Evolution Justus-Liebig-Universit\u00e4t Giessen, Giessen (Deutschland) Abteilung f\u00fcr Tierphysiologie Versuchstierkunde und Tierschutz, 3R Zentrum Konrad Lorenz Forschungsstelle, Gr\u00fcnau (\u00d6sterreich) Zentrum f\u00fcr Verhaltens- und Kognitionsbiologie L&#8217;Ecole polytechnique f\u00e9d\u00e9rale de Lausanne \/ EPFL, Lausanne (Schweiz) Laboratory of Cognitive Neuroscience Leibniz Institut f\u00fcr Zoo and Wildtierforschung, Berlin (Deutschland) Abteilung f\u00fcr Evolution\u00e4re \u00d6kologie Ludwig-Maximilians-Universit\u00e4t, M\u00fcnchen (Deutschland) Abteilung f\u00fcr Verhaltens\u00f6kologie Martin-Luther Universit\u00e4t, Halle-Wittenberg (Deutschland) Abteilung f\u00fcr Allgemeine Zoologie Abteilung f\u00fcr Tierphysiologie Max Planck Institut f\u00fcr Evolution\u00e4re Anthropologie, Leipzig (Deutschland) Abteilung f\u00fcr Vergleichende Kulturpsychologie Max Planck Institut f\u00fcr Evolutionsbiologie, Pl\u00f6n (Deutschland) Forschungsgruppe: Biologische Uhren Max-Planck-Institut f\u00fcr Biologische Intelligenz, i.G., Martinsried &amp; Seewiesen (Deutschland) Abteilung f\u00fcr VerhaltensneurobiologieAbteilung f\u00fcr Verhaltens\u00f6kologie und Evolution\u00e4re GenetikForschungsgruppe: Akustische und Funktionelle \u00d6kologie Forschungsgruppe: Evolution\u00e4re PhysiologieForschungsgruppe: Evolution Sensorischer SystemeForschungsgruppe: Kommunikation und Stadt\u00f6kologieForschungsgruppe: Neuronale Grundlagen vokaler Kommunikation Forschungsgruppe: \u00d6kophysiologie von &#8222;Life histories&#8220; (Lebensgeschichten) Forschungsgruppe: Vergleichende KognitionsbiologieForschungsgruppe: Verhaltensgenetik und Evolution\u00e4re \u00d6kologieForschungsgruppe: Vogelschlaf Max Planck Institute f\u00fcr Verhaltensbiologie, Konstanz (Deutschland) Abteilung f\u00fcr Kollektivverhalten Abteilung f\u00fcr \u00d6kologie der Tiergesellschaften Abteilung f\u00fcr Tierwanderungen Forschungsgruppe: Kognitive and Kulturelle \u00d6kologie Stiftung Tier\u00e4rztliche Hochschule Hannover, Hannover (Deutschland) Institut f\u00fcr Tierhygiene, Tierschutz und Nutztierethologie Institut f\u00fcr Zoologie Universit\u00e4t Basel, Basel (Schweiz) Abteilung f\u00fcr Evolutionsbiologie Universit\u00e4t Bern, Bern (Schweiz) Abteilung f\u00fcr Verhaltens\u00f6kologie Universit\u00e4t Bern, VetSuisse, Bern (Schweiz) Abteilung f\u00fcr Tierschutz Universit\u00e4t Bielefeld, Bielefeld (Deutschland) Abteilung f\u00fcr Verhaltensbiologie Abteilung f\u00fcr Verhaltens\u00f6kologie Universit\u00e4t Bonn, Bonn (Deutschland) Institut f\u00fcr Biodiversit\u00e4t der Tiere Universit\u00e4t f\u00fcr Bodenkunde, Wien (\u00d6sterreich) Institut f\u00fcr Nutztierwissenschaften Universit\u00e4t Graz, Graz (\u00d6sterreich) Institut f\u00fcr Zoologie Universit\u00e4t Greifswald, Greifswald (Deutschland) Institut f\u00fcr Zoologie Universit\u00e4t Hamburg, Hamburg (Deutschland) Abteilung f\u00fcr Verhaltensbiologie Universit\u00e4t Hildesheim, Hildesheim (Deutschland) Abteilung f\u00fcr Zoologie &amp; Tier\u00f6kologie Universit\u00e4t Innsbruck, Innsbruck (\u00d6sterreich) Institut f\u00fcr Zoologie Universit\u00e4t M\u00fcnster, M\u00fcnster (Deutschland) Abteilung f\u00fcr Verhaltensbiologie Universit\u00e4t Oldenburg, Oldenburg (Deutschland) Abteilung f\u00fcr Biodiversit\u00e4t und Evolution der Tiere Universit\u00e4t Osnabr\u00fcck, Osnabr\u00fcck (Deutschland) Abteilung f\u00fcr Verhaltensbiologie Institut f\u00fcr Kognitionswissenschaft Universit\u00e4t Potsdam, Potsdam (Deutschland) Abteilung f\u00fcr Tier\u00f6kologie Universit\u00e4t Regensburg, Regensburg (Deutschland) Abteilung f\u00fcr Evolutionsbiologie Universit\u00e4t Siegen, Siegen (Deutschland) Abteilung f\u00fcr \u00d6kologie und Verhaltensbiologie Universit\u00e4t T\u00fcbingen, T\u00fcbingen (Deutschland) Institut f\u00fcr Evolution und \u00d6kologie Universit\u00e4t Z\u00fcrich-Irchel, Z\u00fcrich (Schweiz) Abteilung f\u00fcr Evolutionsbiologie Abteilung f\u00fcr \u00d6kologie und Umweltwissenschaften Abteilung f\u00fcr Verhaltensbiologie University of Lausanne, Lausanne (Schweiz) Department of Ecology and Evolution University of Neuch\u00e2tel, Neuch\u00e2tel (Schweiz) Institute for Biology Veterin\u00e4rmedizinische Universit\u00e4t Wien, Wien (\u00d6sterreich) Abteilung f\u00fcr Verhaltens- und Kognitionsbiologie Institut f\u00fcr Tierschutzwissenschaften und Tierhaltung Konrad Lorenz Institut f\u00fcr Vergleichende Verhaltensforschung Messerli Forschungsinstitut<\/p>\n","protected":false},"author":1,"featured_media":0,"parent":0,"menu_order":0,"comment_status":"closed","ping_status":"closed","template":"","meta":{"footnotes":""},"class_list":["post-127","page","type-page","status-publish","hentry"],"translation":{"provider":"WPGlobus","version":"3.0.2","language":"de","enabled_languages":["en","de"],"languages":{"en":{"title":true,"content":true,"excerpt":false},"de":{"title":true,"content":true,"excerpt":false}}},"_links":{"self":[{"href":"https:\/\/www.etho-ges.de\/wordpress\/de\/wp-json\/wp\/v2\/pages\/127","targetHints":{"allow":["GET"]}}],"collection":[{"href":"https:\/\/www.etho-ges.de\/wordpress\/de\/wp-json\/wp\/v2\/pages"}],"about":[{"href":"https:\/\/www.etho-ges.de\/wordpress\/de\/wp-json\/wp\/v2\/types\/page"}],"author":[{"embeddable":true,"href":"https:\/\/www.etho-ges.de\/wordpress\/de\/wp-json\/wp\/v2\/users\/1"}],"replies":[{"embeddable":true,"href":"https:\/\/www.etho-ges.de\/wordpress\/de\/wp-json\/wp\/v2\/comments?post=127"}],"version-history":[{"count":114,"href":"https:\/\/www.etho-ges.de\/wordpress\/de\/wp-json\/wp\/v2\/pages\/127\/revisions"}],"predecessor-version":[{"id":2257,"href":"https:\/\/www.etho-ges.de\/wordpress\/de\/wp-json\/wp\/v2\/pages\/127\/revisions\/2257"}],"wp:attachment":[{"href":"https:\/\/www.etho-ges.de\/wordpress\/de\/wp-json\/wp\/v2\/media?parent=127"}],"curies":[{"name":"wp","href":"https:\/\/api.w.org\/{rel}","templated":true}]}}