{"id":146,"date":"2015-08-22T23:07:49","date_gmt":"2015-08-22T21:07:49","guid":{"rendered":"http:\/\/www.etho-ges.de\/wordpress\/?page_id=146"},"modified":"2026-03-17T12:37:32","modified_gmt":"2026-03-17T11:37:32","slug":"ethology","status":"publish","type":"page","link":"https:\/\/www.etho-ges.de\/wordpress\/de\/ethology\/","title":{"rendered":"Ethology"},"content":{"rendered":"<p><a href=\"https:\/\/www.etho-ges.de\/wordpress\/wp-content\/uploads\/2026\/03\/eth70061-toc-0001-m.jpg\"><img loading=\"lazy\" decoding=\"async\" class=\"aligncenter size-full wp-image-2413\" src=\"https:\/\/www.etho-ges.de\/wordpress\/wp-content\/uploads\/2026\/03\/eth70061-toc-0001-m.jpg\" alt=\"golden mantella sitting on leave\" width=\"317\" height=\"420\" \/><\/a><strong>\u00a0<\/strong><\/p>\n<hr \/>\n<p style=\"text-align: left;\"><strong>Das Journal der Ethologischen Gesellschaft ist <a href=\"https:\/\/onlinelibrary.wiley.com\/journal\/14390310\"><em>Ethology<\/em><\/a> \u2013 International Journal of Behavioural Biology<br \/>\n<\/strong>Gegr\u00fcndet 1937 und eine der ersten Fachzeitschriften f\u00fcr Verhaltensbiologie<\/p>\n<ul>\n<li style=\"text-align: left;\">Herausgeber: <a href=\"https:\/\/www.bi.mpg.de\/mitarbeitende\/115665\">Prof. Wolfgang Goymann<\/a><\/li>\n<li style=\"text-align: left;\">Als Teil unserer engen Verbindung stiftet Wiley seit Jahren den <a href=\"https:\/\/www.etho-ges.de\/wordpress\/awards\/recipients-of-the-tinbergen-award\/\">Tinbergen Preis<\/a> der Ethologischen Gesellschaft<\/li>\n<li style=\"text-align: left;\"><span lang=\"de\">Ver\u00f6ffentlichung f\u00fchrender <\/span>Artikel in allen Bereichen <span lang=\"de\">des Verhaltens von Tieren und Menschen<\/span><\/li>\n<li style=\"text-align: left;\">Artikeltypen neben regul\u00e4ren Artikeln: Perspectives &amp; Reviews, Species-in-the-Spotlight, Behavioural Notes, Commentaries und Methods Articles<\/li>\n<li style=\"text-align: left;\">Besondere Unterst\u00fctzung und R\u00fcckmeldung der Editoren f\u00fcr Nachwuchswissenschaftler<\/li>\n<li style=\"text-align: left;\">Schnelle <span lang=\"de\">Entscheidungszeiten<\/span>: im Schnitt dauert es nur <strong>35 Tage <\/strong> vom Einreichen zur ersten Entscheidung<\/li>\n<li style=\"text-align: left;\"><span lang=\"de\">Das erste Journal f\u00fcr Verhaltensbiologie, das das STRANGE-Framework \u00fcbernommen hat, um Stichprobenverzerrungen zu ber\u00fccksichtigen<\/span><\/li>\n<li style=\"text-align: left;\">Open Access f\u00fcr Einreichungen aus Deutschland, den Niederlanden, Norwegen, \u00d6sterreich und Ungarn, sowie weiterer L\u00e4nder<\/li>\n<li style=\"text-align: left;\">Ohne Zweifel das Journal mit den besten Titelbildern, denn eine Ausgabe k\u00f6nnte Ihre Versuchstierart zeigen<\/li>\n<li><span class=\"HwtZe\" lang=\"de\"><span class=\"jCAhz JxVs2d ChMk0b\"><span class=\"ryNqvb\">Zitationsauswirkung<\/span><\/span><\/span>\u00a0(2024): CiteScore (Scopus) 3; Journal Citation Indicator (Clarivate) 0.55; Journal Impact Factor (Calrivate) 1.4<\/li>\n<\/ul>\n<hr \/>\n","protected":false},"excerpt":{"rendered":"<p>\u00a0 Das Journal der Ethologischen Gesellschaft ist Ethology \u2013 International Journal of Behavioural Biology Gegr\u00fcndet 1937 und eine der ersten Fachzeitschriften f\u00fcr Verhaltensbiologie Herausgeber: Prof. Wolfgang Goymann Als Teil unserer engen Verbindung stiftet Wiley seit Jahren den Tinbergen Preis der Ethologischen Gesellschaft Ver\u00f6ffentlichung f\u00fchrender Artikel in allen Bereichen des Verhaltens von Tieren und Menschen Artikeltypen neben regul\u00e4ren Artikeln: Perspectives &amp; Reviews, Species-in-the-Spotlight, Behavioural Notes, Commentaries und Methods Articles Besondere Unterst\u00fctzung und R\u00fcckmeldung der Editoren f\u00fcr Nachwuchswissenschaftler Schnelle Entscheidungszeiten: im Schnitt dauert es nur 35 Tage vom Einreichen zur ersten Entscheidung Das erste Journal f\u00fcr Verhaltensbiologie, das das STRANGE-Framework \u00fcbernommen hat, um Stichprobenverzerrungen zu ber\u00fccksichtigen Open Access f\u00fcr Einreichungen aus Deutschland, den Niederlanden, Norwegen, \u00d6sterreich und Ungarn, sowie weiterer L\u00e4nder Ohne Zweifel das Journal mit den besten Titelbildern, denn eine Ausgabe k\u00f6nnte Ihre Versuchstierart zeigen Zitationsauswirkung\u00a0(2024): CiteScore (Scopus) 3; Journal Citation Indicator (Clarivate) 0.55; Journal Impact Factor (Calrivate) 1.4<\/p>\n","protected":false},"author":1,"featured_media":0,"parent":0,"menu_order":0,"comment_status":"closed","ping_status":"closed","template":"","meta":{"footnotes":""},"class_list":["post-146","page","type-page","status-publish","hentry"],"translation":{"provider":"WPGlobus","version":"3.0.2","language":"de","enabled_languages":["en","de"],"languages":{"en":{"title":true,"content":true,"excerpt":false},"de":{"title":false,"content":true,"excerpt":false}}},"_links":{"self":[{"href":"https:\/\/www.etho-ges.de\/wordpress\/de\/wp-json\/wp\/v2\/pages\/146","targetHints":{"allow":["GET"]}}],"collection":[{"href":"https:\/\/www.etho-ges.de\/wordpress\/de\/wp-json\/wp\/v2\/pages"}],"about":[{"href":"https:\/\/www.etho-ges.de\/wordpress\/de\/wp-json\/wp\/v2\/types\/page"}],"author":[{"embeddable":true,"href":"https:\/\/www.etho-ges.de\/wordpress\/de\/wp-json\/wp\/v2\/users\/1"}],"replies":[{"embeddable":true,"href":"https:\/\/www.etho-ges.de\/wordpress\/de\/wp-json\/wp\/v2\/comments?post=146"}],"version-history":[{"count":46,"href":"https:\/\/www.etho-ges.de\/wordpress\/de\/wp-json\/wp\/v2\/pages\/146\/revisions"}],"predecessor-version":[{"id":2414,"href":"https:\/\/www.etho-ges.de\/wordpress\/de\/wp-json\/wp\/v2\/pages\/146\/revisions\/2414"}],"wp:attachment":[{"href":"https:\/\/www.etho-ges.de\/wordpress\/de\/wp-json\/wp\/v2\/media?parent=146"}],"curies":[{"name":"wp","href":"https:\/\/api.w.org\/{rel}","templated":true}]}}