{"id":1469,"date":"2021-06-16T15:33:01","date_gmt":"2021-06-16T13:33:01","guid":{"rendered":"https:\/\/www.etho-ges.de\/wordpress\/?page_id=1469"},"modified":"2026-04-21T14:30:23","modified_gmt":"2026-04-21T12:30:23","slug":"honorary-members-of-ethologische-gesellschaft","status":"publish","type":"page","link":"https:\/\/www.etho-ges.de\/wordpress\/de\/honorary-members-of-ethologische-gesellschaft\/","title":{"rendered":"Ehrenmitglieder"},"content":{"rendered":"<p><a href=\"https:\/\/www.etho-ges.de\/wordpress\/wp-content\/uploads\/2021\/08\/EthoNews.jpg\"><img loading=\"lazy\" decoding=\"async\" class=\"aligncenter size-full wp-image-1592\" src=\"https:\/\/www.etho-ges.de\/wordpress\/wp-content\/uploads\/2021\/08\/EthoNews.jpg\" alt=\"\" width=\"540\" height=\"300\" \/><\/a><\/p>\n<hr \/>\n<p style=\"text-align: justify;\">Die Ethologische Gesellschaft vergibt die Ehrenmitgliedschaft an Mitglieder unserer Gesellschaft, die sich aufgrund ihres Engagements in der Ethologischen Gesellschaft e.V. und\/oder ihrer au\u00dferordentlichen Verdienste zur Weiterentwicklung der Ethologie auf internationaler Ebene verdient gemacht haben. Ehrenmitgliedschaften sind lebenslange Ernennungen und die h\u00f6chste Ehrung, die die Ethologische Gesellschaft einer Person verleiht. Kandidat*innen k\u00f6nnen von Vereinsmitgliedern mit einem kurzen Schreiben vorgeschlagen werden. Nominierungen sind jederzeit m\u00f6glich und werden vom Vorstand gemeinsam mit dem erweiterten Vorstand begutachtet. Nachfolgend finden Sie eine Liste aller unserer ehemaligen und gegenw\u00e4rtigen Ehrenmitglieder (chronologisch):<\/p>\n<p>Nikolaas Tinbergen (1982 &#8211; 1988)<br \/>\nKonrad Lorenz (1982 &#8211; 1989) *<br \/>\nG\u00fcnter Tembrock (1986-2011)<br \/>\nGerald Baerends (1989 -1999)<br \/>\nChristiane Buchholz (2000 &#8211; 2023)<br \/>\nDierk Franck (2000-2023)<br \/>\nEberhard Curio (2000-2020)<br \/>\nPiet Sevenster (2000-2014)<br \/>\nSerge Daan (2008-2018)<br \/>\nDietrich von Holst (2008-2025)<\/p>\n<p>Fritz Trillmich (seit 2013)<br \/>\nNorbert Sachser (seit 2013)<br \/>\nBarbara K\u00f6nig (seit 2023)<br \/>\nMichael Taborsky (seit 2024)<\/p>\n<hr \/>\n<p style=\"text-align: justify;\">* Im Jahr 1982 bat die Ethologische Gesellschaft die beiden Nobelpreistr\u00e4ger Nico Tinbergen und Konrad Lorenz, ihre ersten beiden Ehrenmitglieder zu werden. Beide Wissenschaftler hatten ma\u00dfgeblich dazu beigetragen, die Verhaltensbiologie als als eigenst\u00e4ndiges Forschungsgebiet innerhalb der Biologie zu etablieren und die Ethologische Gesellschaft wollte diese Leistung w\u00fcrdigen.<\/p>\n<p style=\"text-align: justify;\">Konrad Lorenz war ein scharfsinniger Beobachter des Tierverhaltens. Er hatte einen nachhaltigen Einfluss auf das Forschungsgebiet, insbesondere im deutschsprachigen Raum. Durch seine popul\u00e4ren B\u00fccher inspirierte er mehrere Generationen dazu, sich der Verhaltensbiologie zu widmen.<\/p>\n<p style=\"text-align: justify;\">Allerdings hatte Lorenz auch eine dunkle Seite. W\u00e4hrend des NS-Regimes in Deutschland war er Mitglied der NSDAP und unterst\u00fctzte aktiv die biologistischen und eugenischen Ideen, die f\u00fcr das NS-Regime von zentraler Bedeutung waren. Nach dem Untergang der Hitler-Diktatur spielte Lorenz seine Rolle herunter. Zeit seines Lebens schien er nie \u00fcber seine Ansichten bez\u00fcglich menschlicher Degeneration und gesellschaftlichen Niedergangs reflektiert zu haben (Kalikow, 2020). Dar\u00fcber hinaus ver\u00f6ffentlichte er weiterhin popul\u00e4re B\u00fccher, in denen er diese Ansichten verbreitete (z.B. in \u201eDie acht Tods\u00fcnden der zivilisierten Menschheit&#8220;).<\/p>\n<p style=\"text-align: justify;\">Wer sich n\u00e4her mit Konrad Lorenz\u2019 Rolle w\u00e4hrend und nach der Zeit des Nationalsozialismus befassen m\u00f6chte, findet in Kalikow (2020) einen gut zug\u00e4nglichen Einstieg. Eine ausf\u00fchrlichere historische Einordnung der Anf\u00e4nge der Ethologie, einschlie\u00dflich der Rolle von Lorenz im NS-Regime, bietet Burkhardt (2005).<\/p>\n<p style=\"text-align: justify;\">Lorenz wurde 1982 Ehrenmitglied unserer Gesellschaft; seine Mitgliedschaft endete mit seinem Tod im Jahr 1989. Die Ethologische Gesellschaft steht f\u00fcr Freiheit, Gleichheit, Humanismus und Demokratie \u2013 was wir auf unserer <a href=\"https:\/\/www.etho-ges.de\/wordpress\/\">Homepage<\/a> darlegen. Diese Werte stellen ethische Grundwerte der Menschlichkeit dar, und wir sind der \u00dcberzeugung, dass Wissenschaft nur in einem solchen Umfeld gedeihen kann. W\u00e4re Lorenz noch am Leben, w\u00fcrden wir ihn nicht mehr als Ehrenmitglied unserer Gesellschaft in Betracht ziehen.<\/p>\n<p style=\"text-align: justify;\">Burkhardt RW, 2005. Patterns of behavior. Konrad Lorenz, Niko Tinbergen, and the founding of ethology. Chicago and London: University of Chicago Press.<br \/>\nKalikow TJ, 2020. Konrad Lorenz on human degeneration and social decline: a chronic preoccupation. Animal Behaviour 164:267-272. doi: https:\/\/doi.org\/10.1016\/j.anbehav.2020.01.007.<\/p>\n<hr \/>\n","protected":false},"excerpt":{"rendered":"<p>Die Ethologische Gesellschaft vergibt die Ehrenmitgliedschaft an Mitglieder unserer Gesellschaft, die sich aufgrund ihres Engagements in der Ethologischen Gesellschaft e.V. und\/oder ihrer au\u00dferordentlichen Verdienste zur Weiterentwicklung der Ethologie auf internationaler Ebene verdient gemacht haben. Ehrenmitgliedschaften sind lebenslange Ernennungen und die h\u00f6chste Ehrung, die die Ethologische Gesellschaft einer Person verleiht. Kandidat*innen k\u00f6nnen von Vereinsmitgliedern mit einem kurzen Schreiben vorgeschlagen werden. Nominierungen sind jederzeit m\u00f6glich und werden vom Vorstand gemeinsam mit dem erweiterten Vorstand begutachtet. Nachfolgend finden Sie eine Liste aller unserer ehemaligen und gegenw\u00e4rtigen Ehrenmitglieder (chronologisch): Nikolaas Tinbergen (1982 &#8211; 1988) Konrad Lorenz (1982 &#8211; 1989) * G\u00fcnter Tembrock (1986-2011) Gerald Baerends (1989 -1999) Christiane Buchholz (2000 &#8211; 2023) Dierk Franck (2000-2023) Eberhard Curio (2000-2020) Piet Sevenster (2000-2014) Serge Daan (2008-2018) Dietrich von Holst (2008-2025) Fritz Trillmich (seit 2013) Norbert Sachser (seit 2013) Barbara K\u00f6nig (seit 2023) Michael Taborsky (seit 2024) * Im Jahr 1982 bat die Ethologische Gesellschaft die beiden Nobelpreistr\u00e4ger Nico Tinbergen und Konrad Lorenz, ihre ersten beiden Ehrenmitglieder zu werden. Beide Wissenschaftler hatten ma\u00dfgeblich dazu beigetragen, die Verhaltensbiologie als als eigenst\u00e4ndiges Forschungsgebiet innerhalb der Biologie zu etablieren und die Ethologische Gesellschaft wollte diese Leistung w\u00fcrdigen. Konrad Lorenz war ein scharfsinniger Beobachter des Tierverhaltens. Er hatte einen nachhaltigen Einfluss auf das Forschungsgebiet, insbesondere im deutschsprachigen Raum. Durch seine popul\u00e4ren B\u00fccher inspirierte er mehrere Generationen dazu, sich der Verhaltensbiologie zu widmen. Allerdings hatte Lorenz auch eine dunkle Seite. W\u00e4hrend des NS-Regimes in Deutschland war er Mitglied der NSDAP und unterst\u00fctzte aktiv die biologistischen und eugenischen Ideen, die f\u00fcr das NS-Regime von zentraler Bedeutung waren. Nach dem Untergang der Hitler-Diktatur spielte Lorenz seine Rolle herunter. Zeit seines Lebens schien er nie \u00fcber seine Ansichten bez\u00fcglich menschlicher Degeneration und gesellschaftlichen Niedergangs reflektiert zu haben (Kalikow, 2020). Dar\u00fcber hinaus ver\u00f6ffentlichte er weiterhin popul\u00e4re B\u00fccher, in denen er diese Ansichten verbreitete (z.B. in \u201eDie acht Tods\u00fcnden der zivilisierten Menschheit&#8220;). Wer sich n\u00e4her mit Konrad Lorenz\u2019 Rolle w\u00e4hrend und nach der Zeit des Nationalsozialismus befassen m\u00f6chte, findet in Kalikow (2020) einen gut zug\u00e4nglichen Einstieg. Eine ausf\u00fchrlichere historische Einordnung der Anf\u00e4nge der Ethologie, einschlie\u00dflich der Rolle von Lorenz im NS-Regime, bietet Burkhardt (2005). Lorenz wurde 1982 Ehrenmitglied unserer Gesellschaft; seine Mitgliedschaft endete mit seinem Tod im Jahr 1989. Die Ethologische Gesellschaft steht f\u00fcr Freiheit, Gleichheit, Humanismus und Demokratie \u2013 was wir auf unserer Homepage darlegen. Diese Werte stellen ethische Grundwerte der Menschlichkeit dar, und wir sind der \u00dcberzeugung, dass Wissenschaft nur in einem solchen Umfeld gedeihen kann. W\u00e4re Lorenz noch am Leben, w\u00fcrden wir ihn nicht mehr als Ehrenmitglied unserer Gesellschaft in Betracht ziehen. Burkhardt RW, 2005. Patterns of behavior. Konrad Lorenz, Niko Tinbergen, and the founding of ethology. Chicago and London: University of Chicago Press. Kalikow TJ, 2020. Konrad Lorenz on human degeneration and social decline: a chronic preoccupation. Animal Behaviour 164:267-272. doi: https:\/\/doi.org\/10.1016\/j.anbehav.2020.01.007.<\/p>\n","protected":false},"author":1,"featured_media":0,"parent":0,"menu_order":0,"comment_status":"closed","ping_status":"closed","template":"","meta":{"footnotes":""},"class_list":["post-1469","page","type-page","status-publish","hentry"],"translation":{"provider":"WPGlobus","version":"3.0.2","language":"de","enabled_languages":["en","de"],"languages":{"en":{"title":true,"content":true,"excerpt":false},"de":{"title":true,"content":true,"excerpt":false}}},"_links":{"self":[{"href":"https:\/\/www.etho-ges.de\/wordpress\/de\/wp-json\/wp\/v2\/pages\/1469","targetHints":{"allow":["GET"]}}],"collection":[{"href":"https:\/\/www.etho-ges.de\/wordpress\/de\/wp-json\/wp\/v2\/pages"}],"about":[{"href":"https:\/\/www.etho-ges.de\/wordpress\/de\/wp-json\/wp\/v2\/types\/page"}],"author":[{"embeddable":true,"href":"https:\/\/www.etho-ges.de\/wordpress\/de\/wp-json\/wp\/v2\/users\/1"}],"replies":[{"embeddable":true,"href":"https:\/\/www.etho-ges.de\/wordpress\/de\/wp-json\/wp\/v2\/comments?post=1469"}],"version-history":[{"count":24,"href":"https:\/\/www.etho-ges.de\/wordpress\/de\/wp-json\/wp\/v2\/pages\/1469\/revisions"}],"predecessor-version":[{"id":2421,"href":"https:\/\/www.etho-ges.de\/wordpress\/de\/wp-json\/wp\/v2\/pages\/1469\/revisions\/2421"}],"wp:attachment":[{"href":"https:\/\/www.etho-ges.de\/wordpress\/de\/wp-json\/wp\/v2\/media?parent=1469"}],"curies":[{"name":"wp","href":"https:\/\/api.w.org\/{rel}","templated":true}]}}