{"id":149,"date":"2015-08-22T23:13:46","date_gmt":"2015-08-22T21:13:46","guid":{"rendered":"http:\/\/www.etho-ges.de\/wordpress\/?page_id=149"},"modified":"2026-03-16T17:01:16","modified_gmt":"2026-03-16T16:01:16","slug":"etho-news","status":"publish","type":"page","link":"https:\/\/www.etho-ges.de\/wordpress\/de\/etho-news\/","title":{"rendered":"EthoNews"},"content":{"rendered":"<p><a href=\"https:\/\/www.etho-ges.de\/wordpress\/wp-content\/uploads\/2026\/03\/EthoGes2014_european_roller-scaled.jpg\"><img loading=\"lazy\" decoding=\"async\" class=\"aligncenter size-full wp-image-2403\" src=\"https:\/\/www.etho-ges.de\/wordpress\/wp-content\/uploads\/2026\/03\/EthoGes2014_european_roller-scaled.jpg\" alt=\"European roller looking at camera\" width=\"540\" height=\"300\" \/><\/a><\/p>\n<div class=\"indentedContentContainer\">\n<hr \/>\n<p style=\"text-align: justify;\"><em>EthoNews<\/em> ist der Newsletter der Ethologischen Gesellschaft und wird zweimal im Jahr auf Englisch publiziert. Dieser Newsletter (erste Ausgabe 1979) informiert die Mitglieder unserer Gesellschaft \u00fcber relevante Aktivit\u00e4ten und beinhalten wertvolle Informationen zum Thema Verhaltensbiologie. Der Newsletter wird per E-Mail an alle Mitglieder der Gesellschaft verschickt. Die letzte Ausgabe (<em>EthoNews<\/em> 92) wurde im Februar 2026 verschickt. Die n\u00e4chste Ausgabe wird im Herbst 2026 ver\u00f6ffentlicht.<\/p>\n<p style=\"text-align: justify;\">Mitglieder, die die <em>EthoNews<\/em> 92 noch nicht erhalten haben, werden gebeten unseren <a href=\"https:\/\/www.etho-ges.de\/wordpress\/council\/\">Sekret\u00e4r<\/a> zu kontaktieren.<\/p>\n<p style=\"text-align: justify;\">Mitglieder jedes Karierestadiums werden ermutigt zu <em>EthoNews<\/em> beizutragen. Zum Beispiel publizieren wir dort Zusammenfassungen von Bachelor-, Master-, und Doktorarbeiten, die den Nachwuchswissenschaftlern ein Forum geben die Gesellschaft \u00fcber ihre wissenschaftliche Arbeit zu informieren. Mitglieder, die solche Arbeiten betreuen, werden gebeten diese M\u00f6glichkeit ihren Studierenden mitzuteilen. Dar\u00fcber hinaus sind Buchrezensionen, Neuigkeiten \u00fcber Mitglieder, Diskussionsbeitr\u00e4ge und Konferenzberichte immer herzlich willkommen.<\/p>\n<p style=\"text-align: justify;\">Der Einsendeschluss f\u00fcr Beitr\u00e4ge zur n\u00e4chsten <em>EthoNews<\/em> ist der <strong>30. Juni 2026<\/strong>.<\/p>\n<p style=\"text-align: justify;\">Bitte senden Sie Ihre Beitr\u00e4ge oder etwaige Fragen per E-Mail an unseren <a href=\"https:\/\/www.etho-ges.de\/wordpress\/council\/\">Sekret\u00e4r<\/a> an info[at]etho-ges.de.<\/p>\n<hr \/>\n<\/div>\n","protected":false},"excerpt":{"rendered":"<p>EthoNews ist der Newsletter der Ethologischen Gesellschaft und wird zweimal im Jahr auf Englisch publiziert. Dieser Newsletter (erste Ausgabe 1979) informiert die Mitglieder unserer Gesellschaft \u00fcber relevante Aktivit\u00e4ten und beinhalten wertvolle Informationen zum Thema Verhaltensbiologie. Der Newsletter wird per E-Mail an alle Mitglieder der Gesellschaft verschickt. Die letzte Ausgabe (EthoNews 92) wurde im Februar 2026 verschickt. Die n\u00e4chste Ausgabe wird im Herbst 2026 ver\u00f6ffentlicht. Mitglieder, die die EthoNews 92 noch nicht erhalten haben, werden gebeten unseren Sekret\u00e4r zu kontaktieren. Mitglieder jedes Karierestadiums werden ermutigt zu EthoNews beizutragen. Zum Beispiel publizieren wir dort Zusammenfassungen von Bachelor-, Master-, und Doktorarbeiten, die den Nachwuchswissenschaftlern ein Forum geben die Gesellschaft \u00fcber ihre wissenschaftliche Arbeit zu informieren. Mitglieder, die solche Arbeiten betreuen, werden gebeten diese M\u00f6glichkeit ihren Studierenden mitzuteilen. Dar\u00fcber hinaus sind Buchrezensionen, Neuigkeiten \u00fcber Mitglieder, Diskussionsbeitr\u00e4ge und Konferenzberichte immer herzlich willkommen. Der Einsendeschluss f\u00fcr Beitr\u00e4ge zur n\u00e4chsten EthoNews ist der 30. Juni 2026. Bitte senden Sie Ihre Beitr\u00e4ge oder etwaige Fragen per E-Mail an unseren Sekret\u00e4r an info[at]etho-ges.de.<\/p>\n","protected":false},"author":1,"featured_media":0,"parent":0,"menu_order":0,"comment_status":"closed","ping_status":"closed","template":"","meta":{"footnotes":""},"class_list":["post-149","page","type-page","status-publish","hentry"],"translation":{"provider":"WPGlobus","version":"3.0.2","language":"de","enabled_languages":["en","de"],"languages":{"en":{"title":true,"content":true,"excerpt":false},"de":{"title":false,"content":true,"excerpt":false}}},"_links":{"self":[{"href":"https:\/\/www.etho-ges.de\/wordpress\/de\/wp-json\/wp\/v2\/pages\/149","targetHints":{"allow":["GET"]}}],"collection":[{"href":"https:\/\/www.etho-ges.de\/wordpress\/de\/wp-json\/wp\/v2\/pages"}],"about":[{"href":"https:\/\/www.etho-ges.de\/wordpress\/de\/wp-json\/wp\/v2\/types\/page"}],"author":[{"embeddable":true,"href":"https:\/\/www.etho-ges.de\/wordpress\/de\/wp-json\/wp\/v2\/users\/1"}],"replies":[{"embeddable":true,"href":"https:\/\/www.etho-ges.de\/wordpress\/de\/wp-json\/wp\/v2\/comments?post=149"}],"version-history":[{"count":52,"href":"https:\/\/www.etho-ges.de\/wordpress\/de\/wp-json\/wp\/v2\/pages\/149\/revisions"}],"predecessor-version":[{"id":2404,"href":"https:\/\/www.etho-ges.de\/wordpress\/de\/wp-json\/wp\/v2\/pages\/149\/revisions\/2404"}],"wp:attachment":[{"href":"https:\/\/www.etho-ges.de\/wordpress\/de\/wp-json\/wp\/v2\/media?parent=149"}],"curies":[{"name":"wp","href":"https:\/\/api.w.org\/{rel}","templated":true}]}}