{"id":156,"date":"2015-08-22T23:24:49","date_gmt":"2015-08-22T21:24:49","guid":{"rendered":"http:\/\/www.etho-ges.de\/wordpress\/?page_id=156"},"modified":"2024-09-02T17:57:22","modified_gmt":"2024-09-02T15:57:22","slug":"job-vacancies","status":"publish","type":"page","link":"https:\/\/www.etho-ges.de\/wordpress\/de\/job-vacancies\/","title":{"rendered":"Jobangebote"},"content":{"rendered":"<p><a href=\"https:\/\/www.etho-ges.de\/wordpress\/wp-content\/uploads\/2021\/08\/jobs.jpg\"><img loading=\"lazy\" decoding=\"async\" class=\"wp-image-1024 aligncenter\" src=\"https:\/\/www.etho-ges.de\/wordpress\/wp-content\/uploads\/2021\/08\/jobs.jpg\" alt=\"Offene Stellen Seite \u2013 Bild eines Tanganyikasee Cichlid (Neolamprologus pulcher)\" width=\"540\" height=\"300\" \/><\/a><\/p>\n<hr \/>\n<p style=\"text-align: justify;\">Informationen, die f\u00fcr unsere Mitglieder von Interesse sein k\u00f6nnten, wie z.B. Stellenangebote, Workshops, Konferenzen und \u00c4hnliches, werden \u00fcber unsere Mailingliste verbreitet. Wenn Sie diesen Service nutzen m\u00f6chten, um etwas anzuk\u00fcndigen, wenden Sie sich bitte an unseren Sekret\u00e4r unter info[at]etho-ges.de.<\/p>\n<hr \/>\n","protected":false},"excerpt":{"rendered":"<p>Informationen, die f\u00fcr unsere Mitglieder von Interesse sein k\u00f6nnten, wie z.B. Stellenangebote, Workshops, Konferenzen und \u00c4hnliches, werden \u00fcber unsere Mailingliste verbreitet. Wenn Sie diesen Service nutzen m\u00f6chten, um etwas anzuk\u00fcndigen, wenden Sie sich bitte an unseren Sekret\u00e4r unter info[at]etho-ges.de.<\/p>\n","protected":false},"author":1,"featured_media":0,"parent":0,"menu_order":0,"comment_status":"closed","ping_status":"closed","template":"","meta":{"footnotes":""},"class_list":["post-156","page","type-page","status-publish","hentry"],"translation":{"provider":"WPGlobus","version":"3.0.2","language":"de","enabled_languages":["en","de"],"languages":{"en":{"title":true,"content":true,"excerpt":false},"de":{"title":true,"content":true,"excerpt":false}}},"_links":{"self":[{"href":"https:\/\/www.etho-ges.de\/wordpress\/de\/wp-json\/wp\/v2\/pages\/156","targetHints":{"allow":["GET"]}}],"collection":[{"href":"https:\/\/www.etho-ges.de\/wordpress\/de\/wp-json\/wp\/v2\/pages"}],"about":[{"href":"https:\/\/www.etho-ges.de\/wordpress\/de\/wp-json\/wp\/v2\/types\/page"}],"author":[{"embeddable":true,"href":"https:\/\/www.etho-ges.de\/wordpress\/de\/wp-json\/wp\/v2\/users\/1"}],"replies":[{"embeddable":true,"href":"https:\/\/www.etho-ges.de\/wordpress\/de\/wp-json\/wp\/v2\/comments?post=156"}],"version-history":[{"count":25,"href":"https:\/\/www.etho-ges.de\/wordpress\/de\/wp-json\/wp\/v2\/pages\/156\/revisions"}],"predecessor-version":[{"id":2182,"href":"https:\/\/www.etho-ges.de\/wordpress\/de\/wp-json\/wp\/v2\/pages\/156\/revisions\/2182"}],"wp:attachment":[{"href":"https:\/\/www.etho-ges.de\/wordpress\/de\/wp-json\/wp\/v2\/media?parent=156"}],"curies":[{"name":"wp","href":"https:\/\/api.w.org\/{rel}","templated":true}]}}