{"id":159,"date":"2015-08-22T23:30:27","date_gmt":"2015-08-22T21:30:27","guid":{"rendered":"http:\/\/www.etho-ges.de\/wordpress\/?page_id=159"},"modified":"2024-12-16T15:48:09","modified_gmt":"2024-12-16T14:48:09","slug":"ethoteach","status":"publish","type":"page","link":"https:\/\/www.etho-ges.de\/wordpress\/de\/ethoteach\/","title":{"rendered":"EthoTeach"},"content":{"rendered":"<p><a href=\"https:\/\/www.etho-ges.de\/wordpress\/wp-content\/uploads\/2021\/08\/EthoTeach.jpg\"><img loading=\"lazy\" decoding=\"async\" class=\"wp-image-999 aligncenter\" src=\"https:\/\/www.etho-ges.de\/wordpress\/wp-content\/uploads\/2021\/08\/EthoTeach.jpg\" alt=\"EthoTeach Seite \u2013 Bild mit zwei grasenden adulten Schw\u00e4nen\" width=\"540\" height=\"300\" \/><\/a><\/p>\n<hr \/>\n<p style=\"text-align: justify;\">Liebe Biologielehrer*innen,<\/p>\n<p style=\"text-align: justify;\">die Ethologische Gesellschaft e.V. setzt sich f\u00fcr einen modernen fachlich fundierten Biologieunterricht ein und m\u00f6chte Sie unterst\u00fctzen.<\/p>\n<p style=\"text-align: justify;\">Mit unserer kostenlosen online-Rubrik EthoTeach der Ethologischen Gesellschaft e.V. m\u00f6chten wir Ihnen wissenschaftlich fundierte, interessante und moderne Unterrichtsmaterialen zu den Themenkomplexen Verhalten, Evolution, \u00d6kologie und Biodiversit\u00e4t zur Verf\u00fcgung stellen. Diese Materialien sind einerseits \u00dcbersetzungen von Artikeln des <em>Education Newsletters FEEDBACK der <a href=\"https:\/\/www.asab.org\/\">Association for the Study of Animal Behaviour<\/a><\/em> und andererseits didaktisch reduzierte und f\u00fcr den Schulunterricht aufbereitete \u00dcbersetzungen von wissenschaftlichen Publikationen aus Fachjournalen. F\u00fcr die jeweilige \u00dcbersetzung wurde nat\u00fcrlich die Erlaubnis der Autoren eingeholt.<\/p>\n<p style=\"text-align: justify;\">Wir hoffen, dass Sie diese Materialien nutzen k\u00f6nnen und dadurch Ihren Biologie-Unterricht noch aktueller, vielseitiger und spannender gestalten k\u00f6nnen. Au\u00dferdem m\u00f6chten wir Sie auf die Webseite <a href=\"https:\/\/ethologisch.de\/\">ETHOlogisch<\/a> hinweisen, auf der aktuelle Forschung zu den Themen Emotionen, Kognition und Verhalten bei Tieren regelm\u00e4\u00dfig besprochen wird. Wir w\u00fcrden uns sehr freuen, wenn hierdurch die neuen Konzepte der Verhaltensbiologie und Evolutionsbiologie unmittelbar an die Sch\u00fcler*innen vermittelt werden.<\/p>\n<p style=\"text-align: justify;\">W\u00e4rmstens m\u00f6chten wir Ihnen das Buch \u00ab<a href=\"https:\/\/www.springer.com\/de\/book\/9783827427854\">Evolutionsbiologie<\/a>\u00bb ans Herz legen, welches eine zeitgem\u00e4\u00dfe Zusammenstellung neuer Unterrichtsthemen zur Evolutionsbiologie darstellt und von Mitgliedern unsere Gesellschaft mitverfasst wurde. Hauptzielgruppe dieses Buches sind (angehende) Biologielehrer*innen an Gymnasien sowie an Gesamt-, Real-, Grund- und Hauptschulen.<\/p>\n<p style=\"text-align: justify;\">Falls Sie Fragen und\/oder Anregungen zu unserer Rubrik \u00abEthoTeach\u00bb haben, wenden Sie sich bitte per E-Mail an Prof. Klaudia Witte (witte[at]biologie.uni-siegen.de).<\/p>\n<hr \/>\n<p><strong>Download Beispiele<br \/>\n<\/strong><a href=\"http:\/\/www.etho-ges.de\/wordpress\/wp-content\/uploads\/2015\/08\/ASAB_Feedback_50.pdf\">ASAB Feedback 50 (1MB)<\/a><br \/>\n<a href=\"http:\/\/www.etho-ges.de\/wordpress\/wp-content\/uploads\/2015\/08\/Bienen_Pflanzen_Witte.pdf\">Wenn Bienen Pflanzen ausbeuten: Nektardiebstahl (105KB)<\/a><br \/>\n<a href=\"http:\/\/www.etho-ges.de\/wordpress\/wp-content\/uploads\/2015\/08\/Red_campion_survey.pdf\">When bees exploit plants: Nectar robbery (151 KB)<\/a><br \/>\n<a href=\"http:\/\/www.etho-ges.de\/wordpress\/wp-content\/uploads\/2015\/08\/Sexuelle_Selektion_K_Witte.pdf\">Sexuelle Selektion (4 MB)<\/a><\/p>\n<hr \/>\n<p><strong>Homeschooling<\/strong><br \/>\nFalls Sie auf der Suche nach interessant aufgearbeiteten aktuellen Verhaltensthemen sind, k\u00f6nnen wir Ihnen diese Ressourcen empfehlen:<\/p>\n<p><strong>Kurzvideos<\/strong><br \/>\n<a href=\"https:\/\/www.ardmediathek.de\/alpha\/video\/alpha-lernen-oder-biologie\/wozu-verhaltensforschung\/ard-alpha\/Y3JpZDovL2JyLmRlL3ZpZGVvL2QxMDBmOWFmLTBjMWEtNGQ2YS1hY2U2LWI0NTNkZmMxN2JlMA\/\">Wozu Verhaltensforschung?<\/a> (ARD &#8211; alpha Lernen, 5:51 min)<br \/>\n<a href=\"https:\/\/www.ardmediathek.de\/alpha\/video\/alpha-lernen-oder-biologie\/angeborenes-verhalten\/ard-alpha\/Y3JpZDovL2JyLmRlL3ZpZGVvLzkzYTlhZTRiLWU1YjUtNDdkMi05ZmU0LTk4NTRlMDI3MDM1MQ\/\">Angeborenes Verhalten<\/a> (ARD &#8211; alpha Lernen, 4:04 min)<br \/>\n<a href=\"https:\/\/www.ardmediathek.de\/alpha\/video\/alpha-lernen-oder-biologie\/erworbenes-verhalten\/ard-alpha\/Y3JpZDovL2JyLmRlL3ZpZGVvLzYzMWQzMTVjLTM2Y2UtNGExNi1iMTdiLWY2NzI2OWYwYWFmZA\/\">Erworbenes Verhalten<\/a> (ARD &#8211; alpha Lernen, 6:02 min)<br \/>\n<a href=\"https:\/\/www.ardmediathek.de\/alpha\/video\/alpha-lernen-oder-biologie\/lernen-oder-nicht-lernen-was-aendert-verhalten\/ard-alpha\/Y3JpZDovL2JyLmRlL3ZpZGVvLzhkYzEyYjIxLTQ1M2EtNGEyZS04YzJjLWNkMTgzYzE4Y2M4Zg\/\">Lernen oder nicht lernen &#8211; was \u00e4ndert Verhalten?<\/a> (ARD &#8211; alpha Lernen, 14:43 min)<br \/>\n<a href=\"https:\/\/www.ardmediathek.de\/alpha\/video\/alpha-lernen-oder-biologie\/umwelt-gene-erfahrung-was-verhalten-beeinflusst\/ard-alpha\/Y3JpZDovL2JyLmRlL3ZpZGVvL2Y0MTM2ZWZhLTFkNGMtNGU1Yy1iZDNjLTY2YjliYWFjNWJjNQ\/\">Umwelt, Gene, Erfahrung &#8211; was Verhalten beeinflusst<\/a> (ARD &#8211; alpha Lernen, 13:29 min)<\/p>\n<p><strong>Podcasts<\/strong><br \/>\n<a href=\"https:\/\/www.swr.de\/swr2\/wissen\/eine-lange-beziehungsgeschichte-swr2-wissen-spezial-2022-05-21-100.html\">Das Tier und wir: Eine lange Beziehungsgeschichte<\/a> (SWR2 Wissen, 28:24 min)<br \/>\n<a href=\"https:\/\/www.deutschlandfunk.de\/menschen-affen-beziehung-artenschutz-100.html\">Nahe Verwandte: \u00dcber Menschen und Menschenaffen<\/a> (Wissenschaft im Brennpunkt, 29:05 min)<br \/>\n<a href=\"https:\/\/www.swr.de\/swr2\/wissen\/social-distancing-bei-ameisen-und-affen-wie-tiere-mit-kranken-artgenossen-umgehen-swr2-wissen-2021-02-02-100.html\">Social Distancing bei Ameisen und Affen<\/a> (SWR2 &#8211; Wissen, 27:45)<br \/>\n<a href=\"https:\/\/www1.wdr.de\/mediathek\/audio\/wdr5\/wdr5-erlebte-geschichten\/audio-norbert-sachser-verhaltensbiologe-100.html\">Verhaltensbiologie &#8211; ein Gespr\u00e4ch mit Norbert Sachser<\/a> (WDR5 &#8211; Erlebte Geschichten, 22:52 min)<br \/>\n<a href=\"https:\/\/www.deutschlandfunkkultur.de\/verhaltensforschung-wie-voegel-das-singen-lernen.976.de.html?dram:article_id=474748\">Wie V\u00f6gel das Singen lernen<\/a> (Deutschlandfunk Kultur, 6:35 min)<\/p>\n<p><strong><span class=\"body\" role=\"main\"> Online-Wissenschaftsmagazin<\/span><\/strong><br \/>\n<a href=\"https:\/\/ethologisch.de\/\">ETHOlogisch<\/a><\/p>\n<hr \/>\n<p id=\"title\" class=\"style-scope ytd-playlist-sidebar-primary-info-renderer\" style=\"text-align: justify;\"><strong>\u201eScience goes public\u201c \u2013 online-Vortragsreihe<br \/>\n<\/strong>Stimmt es, dass Raben W\u00f6lfe verfolgen, um wie im Yellowstone Nationalpark von deren Rissen zu stehlen? K\u00f6nnen G\u00e4nse einen Menschen als gleichwertig ansehen? Inwiefern ist Wissenschaft eine Chance, die Beziehung zwischen den Menschen und der Tierwelt zu st\u00e4rken? Diese und viele weitere interessante Fragen werden in der <a href=\"https:\/\/www.youtube.com\/playlist?list=PLmMCnFcmLMJeBxJ7WYOXmWzOe8fkB1V8-\">Online-Vortragsreihe von Wissenschaftler:innen des Max-Planck-Instituts<\/a> f\u00fcr Verhaltensbiologiebeleuchtet. Die Vortr\u00e4ge finden als Livestream auf YouTube statt. Gerne k\u00f6nnen Sie uns aktiv Fragen stellen, welche im Anschluss an den jeweiligen Vortrag beantwortet werden. Alle Vortr\u00e4ge bleiben dauerhaft auf dem MaxCine Youtube-Kanal zum Nachh\u00f6ren.<\/p>\n<hr \/>\n<p style=\"text-align: justify;\"><strong>FEEDBACK- Education Newsletter der ASAB<br \/>\n<\/strong>Wir m\u00f6chten Sie auch auf Education Newsletter der <a href=\"https:\/\/www.asab.org\/education\">ASAB<\/a> (Association for the Study of Animal Behaviour) hinweisen. Auf dieser Webseite k\u00f6nnen Sie kostenlos Unterrichtsmaterial in englischer Sprache f\u00fcr Grundschule, Sekundarstufe I und II erwerben und f\u00fcr Bilingualen Biologieunterricht verwenden.<\/p>\n<p style=\"text-align: justify;\">Wir w\u00fcnschen Ihnen und Ihren Sch\u00fcler*innen viel Spa\u00df und Erfolg bei der Auseinandersetzung mit aktuellen verhaltensbiologischen Themen!<\/p>\n<hr \/>\n","protected":false},"excerpt":{"rendered":"<p>Liebe Biologielehrer*innen, die Ethologische Gesellschaft e.V. setzt sich f\u00fcr einen modernen fachlich fundierten Biologieunterricht ein und m\u00f6chte Sie unterst\u00fctzen. Mit unserer kostenlosen online-Rubrik EthoTeach der Ethologischen Gesellschaft e.V. m\u00f6chten wir Ihnen wissenschaftlich fundierte, interessante und moderne Unterrichtsmaterialen zu den Themenkomplexen Verhalten, Evolution, \u00d6kologie und Biodiversit\u00e4t zur Verf\u00fcgung stellen. Diese Materialien sind einerseits \u00dcbersetzungen von Artikeln des Education Newsletters FEEDBACK der Association for the Study of Animal Behaviour und andererseits didaktisch reduzierte und f\u00fcr den Schulunterricht aufbereitete \u00dcbersetzungen von wissenschaftlichen Publikationen aus Fachjournalen. F\u00fcr die jeweilige \u00dcbersetzung wurde nat\u00fcrlich die Erlaubnis der Autoren eingeholt. Wir hoffen, dass Sie diese Materialien nutzen k\u00f6nnen und dadurch Ihren Biologie-Unterricht noch aktueller, vielseitiger und spannender gestalten k\u00f6nnen. Au\u00dferdem m\u00f6chten wir Sie auf die Webseite ETHOlogisch hinweisen, auf der aktuelle Forschung zu den Themen Emotionen, Kognition und Verhalten bei Tieren regelm\u00e4\u00dfig besprochen wird. Wir w\u00fcrden uns sehr freuen, wenn hierdurch die neuen Konzepte der Verhaltensbiologie und Evolutionsbiologie unmittelbar an die Sch\u00fcler*innen vermittelt werden. W\u00e4rmstens m\u00f6chten wir Ihnen das Buch \u00abEvolutionsbiologie\u00bb ans Herz legen, welches eine zeitgem\u00e4\u00dfe Zusammenstellung neuer Unterrichtsthemen zur Evolutionsbiologie darstellt und von Mitgliedern unsere Gesellschaft mitverfasst wurde. Hauptzielgruppe dieses Buches sind (angehende) Biologielehrer*innen an Gymnasien sowie an Gesamt-, Real-, Grund- und Hauptschulen. Falls Sie Fragen und\/oder Anregungen zu unserer Rubrik \u00abEthoTeach\u00bb haben, wenden Sie sich bitte per E-Mail an Prof. Klaudia Witte (witte[at]biologie.uni-siegen.de). Download Beispiele ASAB Feedback 50 (1MB) Wenn Bienen Pflanzen ausbeuten: Nektardiebstahl (105KB) When bees exploit plants: Nectar robbery (151 KB) Sexuelle Selektion (4 MB) Homeschooling Falls Sie auf der Suche nach interessant aufgearbeiteten aktuellen Verhaltensthemen sind, k\u00f6nnen wir Ihnen diese Ressourcen empfehlen: Kurzvideos Wozu Verhaltensforschung? (ARD &#8211; alpha Lernen, 5:51 min) Angeborenes Verhalten (ARD &#8211; alpha Lernen, 4:04 min) Erworbenes Verhalten (ARD &#8211; alpha Lernen, 6:02 min) Lernen oder nicht lernen &#8211; was \u00e4ndert Verhalten? (ARD &#8211; alpha Lernen, 14:43 min) Umwelt, Gene, Erfahrung &#8211; was Verhalten beeinflusst (ARD &#8211; alpha Lernen, 13:29 min) Podcasts Das Tier und wir: Eine lange Beziehungsgeschichte (SWR2 Wissen, 28:24 min) Nahe Verwandte: \u00dcber Menschen und Menschenaffen (Wissenschaft im Brennpunkt, 29:05 min) Social Distancing bei Ameisen und Affen (SWR2 &#8211; Wissen, 27:45) Verhaltensbiologie &#8211; ein Gespr\u00e4ch mit Norbert Sachser (WDR5 &#8211; Erlebte Geschichten, 22:52 min) Wie V\u00f6gel das Singen lernen (Deutschlandfunk Kultur, 6:35 min) Online-Wissenschaftsmagazin ETHOlogisch \u201eScience goes public\u201c \u2013 online-Vortragsreihe Stimmt es, dass Raben W\u00f6lfe verfolgen, um wie im Yellowstone Nationalpark von deren Rissen zu stehlen? K\u00f6nnen G\u00e4nse einen Menschen als gleichwertig ansehen? Inwiefern ist Wissenschaft eine Chance, die Beziehung zwischen den Menschen und der Tierwelt zu st\u00e4rken? Diese und viele weitere interessante Fragen werden in der Online-Vortragsreihe von Wissenschaftler:innen des Max-Planck-Instituts f\u00fcr Verhaltensbiologiebeleuchtet. Die Vortr\u00e4ge finden als Livestream auf YouTube statt. Gerne k\u00f6nnen Sie uns aktiv Fragen stellen, welche im Anschluss an den jeweiligen Vortrag beantwortet werden. Alle Vortr\u00e4ge bleiben dauerhaft auf dem MaxCine Youtube-Kanal zum Nachh\u00f6ren. FEEDBACK- Education Newsletter der ASAB Wir m\u00f6chten Sie auch auf Education Newsletter der ASAB (Association for the Study of Animal Behaviour) hinweisen. Auf dieser Webseite k\u00f6nnen Sie kostenlos Unterrichtsmaterial in englischer Sprache f\u00fcr Grundschule, Sekundarstufe I und II erwerben und f\u00fcr Bilingualen Biologieunterricht verwenden. Wir w\u00fcnschen Ihnen und Ihren Sch\u00fcler*innen viel Spa\u00df und Erfolg bei der Auseinandersetzung mit aktuellen verhaltensbiologischen Themen!<\/p>\n","protected":false},"author":1,"featured_media":0,"parent":0,"menu_order":0,"comment_status":"closed","ping_status":"closed","template":"","meta":{"footnotes":""},"class_list":["post-159","page","type-page","status-publish","hentry"],"translation":{"provider":"WPGlobus","version":"3.0.2","language":"de","enabled_languages":["en","de"],"languages":{"en":{"title":true,"content":true,"excerpt":false},"de":{"title":true,"content":true,"excerpt":false}}},"_links":{"self":[{"href":"https:\/\/www.etho-ges.de\/wordpress\/de\/wp-json\/wp\/v2\/pages\/159","targetHints":{"allow":["GET"]}}],"collection":[{"href":"https:\/\/www.etho-ges.de\/wordpress\/de\/wp-json\/wp\/v2\/pages"}],"about":[{"href":"https:\/\/www.etho-ges.de\/wordpress\/de\/wp-json\/wp\/v2\/types\/page"}],"author":[{"embeddable":true,"href":"https:\/\/www.etho-ges.de\/wordpress\/de\/wp-json\/wp\/v2\/users\/1"}],"replies":[{"embeddable":true,"href":"https:\/\/www.etho-ges.de\/wordpress\/de\/wp-json\/wp\/v2\/comments?post=159"}],"version-history":[{"count":45,"href":"https:\/\/www.etho-ges.de\/wordpress\/de\/wp-json\/wp\/v2\/pages\/159\/revisions"}],"predecessor-version":[{"id":2212,"href":"https:\/\/www.etho-ges.de\/wordpress\/de\/wp-json\/wp\/v2\/pages\/159\/revisions\/2212"}],"wp:attachment":[{"href":"https:\/\/www.etho-ges.de\/wordpress\/de\/wp-json\/wp\/v2\/media?parent=159"}],"curies":[{"name":"wp","href":"https:\/\/api.w.org\/{rel}","templated":true}]}}