{"id":168,"date":"2015-08-22T23:48:22","date_gmt":"2015-08-22T21:48:22","guid":{"rendered":"http:\/\/www.etho-ges.de\/wordpress\/?page_id=168"},"modified":"2026-03-16T17:55:30","modified_gmt":"2026-03-16T16:55:30","slug":"resources","status":"publish","type":"page","link":"https:\/\/www.etho-ges.de\/wordpress\/de\/resources\/","title":{"rendered":"Ressourcen"},"content":{"rendered":"<div class=\"indentedContentContainer\">\n<div class=\"indentedContentContainer\">\n<p class=\"hide-if-no-js\"><a href=\"https:\/\/www.etho-ges.de\/wordpress\/wp-content\/uploads\/2026\/03\/superb_starlings_conflict-scaled.jpg\"><img loading=\"lazy\" decoding=\"async\" class=\"aligncenter size-full wp-image-2409\" src=\"https:\/\/www.etho-ges.de\/wordpress\/wp-content\/uploads\/2026\/03\/superb_starlings_conflict-scaled.jpg\" alt=\"superb starlings having a fight\" width=\"540\" height=\"300\" \/><\/a><\/p>\n<hr \/>\n<p>Hier finden Sie eine Liste an Links, die Sie interessieren k\u00f6nnten, wenn Sie sich f\u00fcr Verhaltensbiologie interessieren.<\/p>\n<hr \/>\n<p style=\"text-align: justify;\"><strong>Verhaltensbiologie studieren<\/strong><br \/>\n<a href=\"https:\/\/opencollective.com\/animal-behaviour-collective\">ABC<\/a> vergibt Mikrostipendien und Mentoren\/innen an Verhaltensbiologiestudierende<br \/>\n<a href=\"https:\/\/www.classcentral.com\/course\/edx-introduction-to-animal-behaviour-6033\">Online Kurs<\/a>: Einf\u00fchrung in die Verhaltensbiologie (von Naguib, Savage &amp; Snijders)<br \/>\n<a href=\"https:\/\/learn.culturalevolutionsociety.org\/\">Online Kurs<\/a>: Animal Cultures (von einem Team f\u00fchrender Wissenschaftler\/innen)<br \/>\n<a href=\"https:\/\/parlonsterrain.wixsite.com\/parlons-terrain\/en\">Let&#8217;s talk fieldwork<\/a>: <span class=\"color_16 wixui-rich-text__text\">Initiative zur Sensibilisierung von Feldarbeit, um die Herausforderungen vor Ort zu minimieren.<\/span><br \/>\n<a href=\"https:\/\/studiengaenge.zeit.de\/studienangebote\/abschluss\/master-studiengaenge\">MSc Programme in Deutschland<\/a><br \/>\n<a href=\"https:\/\/www.findamasters.com\/masters-degrees\/?Keywords=animal+behaviour\">Weltweite MSc und PhD Programme<\/a><\/p>\n<p style=\"text-align: justify;\">Es gibt viele verschiedene Programme, Forschungsinstitute und Karrierewege, wobei man leicht den \u00dcberblick verlieren kann. Zwei unserer erweiterten Vorstandsmitglieder haben sich bereiterkl\u00e4rt alle m\u00f6glichen Fragen zur Karriereplanung zu beantworten. Seien Sie nicht sch\u00fcchtern, die beiden freuen sich kontaktiert zu werden. Senden Sie eine E-Mail an\u00a0<a href=\"https:\/\/sites.google.com\/view\/tunibiolab\/\"><span lang=\"en-GB\">Dr. Cristina Tuni<\/span><\/a> (<span lang=\"en-GB\">cristina.tuni[at]biologie.uni-muenchen.de<\/span>) oder <a href=\"https:\/\/edpub.unil.ch\/interpub\/noauth\/php\/Un\/UnPers.php?PerNum=1197009&amp;LanCode=8\">Prof. Erica van de Waal<\/a> (erica.vandewaal [at] unil.ch).<\/p>\n<hr \/>\n<p><strong>Wissenschaftliche Gesellschaften<br \/>\n<\/strong><span class=\"color_15\"><a href=\"https:\/\/www.animalbehaviour.live\/\">AB live<\/a>: Internationale und inklusive Platform mit Animal Behaviour Seminaren<br \/>\n<a href=\"https:\/\/behaviourafrica.wixsite.com\/community\" target=\"_self\">Animal Behaviour Community Africa<\/a><\/span><br \/>\n<a href=\"http:\/\/asab.nottingham.ac.uk\/index.php\">ASAB<\/a>: Association for the Study of Animal Behaviour<br \/>\n<a href=\"https:\/\/www.animalbehaviorsociety.org\/web\/index.php\">ABS<\/a>: Animal Behavior Society<br \/>\n<a href=\"http:\/\/www.comparativecognition.org\/\">CCS<\/a>: Comparative Cognition Society<br \/>\n<a href=\"https:\/\/www.cambridge.org\/core\/membership\/ehbea\/about-us\">EHBEA<\/a>: European Human Behaviour and Evolution Association<br \/>\n<a href=\"http:\/\/www.eseb.org\/\">ESEB<\/a>: European Society for Evolutionary Biology<br \/>\n<a href=\"https:\/\/www.eslrsociety.org\/\">ESLR<\/a>: Netzwerk f\u00fcr Nachwuchswissenschaftler\/innen im Bereich kultureller Evolution<br \/>\n<a href=\"http:\/\/www.dzg-ev.de\/\">DZG<\/a>: Deutsche Zoologische Gesellschaft, Fachgruppe: <a href=\"https:\/\/www.dzg-ev.de\/fachgruppen\/verhaltensbiologie\/\">Verhaltensbiologie<\/a><br \/>\n<a href=\"https:\/\/www.hbes.com\/\">HBES<\/a>: Human Behavior and Evolution Society<br \/>\n<a href=\"http:\/\/www.ethologycouncil.org\/?page_id=166\">ICE<\/a>: International Council of Ethologists (listet alle ethologischen Gesellschaften)<br \/>\n<a href=\"http:\/\/www.neuroethology.org\/\">ICN<\/a>: International Society for Neuroethology<br \/>\n<a href=\"https:\/\/www.applied-ethology.org\/About_ISAE.html\">ISAE<\/a>: International Society for Applied Ethology<br \/>\n<a href=\"https:\/\/isaz.net\/\">ISAZ<\/a>: International Society for Anthrozoology<br \/>\n<a href=\"http:\/\/www.behavecol.com\/\">ISBE<\/a>: International Society of Behavioral Ecology<br \/>\n<a href=\"https:\/\/www.nwg-info.de\/\">NWG<\/a>: Neurowissenschaftliche Gesellschaft<br \/>\n<a href=\"http:\/\/www.gedragsbiologie.nl\/\">NVG<\/a>: Netherlands Society for Behavioural Biology<br \/>\n<a href=\"https:\/\/www.sortee.org\/\">SORTEE<\/a>: Society for Open, Reliable &amp; Transparent Ecology &amp; Evolutionary Biology<br \/>\n<a href=\"http:\/\/www.swiss-zoological-society.org\/en\/\">SZS<\/a>: Schweizer Zoologische Gesellschaft<br \/>\n<a href=\"https:\/\/www.vbio.de\/\">VBIO<\/a>: Verband Biologie, Biowissenschaften und Biomedizin in Deutschland<br \/>\n<a href=\"https:\/\/wocineeb.wordpress.com\/\">WOC in EEB<\/a>: Slackchannel f\u00fcr Wissenschaftlerinnen of colour im Bereich \u00d6kologie &amp; Evolutionsbiologie<\/p>\n<hr \/>\n<p><strong>Stipendien \/ F\u00f6rderungen<br \/>\n<\/strong><a href=\"https:\/\/www.daad.de\/en\/\">DAAD<\/a>: Deutscher Akademischer Austauschdienst<br \/>\n<a href=\"http:\/\/www.dfg.de\/\">DFG<\/a>: Deutsche Forschungsgemeinschaft<br \/>\n<a href=\"https:\/\/erc.europa.eu\/\">ERC<\/a>: European Research Council<br \/>\n<a href=\"https:\/\/www.fwf.ac.at\/en\/\">FWF<\/a>: Der Forschungsfonds von \u00d6sterreich<br \/>\n<a href=\"http:\/\/www.humboldt-foundation.de\/web\/pub_progsearch.main?p_lang=en&amp;p_forschungsaufenthalt_id=1&amp;p_karrierestufe_id=1&amp;p_promotions_jahr=2019&amp;p_nation=GRO&amp;p_button_search=Search#programmsuche_ergebnis\">Humboldt Stiftung<\/a><br \/>\n<a href=\"https:\/\/www.forwomeninscience.com\/?locale=en\">L\u2019Or\u00e9al &#8211; UNESCO<\/a>: for Women in Science<br \/>\n<a href=\"http:\/\/www.snf.ch\/en\/Pages\/default.aspx\">SNF<\/a>: Schweizer Nationalfonds zur F\u00f6rderung der wissenschaftlichen Forschung<br \/>\n<a href=\"http:\/\/www.volkswagen-stiftung.de\/\">Volkswagenstiftung<\/a><br \/>\n<a href=\"https:\/\/cnv-stiftung.de\/en\/goals\">CNV<\/a>: Christiane N\u00fcsslein-Volhard Stiftung zur F\u00f6rderung von Wissenschaft und Forschung unterst\u00fctzt begabte junge Wissenschaftlerinnen mit Kindern<\/p>\n<hr \/>\n<p><strong>Tierschutz \/ Tierethik Ressourcen<br \/>\n<\/strong><a href=\"https:\/\/www.nc3rs.org.uk\/\">National Centre for the 3Rs<\/a><br \/>\n<a href=\"https:\/\/www.applied-ethology.org\/Ethical_Guidelines.html\">Guidelines<\/a> for ethical treatment of animals in Applied Sciences by ISAE<br \/>\n<a href=\"https:\/\/www.sciencedirect.com\/science\/article\/pii\/S0003347219303628\">Guidelines<\/a> for the treatment of animals in behavioural research and teaching by ASAB<br \/>\n<a href=\"http:\/\/www.felasa.eu\/\">FELASA<\/a>: Federation of European Laboratory Animal Science Associations<\/p>\n<hr \/>\n<p><strong>Wissensvermittlung &#8211; Verhaltensbiologie f\u00fcr alle<br \/>\n<\/strong><a href=\"https:\/\/www.isas.de\/en\/en-kompakt\/book-a-scientist-2024\">Book a Scientist<\/a>: Speeddating mit Wissenschaftler der Leibniz Gemeinschaft<br \/>\n<a href=\"https:\/\/ethologisch.de\/\">ETHOlogisch: Verhalten verstehen<\/a><br \/>\n<a href=\"https:\/\/www.naturetoday.com\/intl\/en\/home\">Nature Today<\/a><br \/>\n<a href=\"https:\/\/www.skypeascientist.com\/\">Skype a scientist<\/a><\/p>\n<hr \/>\n<\/div>\n<\/div>\n","protected":false},"excerpt":{"rendered":"<p>Hier finden Sie eine Liste an Links, die Sie interessieren k\u00f6nnten, wenn Sie sich f\u00fcr Verhaltensbiologie interessieren. Verhaltensbiologie studieren ABC vergibt Mikrostipendien und Mentoren\/innen an Verhaltensbiologiestudierende Online Kurs: Einf\u00fchrung in die Verhaltensbiologie (von Naguib, Savage &amp; Snijders) Online Kurs: Animal Cultures (von einem Team f\u00fchrender Wissenschaftler\/innen) Let&#8217;s talk fieldwork: Initiative zur Sensibilisierung von Feldarbeit, um die Herausforderungen vor Ort zu minimieren. MSc Programme in Deutschland Weltweite MSc und PhD Programme Es gibt viele verschiedene Programme, Forschungsinstitute und Karrierewege, wobei man leicht den \u00dcberblick verlieren kann. Zwei unserer erweiterten Vorstandsmitglieder haben sich bereiterkl\u00e4rt alle m\u00f6glichen Fragen zur Karriereplanung zu beantworten. Seien Sie nicht sch\u00fcchtern, die beiden freuen sich kontaktiert zu werden. Senden Sie eine E-Mail an\u00a0Dr. Cristina Tuni (cristina.tuni[at]biologie.uni-muenchen.de) oder Prof. Erica van de Waal (erica.vandewaal [at] unil.ch). Wissenschaftliche Gesellschaften AB live: Internationale und inklusive Platform mit Animal Behaviour Seminaren Animal Behaviour Community Africa ASAB: Association for the Study of Animal Behaviour ABS: Animal Behavior Society CCS: Comparative Cognition Society EHBEA: European Human Behaviour and Evolution Association ESEB: European Society for Evolutionary Biology ESLR: Netzwerk f\u00fcr Nachwuchswissenschaftler\/innen im Bereich kultureller Evolution DZG: Deutsche Zoologische Gesellschaft, Fachgruppe: Verhaltensbiologie HBES: Human Behavior and Evolution Society ICE: International Council of Ethologists (listet alle ethologischen Gesellschaften) ICN: International Society for Neuroethology ISAE: International Society for Applied Ethology ISAZ: International Society for Anthrozoology ISBE: International Society of Behavioral Ecology NWG: Neurowissenschaftliche Gesellschaft NVG: Netherlands Society for Behavioural Biology SORTEE: Society for Open, Reliable &amp; Transparent Ecology &amp; Evolutionary Biology SZS: Schweizer Zoologische Gesellschaft VBIO: Verband Biologie, Biowissenschaften und Biomedizin in Deutschland WOC in EEB: Slackchannel f\u00fcr Wissenschaftlerinnen of colour im Bereich \u00d6kologie &amp; Evolutionsbiologie Stipendien \/ F\u00f6rderungen DAAD: Deutscher Akademischer Austauschdienst DFG: Deutsche Forschungsgemeinschaft ERC: European Research Council FWF: Der Forschungsfonds von \u00d6sterreich Humboldt Stiftung L\u2019Or\u00e9al &#8211; UNESCO: for Women in Science SNF: Schweizer Nationalfonds zur F\u00f6rderung der wissenschaftlichen Forschung Volkswagenstiftung CNV: Christiane N\u00fcsslein-Volhard Stiftung zur F\u00f6rderung von Wissenschaft und Forschung unterst\u00fctzt begabte junge Wissenschaftlerinnen mit Kindern Tierschutz \/ Tierethik Ressourcen National Centre for the 3Rs Guidelines for ethical treatment of animals in Applied Sciences by ISAE Guidelines for the treatment of animals in behavioural research and teaching by ASAB FELASA: Federation of European Laboratory Animal Science Associations Wissensvermittlung &#8211; Verhaltensbiologie f\u00fcr alle Book a Scientist: Speeddating mit Wissenschaftler der Leibniz Gemeinschaft ETHOlogisch: Verhalten verstehen Nature Today Skype a scientist<\/p>\n","protected":false},"author":1,"featured_media":0,"parent":0,"menu_order":0,"comment_status":"closed","ping_status":"closed","template":"","meta":{"footnotes":""},"class_list":["post-168","page","type-page","status-publish","hentry"],"translation":{"provider":"WPGlobus","version":"3.0.2","language":"de","enabled_languages":["en","de"],"languages":{"en":{"title":true,"content":true,"excerpt":false},"de":{"title":true,"content":true,"excerpt":false}}},"_links":{"self":[{"href":"https:\/\/www.etho-ges.de\/wordpress\/de\/wp-json\/wp\/v2\/pages\/168","targetHints":{"allow":["GET"]}}],"collection":[{"href":"https:\/\/www.etho-ges.de\/wordpress\/de\/wp-json\/wp\/v2\/pages"}],"about":[{"href":"https:\/\/www.etho-ges.de\/wordpress\/de\/wp-json\/wp\/v2\/types\/page"}],"author":[{"embeddable":true,"href":"https:\/\/www.etho-ges.de\/wordpress\/de\/wp-json\/wp\/v2\/users\/1"}],"replies":[{"embeddable":true,"href":"https:\/\/www.etho-ges.de\/wordpress\/de\/wp-json\/wp\/v2\/comments?post=168"}],"version-history":[{"count":103,"href":"https:\/\/www.etho-ges.de\/wordpress\/de\/wp-json\/wp\/v2\/pages\/168\/revisions"}],"predecessor-version":[{"id":2410,"href":"https:\/\/www.etho-ges.de\/wordpress\/de\/wp-json\/wp\/v2\/pages\/168\/revisions\/2410"}],"wp:attachment":[{"href":"https:\/\/www.etho-ges.de\/wordpress\/de\/wp-json\/wp\/v2\/media?parent=168"}],"curies":[{"name":"wp","href":"https:\/\/api.w.org\/{rel}","templated":true}]}}