{"id":19,"date":"2015-08-20T11:45:23","date_gmt":"2015-08-20T09:45:23","guid":{"rendered":"http:\/\/www.etho-ges.de\/wordpress\/?page_id=19"},"modified":"2026-02-17T17:34:05","modified_gmt":"2026-02-17T16:34:05","slug":"council","status":"publish","type":"page","link":"https:\/\/www.etho-ges.de\/wordpress\/de\/council\/","title":{"rendered":"Vorstand"},"content":{"rendered":"<div class=\"indentedContentContainer\">\n<p><a href=\"https:\/\/www.etho-ges.de\/wordpress\/wp-content\/uploads\/2021\/08\/society.jpg\"><img loading=\"lazy\" decoding=\"async\" class=\"wp-image-1005 aligncenter\" src=\"https:\/\/www.etho-ges.de\/wordpress\/wp-content\/uploads\/2021\/08\/society.jpg\" alt=\"Vorstand Seite \u2013 Bild einer jungen Graugans\" width=\"540\" height=\"300\" \/><\/a><\/p>\n<hr \/>\n<p><strong><br \/>\nVorstand<\/strong><\/p>\n<p><strong>Pr\u00e4sident: <a href=\"https:\/\/www.bi.mpg.de\/mitarbeitende\/115665\">Prof. Wolfgang Goymann<\/a><br \/>\n<\/strong>Max Planck Institut f\u00fcr Ornithologie<br \/>\nAbteilung f\u00fcr Verhaltensneurobiologie<br \/>\nEberhard-Gwinner-Stra\u00dfe, Haus Nr. 6<br \/>\n82319 Seewiesen, Deutschland<br \/>\nTel.: +49 8157 932301<br \/>\nE-Mail: goymann[at]orn.mpg.de<\/p>\n<p><strong>Stellvertretende Pr\u00e4sidentin: <a href=\"https:\/\/barbaracaspers.wordpress.com\/cv\/\">Prof. Barbara Caspers<\/a><br \/>\n<\/strong>Universit\u00e4t Bielefeld<br \/>\nAbteilung f\u00fcr Verhaltensbiologie<br \/>\nMorgenbreede 45<br \/>\n33615 Bielefeld, Deutschland<br \/>\nTel.: +49 521 106 2825<br \/>\nE-Mail: barbara.caspers[at]uni-bielefeld.de<\/p>\n<p><strong>Gesch\u00e4ftsf\u00fchrerin: <a href=\"https:\/\/manon-schweinfurth.jimdofree.com\/\">Dr. Manon Schweinfurth<\/a><br \/>\n<\/strong>University St. Andrews<br \/>\nSchool of Psychology &amp; Neuroscience<br \/>\nSt Mary&#8217;s Quad<br \/>\nSt Andrews, KY16 9JP, Vereinigtes K\u00f6nigreich<br \/>\nTel.: +44 1334 463040<br \/>\nE-Mail: ms397[at]st-andrews.ac.uk<\/p>\n<p><strong>Schatzmeisterin: <a href=\"https:\/\/www.uni-muenster.de\/Biologie.NeuroVer\/Verhaltensbiologie\/Team\/rebeccarimbach.shtml\">Dr. Rebecca Rimbach<\/a><br \/>\n<\/strong><span class=\"p-locality\"><span class=\"p-org\">Universit\u00e4t M\u00fcnster<\/span><br \/>\n<span class=\"p-name\">Institut f\u00fcr Neuro- und Verhaltensbiologie<br \/>\nAbteilung f\u00fcr Verhaltensbiologie<br \/>\n<\/span>Badestra\u00dfe 9, <span class=\"p-postal-code\">48149<\/span> M\u00fcnster, Deutschland<br \/>\nTel.: +49 251 83 21268<br \/>\nE-Mail: rrimbach[at]uni-muenster.de<\/span><\/p>\n<p><strong>Sekret\u00e4r:<\/strong><strong> <a href=\"https:\/\/www.mmu.ac.uk\/science-engineering\/staff\/natural-sciences\/staff\/profile\/dr-joachim-frommen\">PD Dr. Joachim Frommen<\/a><\/strong><br \/>\nManchester Metropolitan University<br \/>\nDepartment of Natural Sciences<br \/>\nChester Street<br \/>\nM15GD Manchester, Vereinigtes K\u00f6nigreich<br \/>\nE-Mail: info[at]etho-ges.de<\/p>\n<p>&nbsp;<\/p>\n<p><strong>Erweiterter Vorstand<\/strong><\/p>\n<p><strong><a href=\"https:\/\/www.ab.mpg.de\/person\/99916\">Dr. Hanja Brandl<\/a> (Kommunikationsbeauftragte)<br \/>\n<\/strong>Universit\u00e4t Konstanz<br \/>\nCentre for the Advanced Study of Collective Behaviour<br \/>\nAm Obstberg 1<br \/>\n78315 Radolfzell, Deutschland<br \/>\nTel.: +49 7732 1501 920<br \/>\nE-Mail: hbrandl[at]ab.mpg.de<\/p>\n<p><strong><a href=\"http:\/\/www.soziobio.uni-goettingen.de\/en\/team\/fichtel.html\">Dr. Claudia Fichtel<\/a> (ehemalige Pr\u00e4sidentin)<br \/>\n<\/strong>Deutsches Primatenzentrum<br \/>\nAbteilung f\u00fcr Verhaltens\u00f6kologie und Soziobiologie<br \/>\nKellnerweg 4<br \/>\n37077 G\u00f6ttingen, Deutschland<br \/>\nTel.: +49 551 3851467<br \/>\nE-Mail: claudia.fichtel[at]gwdg.de<\/p>\n<p><a href=\"https:\/\/www.eva.mpg.de\/pbe\/people\/annika-freudiger\/\"><strong>Annika Freudiger<\/strong><\/a> <strong>(Nachwuchswissenschaftler\/innen Vertreterin)<\/strong><br \/>\nMax Planck Institute f\u00fcr Evolution\u00e4re Anthropologie<br \/>\nAbteilung f\u00fcr Verhalten und Evolution von Primaten<br \/>\nDeutscher Platz 6<br \/>\n04103 Leipzig, Deutschland<br \/>\nE-Mail: annika_freudiger[at]eva.mpg.de<\/p>\n<\/div>\n<div class=\"indentedContentContainer\">\n<p><strong><a href=\"https:\/\/www.bi.mpg.de\/person\/115883\/2855\">Martin K\u00fcblbeck<\/a>\u00a0(<span class=\"Y2IQFc\" lang=\"de\">Assistent der Schatzmeisterin<\/span>)<br \/>\n<\/strong>Max Planck Institut f\u00fcr Ornithologie<br \/>\nAbteilung f\u00fcr Verhaltensneurobiologie<br \/>\nEberhard-Gwinner-Stra\u00dfe, Haus Nr. 6<br \/>\n82319 Seewiesen, Deutschland<br \/>\nTel.: +<span class=\"phone mpg-icon mpg-icon-phone\">49 8157 932391<\/span><br \/>\nE-Mail: mkueblbeck[at]orn.mpg.de<\/p>\n<p><strong><a href=\"https:\/\/www.wur.nl\/en\/Persons\/Alexander-dr.-A-Alexander-Kotrschal.htm\">Assoc. Prof. Alexander Kotrschal<\/a> (<span class=\"Y2IQFc\" lang=\"de\">F\u00f6rderbeauftragter<\/span>)<\/strong><br \/>\nWageningen University<br \/>\nDepartment of Behavioural Ecology<br \/>\nDe Elst 1<br \/>\n6708WD Wageningen, Niederlande<br \/>\nTel.: +31 61 4317505<br \/>\nE-Mail: alexander.kotrschal[at]wur.nl<\/p>\n<div class=\"indentedContentContainer\">\n<p><strong><a href=\"https:\/\/www.dpz.eu\/en\/profile\/tamara-sorg-463\">Tamara Sorg<\/a> (Nachwuchswissenschaftler\/innen Vertreterin)<br \/>\n<\/strong>Deutsches Primatenzentrum<br \/>\nAbteilung f\u00fcr Verhaltens\u00f6kologie und Soziobiologie<br \/>\nKellnerweg 4<br \/>\n37077 G\u00f6ttingen, Deutschland<br \/>\nE-Mail: TSorg[at]dpz.eu<\/p>\n<p><strong><a href=\"https:\/\/www.rug.nl\/staff\/a.strauss\/?lang=en\">Dr. Aurelia Strau\u00df<\/a> (Karriereberaterin)<br \/>\n<\/strong><span data-olk-copy-source=\"MessageBody\">University of Calgary<br \/>\nFaculty of Veterinary Medicine<br \/>\n<\/span>3280 Hospital Dr. NW<br \/>\nAB T2N 4Z6 Calgary, Kanada<br \/>\nTel.: TBA<br \/>\nEmail: aurelia.strauss[at]ucalgary.ca<\/p>\n<p><a href=\"https:\/\/sites.google.com\/view\/tunibiolab\/\"><strong><span lang=\"en-GB\">Asst. Prof. Cristina Tuni<\/span><\/strong><\/a><span lang=\"en-GB\"><strong> (Karriereberaterin)<br \/>\n<\/strong><\/span><span lang=\"en-GB\">University of Turin<\/span><span lang=\"en-GB\"><br \/>\n<\/span><span lang=\"en-GB\">Department of Life Sciences and Systems Biology<br \/>\n<\/span><span lang=\"en-GB\">Via Verdi 8<br \/>\n10124 Torino, Italien<\/span><span lang=\"en-GB\"><br \/>\n<\/span><span lang=\"en-GB\">Tel.: TBA<br \/>\n<\/span><span lang=\"en-GB\">E-Mail: <\/span>cristina.tuni[at]unito.it<\/p>\n<p>&nbsp;<\/p>\n<p><strong>Tierschutzbeauftragte<\/strong><\/p>\n<p><strong> <a href=\"https:\/\/www.tierschutz.vetsuisse.unibe.ch\/about_us\/personnel\/prof_dr_wuerbel_hanno\/index_eng.html\">Prof. Hanno W\u00fcrbel<\/a> (Koordinator)<br \/>\n<\/strong>Universit\u00e4t Bern, Vetsuisse Fakult\u00e4t<br \/>\nAbteilung f\u00fcr Tierschutz<br \/>\nL\u00e4nggassstrasse 120<br \/>\n3012 Bern, Schweiz<br \/>\nTel.: +41 31 631 25 30<br \/>\nE-Mail: hanno.wuerbel[at]vetsuisse.unibe.ch<\/p>\n<p><strong> <a href=\"https:\/\/becogbio.univie.ac.at\/people\/scientific-staff\/eva-millesi\/\">Prof. Eva Millesi<\/a><\/strong><br \/>\nUniversit\u00e4t Wien<br \/>\n<span data-olk-copy-source=\"MessageBody\">Department of Behavioral and Cognitive Biology<br \/>\nDjerassiplatz 1, 1030\u00a0<\/span>Wien, \u00d6sterreich<br \/>\nTel.: +43 1 4277 54465<br \/>\nE-Mail: eva.millesi[at]univie.ac.at<\/p>\n<p>&nbsp;<\/p>\n<p><strong>Lehrbeauftragte<\/strong><\/p>\n<p><strong> <a href=\"https:\/\/www.chemie-biologie.uni-siegen.de\/biologie\/fachgruppen\/oekologie\/witte\/\">Prof. Klaudia Witte<\/a><\/strong><br \/>\nUniversit\u00e4t Siegen<br \/>\nInstitut f\u00fcr Biologie<br \/>\nAdolf-Reichwein-Str. 2<br \/>\n57068 Siegen, Deutschland<br \/>\nTel.: +49 271 740 3297<br \/>\nE-Mail: witte[at]biologie.uni-siegen.de<\/p>\n<p>&nbsp;<\/p>\n<p><strong>Kassenpr\u00fcfer<\/strong><\/p>\n<p><strong> <a href=\"https:\/\/www.uni-goettingen.de\/de\/513018.html\">Dr. Dietmar Zinner<\/a><\/strong><br \/>\nDeutsches Primatenzentrum<br \/>\nAbteilung f\u00fcr Kognitive Ethologie<br \/>\nKellnerweg 4<br \/>\n37077 G\u00f6ttingen, Deutschland<br \/>\nTel.: +49 551 3851 129<br \/>\nE-Mail: dzinner[at]dwdg.de<\/p>\n<\/div>\n<div class=\"indentedContentContainer\">\n<p><strong> <a href=\"https:\/\/www.researchgate.net\/profile\/Iris_Weiche\">Dr. Iris Weiche<\/a><\/strong><br \/>\nUniversit\u00e4t T\u00fcbingen<br \/>\nAbteilung f\u00fcr Physiologische \u00d6kologie der Tiere<br \/>\nAuf der Morgenstelle 5<br \/>\n72076 T\u00fcbingen, Deutschland<br \/>\nTel.: +49 7071 5495585<br \/>\nE-Mail: iris.weiche[at]web.de<\/p>\n<hr \/>\n<\/div>\n<div class=\"indentedContentContainer\">\n<p>Letztes Update: 17. Februar 2026<\/p>\n<hr \/>\n<\/div>\n<\/div>\n","protected":false},"excerpt":{"rendered":"<p>Vorstand Pr\u00e4sident: Prof. Wolfgang Goymann Max Planck Institut f\u00fcr Ornithologie Abteilung f\u00fcr Verhaltensneurobiologie Eberhard-Gwinner-Stra\u00dfe, Haus Nr. 6 82319 Seewiesen, Deutschland Tel.: +49 8157 932301 E-Mail: goymann[at]orn.mpg.de Stellvertretende Pr\u00e4sidentin: Prof. Barbara Caspers Universit\u00e4t Bielefeld Abteilung f\u00fcr Verhaltensbiologie Morgenbreede 45 33615 Bielefeld, Deutschland Tel.: +49 521 106 2825 E-Mail: barbara.caspers[at]uni-bielefeld.de Gesch\u00e4ftsf\u00fchrerin: Dr. Manon Schweinfurth University St. Andrews School of Psychology &amp; Neuroscience St Mary&#8217;s Quad St Andrews, KY16 9JP, Vereinigtes K\u00f6nigreich Tel.: +44 1334 463040 E-Mail: ms397[at]st-andrews.ac.uk Schatzmeisterin: Dr. Rebecca Rimbach Universit\u00e4t M\u00fcnster Institut f\u00fcr Neuro- und Verhaltensbiologie Abteilung f\u00fcr Verhaltensbiologie Badestra\u00dfe 9, 48149 M\u00fcnster, Deutschland Tel.: +49 251 83 21268 E-Mail: rrimbach[at]uni-muenster.de Sekret\u00e4r: PD Dr. Joachim Frommen Manchester Metropolitan University Department of Natural Sciences Chester Street M15GD Manchester, Vereinigtes K\u00f6nigreich E-Mail: info[at]etho-ges.de &nbsp; Erweiterter Vorstand Dr. Hanja Brandl (Kommunikationsbeauftragte) Universit\u00e4t Konstanz Centre for the Advanced Study of Collective Behaviour Am Obstberg 1 78315 Radolfzell, Deutschland Tel.: +49 7732 1501 920 E-Mail: hbrandl[at]ab.mpg.de Dr. Claudia Fichtel (ehemalige Pr\u00e4sidentin) Deutsches Primatenzentrum Abteilung f\u00fcr Verhaltens\u00f6kologie und Soziobiologie Kellnerweg 4 37077 G\u00f6ttingen, Deutschland Tel.: +49 551 3851467 E-Mail: claudia.fichtel[at]gwdg.de Annika Freudiger (Nachwuchswissenschaftler\/innen Vertreterin) Max Planck Institute f\u00fcr Evolution\u00e4re Anthropologie Abteilung f\u00fcr Verhalten und Evolution von Primaten Deutscher Platz 6 04103 Leipzig, Deutschland E-Mail: annika_freudiger[at]eva.mpg.de Martin K\u00fcblbeck\u00a0(Assistent der Schatzmeisterin) Max Planck Institut f\u00fcr Ornithologie Abteilung f\u00fcr Verhaltensneurobiologie Eberhard-Gwinner-Stra\u00dfe, Haus Nr. 6 82319 Seewiesen, Deutschland Tel.: +49 8157 932391 E-Mail: mkueblbeck[at]orn.mpg.de Assoc. Prof. Alexander Kotrschal (F\u00f6rderbeauftragter) Wageningen University Department of Behavioural Ecology De Elst 1 6708WD Wageningen, Niederlande Tel.: +31 61 4317505 E-Mail: alexander.kotrschal[at]wur.nl Tamara Sorg (Nachwuchswissenschaftler\/innen Vertreterin) Deutsches Primatenzentrum Abteilung f\u00fcr Verhaltens\u00f6kologie und Soziobiologie Kellnerweg 4 37077 G\u00f6ttingen, Deutschland E-Mail: TSorg[at]dpz.eu Dr. Aurelia Strau\u00df (Karriereberaterin) University of Calgary Faculty of Veterinary Medicine 3280 Hospital Dr. NW AB T2N 4Z6 Calgary, Kanada Tel.: TBA Email: aurelia.strauss[at]ucalgary.ca Asst. Prof. Cristina Tuni (Karriereberaterin) University of Turin Department of Life Sciences and Systems Biology Via Verdi 8 10124 Torino, Italien Tel.: TBA E-Mail: cristina.tuni[at]unito.it &nbsp; Tierschutzbeauftragte Prof. Hanno W\u00fcrbel (Koordinator) Universit\u00e4t Bern, Vetsuisse Fakult\u00e4t Abteilung f\u00fcr Tierschutz L\u00e4nggassstrasse 120 3012 Bern, Schweiz Tel.: +41 31 631 25 30 E-Mail: hanno.wuerbel[at]vetsuisse.unibe.ch Prof. Eva Millesi Universit\u00e4t Wien Department of Behavioral and Cognitive Biology Djerassiplatz 1, 1030\u00a0Wien, \u00d6sterreich Tel.: +43 1 4277 54465 E-Mail: eva.millesi[at]univie.ac.at &nbsp; Lehrbeauftragte Prof. Klaudia Witte Universit\u00e4t Siegen Institut f\u00fcr Biologie Adolf-Reichwein-Str. 2 57068 Siegen, Deutschland Tel.: +49 271 740 3297 E-Mail: witte[at]biologie.uni-siegen.de &nbsp; Kassenpr\u00fcfer Dr. Dietmar Zinner Deutsches Primatenzentrum Abteilung f\u00fcr Kognitive Ethologie Kellnerweg 4 37077 G\u00f6ttingen, Deutschland Tel.: +49 551 3851 129 E-Mail: dzinner[at]dwdg.de Dr. Iris Weiche Universit\u00e4t T\u00fcbingen Abteilung f\u00fcr Physiologische \u00d6kologie der Tiere Auf der Morgenstelle 5 72076 T\u00fcbingen, Deutschland Tel.: +49 7071 5495585 E-Mail: iris.weiche[at]web.de Letztes Update: 17. Februar 2026<\/p>\n","protected":false},"author":1,"featured_media":0,"parent":0,"menu_order":3,"comment_status":"closed","ping_status":"closed","template":"","meta":{"footnotes":""},"class_list":["post-19","page","type-page","status-publish","hentry"],"translation":{"provider":"WPGlobus","version":"3.0.2","language":"de","enabled_languages":["en","de"],"languages":{"en":{"title":true,"content":true,"excerpt":false},"de":{"title":true,"content":true,"excerpt":false}}},"_links":{"self":[{"href":"https:\/\/www.etho-ges.de\/wordpress\/de\/wp-json\/wp\/v2\/pages\/19","targetHints":{"allow":["GET"]}}],"collection":[{"href":"https:\/\/www.etho-ges.de\/wordpress\/de\/wp-json\/wp\/v2\/pages"}],"about":[{"href":"https:\/\/www.etho-ges.de\/wordpress\/de\/wp-json\/wp\/v2\/types\/page"}],"author":[{"embeddable":true,"href":"https:\/\/www.etho-ges.de\/wordpress\/de\/wp-json\/wp\/v2\/users\/1"}],"replies":[{"embeddable":true,"href":"https:\/\/www.etho-ges.de\/wordpress\/de\/wp-json\/wp\/v2\/comments?post=19"}],"version-history":[{"count":91,"href":"https:\/\/www.etho-ges.de\/wordpress\/de\/wp-json\/wp\/v2\/pages\/19\/revisions"}],"predecessor-version":[{"id":2348,"href":"https:\/\/www.etho-ges.de\/wordpress\/de\/wp-json\/wp\/v2\/pages\/19\/revisions\/2348"}],"wp:attachment":[{"href":"https:\/\/www.etho-ges.de\/wordpress\/de\/wp-json\/wp\/v2\/media?parent=19"}],"curies":[{"name":"wp","href":"https:\/\/api.w.org\/{rel}","templated":true}]}}