{"id":2,"date":"2015-06-22T11:27:26","date_gmt":"2015-06-22T09:27:26","guid":{"rendered":"\/?page_id=2"},"modified":"2025-02-13T16:55:18","modified_gmt":"2025-02-13T15:55:18","slug":"beispiel-seite","status":"publish","type":"page","link":"https:\/\/www.etho-ges.de\/wordpress\/de\/","title":{"rendered":"Ethologische Gesellschaft e.V."},"content":{"rendered":"<p><a href=\"https:\/\/www.etho-ges.de\/wordpress\/wp-content\/uploads\/2021\/08\/society.jpg\"><img loading=\"lazy\" decoding=\"async\" class=\"wp-image-1005 aligncenter\" src=\"https:\/\/www.etho-ges.de\/wordpress\/wp-content\/uploads\/2021\/08\/society.jpg\" alt=\"Ethologische Gesellschaft Seite \u2013 Bild einer jungen Graugans\" width=\"540\" height=\"300\" \/><\/a><\/p>\n<hr \/>\n<p style=\"text-align: justify;\"><strong>Die Gesellschaft<br \/>\n<\/strong>Die Ethologische Gesellschaft ist ein gemeinn\u00fctziger Verein mit dem Ziel verhaltensbiologische Forschung in der Wissenschaft und Lehre zu unterst\u00fctzen. Sie wurde am 10. Oktober 1978 in Basel (Schweiz) von 116 anwesenden Mitgliedern gegr\u00fcndet. Zur Zeit hat die Gesellschaft mehr als 400 Mitglieder; die meisten kommen aus deutschsprachigen L\u00e4ndern (Deutschland, \u00d6sterreich und Schweiz) sowie aus den Niederlanden.<\/p>\n<p style=\"text-align: justify;\">Alle aktiven oder ehemals aktiven Verhaltensforscher*innen sind in der Gesellschaft herzlich willkommen. Ebenso begr\u00fc\u00dft die Gesellschaft alle Mitglieder, die die Ziele der Gesellschaft gerne finanziell oder intellektuell unterst\u00fctzen wollen.<\/p>\n<p style=\"text-align: justify;\">Die Ethologische Gesellschaft ver\u00f6ffentlicht zweimal im Jahr die <a href=\"https:\/\/www.etho-ges.de\/wordpress\/etho-news\/\"><em>EthoNews<\/em><\/a>, die als PDF-Datei an alle Mitglieder versendet wird. Der Inhalt <em>der EthoNews<\/em> umfasst Informationen zu international relevanten verhaltensbiologischen Themen, Forschungsergebnissen und Perspektiven, Informationen \u00fcber Projekte und Konferenzen, sowie Zusammenfassungen von Bachelor-, Master- und Doktorarbeiten.<\/p>\n<p style=\"text-align: justify;\">Alle zwei Jahre vergibt die Gesellschaft den prestigetr\u00e4chtigen <a href=\"https:\/\/www.etho-ges.de\/wordpress\/awards\/\">Niko Tinbergen Preis<\/a> f\u00fcr herausragende verhaltensbiologische Forscher*innen. Das Preisgeld wird von der Zeitschrift <a href=\"https:\/\/onlinelibrary.wiley.com\/journal\/14390310\"><em>Ethology<\/em><\/a> gespendet. Die Gesellschaft <a href=\"https:\/\/www.etho-ges.de\/wordpress\/research-and-conference-funding\/\">unterst\u00fctzt<\/a> zudem Forschungsprojekte von Forschenden jeder Karrierephase und vergibt Zusch\u00fcsse f\u00fcr Konferenzbesuche. Die Ethologische Gesellschaft beteiligt sich auch an der Organisation der zweij\u00e4hrigen <em>European Conference on Behavioural Biology<\/em> (ECBB) und h\u00e4lt selbst ein Jahrestreffen ab. Zusammen mit der <a href=\"https:\/\/www.dzg-ev.de\/\">Deutschen Zoologischen Gesellschaft<\/a> organisiert sie j\u00e4hrliche Treffen f\u00fcr Master- und Promotionsstudierende.<\/p>\n<hr \/>\n<p style=\"text-align: justify;\">Als Ethologische Gesellschaft e.V. stehen wir f\u00fcr Toleranz, ungeteilte Menschenrechte und Gleichberechtigung und akzeptieren keinen Antisemitismus, Diskriminierung, Homophobie, <span data-markjs=\"true\" data-ogac=\"\" data-ogab=\"\" data-ogsc=\"\" data-ogsb=\"\">Rassis<\/span>mus oder Sexismus. Au\u00dferdem unterst\u00fctzen wir ausdr\u00fccklich die <a href=\"https:\/\/www.uni-jena.de\/22120\/jenaer-erklaerung\">Jenaer Erkl\u00e4rung<\/a> \u2018Das Konzept der Rasse ist das Ergebnis von <span data-markjs=\"true\" data-ogac=\"\" data-ogab=\"\" data-ogsc=\"\" data-ogsb=\"\">Rassis<\/span>mus und nicht dessen Voraussetzung\u2019, welche von der Deutschen Zoologischen Gesellschaft and dem Pr\u00e4sidenten der Friedrich Schiller Universit\u00e4t Jena unterst\u00fctzt wird.<\/p>\n<hr \/>\n<p style=\"text-align: justify;\">Die Ethologische Gesellschaft e.V. setzt sich f\u00fcr Nachhaltigkeit, \u00f6kologische Verantwortung und den Schutz unseres Planeten f\u00fcr zuk\u00fcnftige Generationen ein. Wir bef\u00fcrworten wissenschaftsbasierte Ma\u00dfnahmen gegen den Klimawandel, den Verlust der Biodiversit\u00e4t und die Ausbeutung nat\u00fcrlicher Ressourcen. Im Rahmen dieses Engagements haben wir einen <a href=\"https:\/\/zenodo.org\/records\/14864213\">Offenen Brief<\/a> unterzeichnet, gemeinsam mit Wissenschaftler*innen und Organisationen aus ganz Europa, der die R\u00fccknahme wichtiger Umweltauflagen kritisiert, die Klimaziele, Biodiversit\u00e4t und die \u00f6ffentliche Gesundheit gef\u00e4hrden.<\/p>\n<hr \/>\n","protected":false},"excerpt":{"rendered":"<p>Die Gesellschaft Die Ethologische Gesellschaft ist ein gemeinn\u00fctziger Verein mit dem Ziel verhaltensbiologische Forschung in der Wissenschaft und Lehre zu unterst\u00fctzen. Sie wurde am 10. Oktober 1978 in Basel (Schweiz) von 116 anwesenden Mitgliedern gegr\u00fcndet. Zur Zeit hat die Gesellschaft mehr als 400 Mitglieder; die meisten kommen aus deutschsprachigen L\u00e4ndern (Deutschland, \u00d6sterreich und Schweiz) sowie aus den Niederlanden. Alle aktiven oder ehemals aktiven Verhaltensforscher*innen sind in der Gesellschaft herzlich willkommen. Ebenso begr\u00fc\u00dft die Gesellschaft alle Mitglieder, die die Ziele der Gesellschaft gerne finanziell oder intellektuell unterst\u00fctzen wollen. Die Ethologische Gesellschaft ver\u00f6ffentlicht zweimal im Jahr die EthoNews, die als PDF-Datei an alle Mitglieder versendet wird. Der Inhalt der EthoNews umfasst Informationen zu international relevanten verhaltensbiologischen Themen, Forschungsergebnissen und Perspektiven, Informationen \u00fcber Projekte und Konferenzen, sowie Zusammenfassungen von Bachelor-, Master- und Doktorarbeiten. Alle zwei Jahre vergibt die Gesellschaft den prestigetr\u00e4chtigen Niko Tinbergen Preis f\u00fcr herausragende verhaltensbiologische Forscher*innen. Das Preisgeld wird von der Zeitschrift Ethology gespendet. Die Gesellschaft unterst\u00fctzt zudem Forschungsprojekte von Forschenden jeder Karrierephase und vergibt Zusch\u00fcsse f\u00fcr Konferenzbesuche. Die Ethologische Gesellschaft beteiligt sich auch an der Organisation der zweij\u00e4hrigen European Conference on Behavioural Biology (ECBB) und h\u00e4lt selbst ein Jahrestreffen ab. Zusammen mit der Deutschen Zoologischen Gesellschaft organisiert sie j\u00e4hrliche Treffen f\u00fcr Master- und Promotionsstudierende. Als Ethologische Gesellschaft e.V. stehen wir f\u00fcr Toleranz, ungeteilte Menschenrechte und Gleichberechtigung und akzeptieren keinen Antisemitismus, Diskriminierung, Homophobie, Rassismus oder Sexismus. Au\u00dferdem unterst\u00fctzen wir ausdr\u00fccklich die Jenaer Erkl\u00e4rung \u2018Das Konzept der Rasse ist das Ergebnis von Rassismus und nicht dessen Voraussetzung\u2019, welche von der Deutschen Zoologischen Gesellschaft and dem Pr\u00e4sidenten der Friedrich Schiller Universit\u00e4t Jena unterst\u00fctzt wird. Die Ethologische Gesellschaft e.V. setzt sich f\u00fcr Nachhaltigkeit, \u00f6kologische Verantwortung und den Schutz unseres Planeten f\u00fcr zuk\u00fcnftige Generationen ein. Wir bef\u00fcrworten wissenschaftsbasierte Ma\u00dfnahmen gegen den Klimawandel, den Verlust der Biodiversit\u00e4t und die Ausbeutung nat\u00fcrlicher Ressourcen. Im Rahmen dieses Engagements haben wir einen Offenen Brief unterzeichnet, gemeinsam mit Wissenschaftler*innen und Organisationen aus ganz Europa, der die R\u00fccknahme wichtiger Umweltauflagen kritisiert, die Klimaziele, Biodiversit\u00e4t und die \u00f6ffentliche Gesundheit gef\u00e4hrden.<\/p>\n","protected":false},"author":1,"featured_media":0,"parent":0,"menu_order":1,"comment_status":"closed","ping_status":"closed","template":"","meta":{"footnotes":""},"class_list":["post-2","page","type-page","status-publish","hentry"],"translation":{"provider":"WPGlobus","version":"3.0.2","language":"de","enabled_languages":["en","de"],"languages":{"en":{"title":true,"content":true,"excerpt":false},"de":{"title":true,"content":true,"excerpt":false}}},"_links":{"self":[{"href":"https:\/\/www.etho-ges.de\/wordpress\/de\/wp-json\/wp\/v2\/pages\/2","targetHints":{"allow":["GET"]}}],"collection":[{"href":"https:\/\/www.etho-ges.de\/wordpress\/de\/wp-json\/wp\/v2\/pages"}],"about":[{"href":"https:\/\/www.etho-ges.de\/wordpress\/de\/wp-json\/wp\/v2\/types\/page"}],"author":[{"embeddable":true,"href":"https:\/\/www.etho-ges.de\/wordpress\/de\/wp-json\/wp\/v2\/users\/1"}],"replies":[{"embeddable":true,"href":"https:\/\/www.etho-ges.de\/wordpress\/de\/wp-json\/wp\/v2\/comments?post=2"}],"version-history":[{"count":135,"href":"https:\/\/www.etho-ges.de\/wordpress\/de\/wp-json\/wp\/v2\/pages\/2\/revisions"}],"predecessor-version":[{"id":2240,"href":"https:\/\/www.etho-ges.de\/wordpress\/de\/wp-json\/wp\/v2\/pages\/2\/revisions\/2240"}],"wp:attachment":[{"href":"https:\/\/www.etho-ges.de\/wordpress\/de\/wp-json\/wp\/v2\/media?parent=2"}],"curies":[{"name":"wp","href":"https:\/\/api.w.org\/{rel}","templated":true}]}}