{"id":2324,"date":"2026-01-13T18:47:32","date_gmt":"2026-01-13T17:47:32","guid":{"rendered":"https:\/\/www.etho-ges.de\/wordpress\/?page_id=2324"},"modified":"2026-03-16T16:57:10","modified_gmt":"2026-03-16T15:57:10","slug":"past-conferences","status":"publish","type":"page","link":"https:\/\/www.etho-ges.de\/wordpress\/de\/past-conferences\/","title":{"rendered":"Vergangene Tagungen"},"content":{"rendered":"<p><a href=\"https:\/\/www.etho-ges.de\/wordpress\/wp-content\/uploads\/2026\/03\/EthoGes_Giraffe-birds-scaled.jpg\"><img loading=\"lazy\" decoding=\"async\" class=\"aligncenter size-full wp-image-2399\" src=\"https:\/\/www.etho-ges.de\/wordpress\/wp-content\/uploads\/2026\/03\/EthoGes_Giraffe-birds-scaled.jpg\" alt=\"Kauende Giraffe\" width=\"540\" height=\"300\" \/><\/a><\/p>\n<hr \/>\n<p style=\"text-align: justify;\" data-start=\"0\" data-end=\"920\">Die Ethologische Gesellschaft e.V. ist eine etablierte wissenschaftliche Fachgesellschaft, die sich 1979 in Basel (Schweiz) zum ersten Mal getroffen hat. Seit ihrer Gr\u00fcndung spielt die Gesellschaft eine aktive Rolle bei der F\u00f6rderung des wissenschaftlichen Austauschs und der Zusammenarbeit innerhalb der ethologischen Forschungsgemeinschaft. In den ersten Jahren wurden die Tagungen im zweij\u00e4hrigen Rhythmus durchgef\u00fchrt. Seit 2006 finden sie j\u00e4hrlich statt, um dem Wachstum der Gesellschaft Rechnung zu tragen. Neben ihren eigenen Tagungen war die Ethologische Gesellschaft Mitbegr\u00fcnderin der European Conference for Behavioural Biology (ECBB), die gemeinsam mit der Association for the Study of Animal Behaviour (ASAB) ins Leben gerufen wurde. Die ECBB hat sich seither zu einem wichtigen internationalen Kongress f\u00fcr Verhaltensbiologinnen und -biologen in Europa und dar\u00fcber hinaus entwickelt.<\/p>\n<p style=\"text-align: justify;\" data-start=\"922\" data-end=\"1573\" data-is-last-node=\"\" data-is-only-node=\"\">Alle Tagungen werden von Mitgliedern der Gesellschaft organisiert und spiegeln das hohe Engagement und die enge Verbundenheit unserer Gemeinschaft wider. Die Organisation einer Tagung erfordert einen erheblichen zeitlichen und organisatorischen Aufwand, aber stellt auch einen \u00e4usserst wertvollen Beitrag zur Arbeit der Gesellschaft und zur wissenschaftlichen Gemeinschaft dar. Wir danken allen bisherigen und zuk\u00fcnftigen Organisatorinnen und Organisatoren herzlich. Unten finden Sie eine \u00dcbersicht \u00fcber die bisherigen Tagungen und ihre Austragungsorte.<\/p>\n<hr \/>\n<div style=\"overflow-x: auto;\">\n<p><strong>Treffen der Ethologische Gesellschaft (EthoGes)<\/strong><\/p>\n<table>\n<colgroup>\n<col style=\"width: 15%;\" \/> <\/colgroup>\n<colgroup>\n<col style=\"width: 25%;\" \/><\/colgroup>\n<colgroup>\n<col style=\"width: 45%;\" \/>\n<col style=\"width: 15%;\" \/> <\/colgroup>\n<thead>\n<tr>\n<th style=\"text-align: left;\">Konferenz<\/th>\n<th>Ort<\/th>\n<th>Organisatoren<\/th>\n<th>Programm<\/th>\n<\/tr>\n<\/thead>\n<tbody>\n<tr>\n<td>EthoGes 2026<\/td>\n<td>Gr\u00fcnau, Austria<\/td>\n<td>Sonia Kleindorfer und Team<\/td>\n<td><a href=\"https:\/\/www.etho-ges.de\/wordpress\/wp-content\/uploads\/2026\/02\/EthoGes_2026_Grunau.pdf\">Gr\u00fcnau<\/a><\/td>\n<\/tr>\n<tr>\n<td>EthoGes 2025<\/td>\n<td>Tutzing, Germany<\/td>\n<td>Henrik Brumm &amp; Wolfgang Goymann<\/td>\n<td><a href=\"https:\/\/www.etho-ges.de\/wordpress\/wp-content\/uploads\/2026\/02\/EthoGes_2025_Tutzing.pdf\">Tutzing<\/a><\/td>\n<\/tr>\n<tr>\n<td>EthoGes 2024<\/td>\n<td>M\u00fcnster, Germany<\/td>\n<td>Melanie Dammhahn, Sylvia Kaiser, Helene Richter &amp; Rebecca Rimbach<\/td>\n<td><a href=\"https:\/\/www.etho-ges.de\/wordpress\/wp-content\/uploads\/2026\/02\/EthoGes_2024_Munster.pdf\">M\u00fcnster<\/a><\/td>\n<\/tr>\n<tr>\n<td>EthoGes 2023<\/td>\n<td>Berlin, Germany<\/td>\n<td>Lars Lewejohann und Team<\/td>\n<td><a href=\"https:\/\/www.etho-ges.de\/wordpress\/wp-content\/uploads\/2026\/02\/EthoGes_2023_Berlin.pdf\">Berlin<\/a><\/td>\n<\/tr>\n<tr>\n<td>EthoGes 2022<\/td>\n<td>online<\/td>\n<td>EthoGes Vorstand<\/td>\n<td><a href=\"https:\/\/www.etho-ges.de\/wordpress\/wp-content\/uploads\/2026\/02\/EthoGes_2022_Online.pdf\">Online<\/a><\/td>\n<\/tr>\n<tr>\n<td>EthoGes 2021<\/td>\n<td>online<\/td>\n<td>EthoGes Vorstand<\/td>\n<td><a href=\"https:\/\/www.etho-ges.de\/wordpress\/wp-content\/uploads\/2026\/02\/EthoGes_2021_Online.pdf\">Online<\/a><\/td>\n<\/tr>\n<tr>\n<td>EthoGes 2020<\/td>\n<td>T\u00fcbingen, Germany<\/td>\n<td>Nico Michiels und Team<\/td>\n<td><a href=\"https:\/\/www.etho-ges.de\/wordpress\/wp-content\/uploads\/2026\/02\/EthoGes_2020_Tubingen.pdf\">T\u00fcbingen<\/a><\/td>\n<\/tr>\n<tr>\n<td>EthoGes 2019<\/td>\n<td>Hannover, Germany<\/td>\n<td>Ute Radespiel &amp; Marina Scheumann<\/td>\n<td><a href=\"https:\/\/www.etho-ges.de\/wordpress\/wp-content\/uploads\/2026\/02\/EthoGes_Hannover_2019.pdf\">Hannover<\/a><\/td>\n<\/tr>\n<tr>\n<td>EthoGes 2018<\/td>\n<td>Potsdam, Germany<\/td>\n<td>Jana Eccard und Team<\/td>\n<td><a href=\"https:\/\/www.etho-ges.de\/wordpress\/wp-content\/uploads\/2026\/02\/EthoGes_Potsdam_2018.pdf\">Potsdam<\/a><\/td>\n<\/tr>\n<tr>\n<td>EthoGes 2017<\/td>\n<td>Bonn, Germany<\/td>\n<td>Gerhard von der Emde und Team<\/td>\n<td><a href=\"https:\/\/www.etho-ges.de\/wordpress\/wp-content\/uploads\/2026\/02\/EthoGes_Bonn_2017.pdf\">Bonn<\/a><\/td>\n<\/tr>\n<tr>\n<td>EthoGes 2016<\/td>\n<td>G\u00f6ttingen, Germany<\/td>\n<td>Julia Fischer und Team<\/td>\n<td><a href=\"https:\/\/www.etho-ges.de\/wordpress\/wp-content\/uploads\/2026\/02\/EthoGes_2016_Gottingen.pdf\">G\u00f6ttingen<\/a><\/td>\n<\/tr>\n<tr>\n<td>EthoGes 2015<\/td>\n<td>Hamburg, Germany<\/td>\n<td>Jutta Schneider und Team<\/td>\n<td><a href=\"https:\/\/www.etho-ges.de\/wordpress\/wp-content\/uploads\/2026\/02\/EthoGes_2015_Hamburg.pdf\">Hamburg<\/a><\/td>\n<\/tr>\n<tr>\n<td>EthoGes 2014<\/td>\n<td>Tutzing, Germany<\/td>\n<td>Henrik Brumm &amp; Wolfgang Goymann<\/td>\n<td><a href=\"https:\/\/www.etho-ges.de\/wordpress\/wp-content\/uploads\/2026\/02\/EthoGes_2014_Tutzing.pdf\">Tutzing<\/a><\/td>\n<\/tr>\n<tr>\n<td>EthoGes 2013<\/td>\n<td>Bielefeld, Germany<\/td>\n<td>Fritz Trillmich und Team<\/td>\n<td>\u2014<\/td>\n<\/tr>\n<tr>\n<td>EthoGes 2012<\/td>\n<td>M\u00fcnster, Germany<\/td>\n<td>Sylvia Kaiser &amp; Norbert Sachser<\/td>\n<td>\u2014<\/td>\n<\/tr>\n<tr>\n<td>EthoGes 2011<\/td>\n<td>Z\u00fcrich, Switzerland<\/td>\n<td>Barbara K\u00f6nig und Team<\/td>\n<td>\u2014<\/td>\n<\/tr>\n<tr>\n<td>EthoGes 2010<\/td>\n<td>Berlin, Germany<\/td>\n<td>Silke Kipper &amp; Constance Scharff<\/td>\n<td>\u2014<\/td>\n<\/tr>\n<tr>\n<td>EthoGes 2009<\/td>\n<td>G\u00f6ttingen, Germany<\/td>\n<td>\u2014<\/td>\n<td>\u2014<\/td>\n<\/tr>\n<tr>\n<td>EthoGes 2008<\/td>\n<td>Regensburg, Germany<\/td>\n<td>J\u00fcrgen Heinze &amp; Erhard Strohm<\/td>\n<td>\u2014<\/td>\n<\/tr>\n<tr>\n<td>EthoGes 2007<\/td>\n<td>Gr\u00fcnau, Austria<\/td>\n<td>Kurt Kotrschal und Team<\/td>\n<td>\u2014<\/td>\n<\/tr>\n<tr>\n<td>EthoGes 2006<\/td>\n<td>Bielefeld, Germany<\/td>\n<td>\u2014<\/td>\n<td>\u2014<\/td>\n<\/tr>\n<tr>\n<td>EthoGes 2000<\/td>\n<td>Utrecht, Netherlands<\/td>\n<td>\u2014<\/td>\n<td>\u2014<\/td>\n<\/tr>\n<tr>\n<td>EthoGes 1998<\/td>\n<td>Halle, Germany<\/td>\n<td>\u2014<\/td>\n<td>\u2014<\/td>\n<\/tr>\n<tr>\n<td>EthoGes 1996<\/td>\n<td>Groningen, Netherlands<\/td>\n<td>\u2014<\/td>\n<td>\u2014<\/td>\n<\/tr>\n<tr>\n<td>EthoGes 1994<\/td>\n<td>Bielefeld, Germany<\/td>\n<td>\u2014<\/td>\n<td>\u2014<\/td>\n<\/tr>\n<tr>\n<td>EthoGes 1992<\/td>\n<td>Prague, Czech Republic<\/td>\n<td>\u2014<\/td>\n<td>\u2014<\/td>\n<\/tr>\n<tr>\n<td>EthoGes 1990<\/td>\n<td>Vienna, Austria<\/td>\n<td>\u2014<\/td>\n<td>\u2014<\/td>\n<\/tr>\n<tr>\n<td>EthoGes 1988<\/td>\n<td>Bayreuth, Germany<\/td>\n<td>\u2014<\/td>\n<td>\u2014<\/td>\n<\/tr>\n<tr>\n<td>EthoGes 1986<\/td>\n<td>Hamburg, Germany<\/td>\n<td>\u2014<\/td>\n<td>\u2014<\/td>\n<\/tr>\n<tr>\n<td>EthoGes 1984<\/td>\n<td>G\u00f6ttingen, Germany<\/td>\n<td>\u2014<\/td>\n<td>\u2014<\/td>\n<\/tr>\n<tr>\n<td>EthoGes 1982<\/td>\n<td>Bonn, Germany<\/td>\n<td>\u2014<\/td>\n<td>\u2014<\/td>\n<\/tr>\n<tr>\n<td>EthoGes 1980<\/td>\n<td>Leeuwenhorst, Netherlands<\/td>\n<td>\u2014<\/td>\n<td>\u2014<\/td>\n<\/tr>\n<tr>\n<td>EthoGes 1979<\/td>\n<td>Basel, Switzerland<\/td>\n<td>\u2014<\/td>\n<td>\u2014<\/td>\n<\/tr>\n<\/tbody>\n<\/table>\n<\/div>\n<hr \/>\n<p data-start=\"1425\" data-end=\"1479\"><strong data-start=\"1425\" data-end=\"1479\">European Conference for Behavioural Biology (ECBB)<\/strong><\/p>\n<div style=\"overflow-x: auto;\">\n<table>\n<colgroup>\n<col style=\"width: 15%;\" \/> <\/colgroup>\n<colgroup>\n<col style=\"width: 25%;\" \/><\/colgroup>\n<colgroup>\n<col style=\"width: 45%;\" \/>\n<col style=\"width: 15%;\" \/> <\/colgroup>\n<thead>\n<tr>\n<th>Konferenz<\/th>\n<th>Ort<\/th>\n<th>Organisatoren<\/th>\n<th>Programm<\/th>\n<\/tr>\n<\/thead>\n<tbody>\n<tr>\n<td>ECBB 2026<\/td>\n<td>Cambridge, Vereinigtes K\u00f6nigreich<\/td>\n<td>\u00c7a\u011flar Ak\u00e7ay, Krishna Balasubaniam, Roberta Blake, Francesca Cassola, Jake Dunn, Anna Nekaris, Andrew Smith, Claudia Wascher &amp; Ariana Weldon<\/td>\n<td>TBA<\/td>\n<\/tr>\n<tr>\n<td>ECBB 2024<\/td>\n<td>Z\u00fcrich, Schweiz<\/td>\n<td>Barbara K\u00f6nig und Team<\/td>\n<td><a href=\"https:\/\/www.etho-ges.de\/wordpress\/wp-content\/uploads\/2026\/02\/ECBB_2024_Zurich.pdf\">Z\u00fcrich<\/a><\/td>\n<\/tr>\n<tr>\n<td>ECBB 2022<\/td>\n<td>Groningen, Niederlande<\/td>\n<td>Jean-Christophe Billeter, Cato Drion, Pleunie Kraak, Martine Maan &amp; Simon Verhulst<\/td>\n<td><a href=\"https:\/\/www.etho-ges.de\/wordpress\/wp-content\/uploads\/2026\/02\/ECBB_2022_Groningen.pdf\">Groningen<\/a><\/td>\n<\/tr>\n<tr>\n<td>ECBB 2020<\/td>\n<td>\u2014<\/td>\n<td>abgesagt<\/td>\n<td>\u2014<\/td>\n<\/tr>\n<tr>\n<td>ECBB 2018<\/td>\n<td>Liverpool, Vereinigtes K\u00f6nigreich<\/td>\n<td>Emily Bethell, Antje Engelhardt, Barbara Fruth, Alun Hughes, Nicola Koyama, Francis McGlone, Claudia Mettke-Hofmann, Hazel Nichols, Alex Piel, Adam Reddon, Will Swaney, Susannah Walker &amp; Torsten Wronski<\/td>\n<td><a href=\"https:\/\/www.etho-ges.de\/wordpress\/wp-content\/uploads\/2026\/02\/ECBB_Liverpool_2018.pdf\">Liverpool<\/a><\/td>\n<\/tr>\n<tr>\n<td>ECBB 2016<\/td>\n<td>Wien, \u00d6sterreich<\/td>\n<td>Thomas Bugnyar und Team<\/td>\n<td>\u2014<\/td>\n<\/tr>\n<tr>\n<td>ECBB 2014<\/td>\n<td>Prag, Tschechien<\/td>\n<td>\u2014<\/td>\n<td>\u2014<\/td>\n<\/tr>\n<tr>\n<td>ECBB 2012<\/td>\n<td>Essen, Deutschland<\/td>\n<td>\u2014<\/td>\n<td>\u2014<\/td>\n<\/tr>\n<tr>\n<td>ECBB 2010<\/td>\n<td>Ferrara, Italien<\/td>\n<td>Leonida Fusani und Team<\/td>\n<td>\u2014<\/td>\n<\/tr>\n<tr>\n<td>ECBB 2008<\/td>\n<td>Dijon, Frankreich<\/td>\n<td>Frank C\u00e9zilly und Team<\/td>\n<td>\u2014<\/td>\n<\/tr>\n<tr>\n<td>ECBB 2006<\/td>\n<td>Belfast, Vereinigtes K\u00f6nigreich<\/td>\n<td>Bob Elwood und Team<\/td>\n<td>\u2014<\/td>\n<\/tr>\n<tr>\n<td>ECBB 2004<\/td>\n<td>Groningen, Niederlande<\/td>\n<td>\u2014<\/td>\n<td>\u2014<\/td>\n<\/tr>\n<tr>\n<td>ECBB 2002<\/td>\n<td>M\u00fcnster, Deutschland<\/td>\n<td>\u2014<\/td>\n<td>\u2014<\/td>\n<\/tr>\n<\/tbody>\n<\/table>\n<\/div>\n<hr \/>\n<p>&nbsp;<\/p>\n","protected":false},"excerpt":{"rendered":"<p>Die Ethologische Gesellschaft e.V. ist eine etablierte wissenschaftliche Fachgesellschaft, die sich 1979 in Basel (Schweiz) zum ersten Mal getroffen hat. Seit ihrer Gr\u00fcndung spielt die Gesellschaft eine aktive Rolle bei der F\u00f6rderung des wissenschaftlichen Austauschs und der Zusammenarbeit innerhalb der ethologischen Forschungsgemeinschaft. In den ersten Jahren wurden die Tagungen im zweij\u00e4hrigen Rhythmus durchgef\u00fchrt. Seit 2006 finden sie j\u00e4hrlich statt, um dem Wachstum der Gesellschaft Rechnung zu tragen. Neben ihren eigenen Tagungen war die Ethologische Gesellschaft Mitbegr\u00fcnderin der European Conference for Behavioural Biology (ECBB), die gemeinsam mit der Association for the Study of Animal Behaviour (ASAB) ins Leben gerufen wurde. Die ECBB hat sich seither zu einem wichtigen internationalen Kongress f\u00fcr Verhaltensbiologinnen und -biologen in Europa und dar\u00fcber hinaus entwickelt. Alle Tagungen werden von Mitgliedern der Gesellschaft organisiert und spiegeln das hohe Engagement und die enge Verbundenheit unserer Gemeinschaft wider. Die Organisation einer Tagung erfordert einen erheblichen zeitlichen und organisatorischen Aufwand, aber stellt auch einen \u00e4usserst wertvollen Beitrag zur Arbeit der Gesellschaft und zur wissenschaftlichen Gemeinschaft dar. Wir danken allen bisherigen und zuk\u00fcnftigen Organisatorinnen und Organisatoren herzlich. Unten finden Sie eine \u00dcbersicht \u00fcber die bisherigen Tagungen und ihre Austragungsorte. Treffen der Ethologische Gesellschaft (EthoGes) Konferenz Ort Organisatoren Programm EthoGes 2026 Gr\u00fcnau, Austria Sonia Kleindorfer und Team Gr\u00fcnau EthoGes 2025 Tutzing, Germany Henrik Brumm &amp; Wolfgang Goymann Tutzing EthoGes 2024 M\u00fcnster, Germany Melanie Dammhahn, Sylvia Kaiser, Helene Richter &amp; Rebecca Rimbach M\u00fcnster EthoGes 2023 Berlin, Germany Lars Lewejohann und Team Berlin EthoGes 2022 online EthoGes Vorstand Online EthoGes 2021 online EthoGes Vorstand Online EthoGes 2020 T\u00fcbingen, Germany Nico Michiels und Team T\u00fcbingen EthoGes 2019 Hannover, Germany Ute Radespiel &amp; Marina Scheumann Hannover EthoGes 2018 Potsdam, Germany Jana Eccard und Team Potsdam EthoGes 2017 Bonn, Germany Gerhard von der Emde und Team Bonn EthoGes 2016 G\u00f6ttingen, Germany Julia Fischer und Team G\u00f6ttingen EthoGes 2015 Hamburg, Germany Jutta Schneider und Team Hamburg EthoGes 2014 Tutzing, Germany Henrik Brumm &amp; Wolfgang Goymann Tutzing EthoGes 2013 Bielefeld, Germany Fritz Trillmich und Team \u2014 EthoGes 2012 M\u00fcnster, Germany Sylvia Kaiser &amp; Norbert Sachser \u2014 EthoGes 2011 Z\u00fcrich, Switzerland Barbara K\u00f6nig und Team \u2014 EthoGes 2010 Berlin, Germany Silke Kipper &amp; Constance Scharff \u2014 EthoGes 2009 G\u00f6ttingen, Germany \u2014 \u2014 EthoGes 2008 Regensburg, Germany J\u00fcrgen Heinze &amp; Erhard Strohm \u2014 EthoGes 2007 Gr\u00fcnau, Austria Kurt Kotrschal und Team \u2014 EthoGes 2006 Bielefeld, Germany \u2014 \u2014 EthoGes 2000 Utrecht, Netherlands \u2014 \u2014 EthoGes 1998 Halle, Germany \u2014 \u2014 EthoGes 1996 Groningen, Netherlands \u2014 \u2014 EthoGes 1994 Bielefeld, Germany \u2014 \u2014 EthoGes 1992 Prague, Czech Republic \u2014 \u2014 EthoGes 1990 Vienna, Austria \u2014 \u2014 EthoGes 1988 Bayreuth, Germany \u2014 \u2014 EthoGes 1986 Hamburg, Germany \u2014 \u2014 EthoGes 1984 G\u00f6ttingen, Germany \u2014 \u2014 EthoGes 1982 Bonn, Germany \u2014 \u2014 EthoGes 1980 Leeuwenhorst, Netherlands \u2014 \u2014 EthoGes 1979 Basel, Switzerland \u2014 \u2014 European Conference for Behavioural Biology (ECBB) Konferenz Ort Organisatoren Programm ECBB 2026 Cambridge, Vereinigtes K\u00f6nigreich \u00c7a\u011flar Ak\u00e7ay, Krishna Balasubaniam, Roberta Blake, Francesca Cassola, Jake Dunn, Anna Nekaris, Andrew Smith, Claudia Wascher &amp; Ariana Weldon TBA ECBB 2024 Z\u00fcrich, Schweiz Barbara K\u00f6nig und Team Z\u00fcrich ECBB 2022 Groningen, Niederlande Jean-Christophe Billeter, Cato Drion, Pleunie Kraak, Martine Maan &amp; Simon Verhulst Groningen ECBB 2020 \u2014 abgesagt \u2014 ECBB 2018 Liverpool, Vereinigtes K\u00f6nigreich Emily Bethell, Antje Engelhardt, Barbara Fruth, Alun Hughes, Nicola Koyama, Francis McGlone, Claudia Mettke-Hofmann, Hazel Nichols, Alex Piel, Adam Reddon, Will Swaney, Susannah Walker &amp; Torsten Wronski Liverpool ECBB 2016 Wien, \u00d6sterreich Thomas Bugnyar und Team \u2014 ECBB 2014 Prag, Tschechien \u2014 \u2014 ECBB 2012 Essen, Deutschland \u2014 \u2014 ECBB 2010 Ferrara, Italien Leonida Fusani und Team \u2014 ECBB 2008 Dijon, Frankreich Frank C\u00e9zilly und Team \u2014 ECBB 2006 Belfast, Vereinigtes K\u00f6nigreich Bob Elwood und Team \u2014 ECBB 2004 Groningen, Niederlande \u2014 \u2014 ECBB 2002 M\u00fcnster, Deutschland \u2014 \u2014 &nbsp;<\/p>\n","protected":false},"author":1,"featured_media":0,"parent":0,"menu_order":0,"comment_status":"closed","ping_status":"closed","template":"","meta":{"footnotes":""},"class_list":["post-2324","page","type-page","status-publish","hentry"],"translation":{"provider":"WPGlobus","version":"3.0.2","language":"de","enabled_languages":["en","de"],"languages":{"en":{"title":true,"content":true,"excerpt":false},"de":{"title":true,"content":true,"excerpt":false}}},"_links":{"self":[{"href":"https:\/\/www.etho-ges.de\/wordpress\/de\/wp-json\/wp\/v2\/pages\/2324","targetHints":{"allow":["GET"]}}],"collection":[{"href":"https:\/\/www.etho-ges.de\/wordpress\/de\/wp-json\/wp\/v2\/pages"}],"about":[{"href":"https:\/\/www.etho-ges.de\/wordpress\/de\/wp-json\/wp\/v2\/types\/page"}],"author":[{"embeddable":true,"href":"https:\/\/www.etho-ges.de\/wordpress\/de\/wp-json\/wp\/v2\/users\/1"}],"replies":[{"embeddable":true,"href":"https:\/\/www.etho-ges.de\/wordpress\/de\/wp-json\/wp\/v2\/comments?post=2324"}],"version-history":[{"count":22,"href":"https:\/\/www.etho-ges.de\/wordpress\/de\/wp-json\/wp\/v2\/pages\/2324\/revisions"}],"predecessor-version":[{"id":2400,"href":"https:\/\/www.etho-ges.de\/wordpress\/de\/wp-json\/wp\/v2\/pages\/2324\/revisions\/2400"}],"wp:attachment":[{"href":"https:\/\/www.etho-ges.de\/wordpress\/de\/wp-json\/wp\/v2\/media?parent=2324"}],"curies":[{"name":"wp","href":"https:\/\/api.w.org\/{rel}","templated":true}]}}