{"id":27,"date":"2015-08-21T10:33:42","date_gmt":"2015-08-21T08:33:42","guid":{"rendered":"http:\/\/www.etho-ges.de\/wordpress\/?page_id=27"},"modified":"2026-01-07T14:56:08","modified_gmt":"2026-01-07T13:56:08","slug":"mitglied-werden","status":"publish","type":"page","link":"https:\/\/www.etho-ges.de\/wordpress\/de\/mitglied-werden\/","title":{"rendered":"Mitglied werden"},"content":{"rendered":"<p><a href=\"https:\/\/www.etho-ges.de\/wordpress\/wp-content\/uploads\/2021\/08\/join.jpg\"><img loading=\"lazy\" decoding=\"async\" class=\"wp-image-1008 aligncenter\" src=\"https:\/\/www.etho-ges.de\/wordpress\/wp-content\/uploads\/2021\/08\/join.jpg\" alt=\"Mitglied werden Seite \u2013 Bild eines jungen Guinea Pavians\" width=\"540\" height=\"300\" \/><\/a><\/p>\n<hr \/>\n<p style=\"text-align: justify;\"><span class=\"VIiyi\" lang=\"de\"><span class=\"JLqJ4b ChMk0b\" data-language-for-alternatives=\"de\" data-language-to-translate-into=\"en\" data-phrase-index=\"0\" data-number-of-phrases=\"1\">Jede Person, die sich mit verhaltensbiologischen Themen besch\u00e4ftigt oder besch\u00e4ftigt hat, oder die die Ziele unserer Gesellschaft unterst\u00fctzen m\u00f6chte, kann Mitglied werden! Unsere Mitglieder profitieren von verschiedenen Vorteilen, darunter beispielsweise:<\/span><\/span><\/p>\n<ul>\n<li><span class=\"VIiyi\" lang=\"de\"><span class=\"JLqJ4b ChMk0b\" data-language-for-alternatives=\"de\" data-language-to-translate-into=\"en\" data-phrase-index=\"0\" data-number-of-phrases=\"15\">Erm\u00e4\u00dfigte Anmeldegeb\u00fchren f\u00fcr Treffen der Gesellschaft,<\/span><\/span><\/li>\n<li><span class=\"VIiyi\" lang=\"de\"><span class=\"JLqJ4b ChMk0b\" data-language-for-alternatives=\"de\" data-language-to-translate-into=\"en\" data-phrase-index=\"2\" data-number-of-phrases=\"15\">Antragsberechtigung f\u00fcr den prestigetr\u00e4chtigen <a href=\"https:\/\/www.etho-ges.de\/wordpress\/awards\/\">Tinbergen Award<\/a>.<\/span><\/span><\/li>\n<li><span class=\"VIiyi\" lang=\"de\"><span class=\"JLqJ4b ChMk0b\" data-language-for-alternatives=\"de\" data-language-to-translate-into=\"en\" data-phrase-index=\"4\" data-number-of-phrases=\"15\">Antragsberechtigung f\u00fcr Reisestipendien zu Treffen, die von unserer Gesellschaft (mit-)organisiert werden,<\/span><\/span><\/li>\n<li><span class=\"VIiyi\" lang=\"de\"><span class=\"JLqJ4b ChMk0b\" data-language-for-alternatives=\"de\" data-language-to-translate-into=\"en\" data-phrase-index=\"6\" data-number-of-phrases=\"15\">Antragsberechtigung f\u00fcr <a href=\"https:\/\/www.etho-ges.de\/wordpress\/research-and-conference-funding\/\">Forschungsstipendien<\/a> von bis zu 5.000 \u20ac,<\/span><\/span><\/li>\n<li><span class=\"VIiyi\" lang=\"de\"><span class=\"JLqJ4b ChMk0b\" data-language-for-alternatives=\"de\" data-language-to-translate-into=\"en\" data-phrase-index=\"8\" data-number-of-phrases=\"15\">Halbj\u00e4hrlicher Newsletter (<a href=\"https:\/\/www.etho-ges.de\/wordpress\/etho-news\/\">EthoNews<\/a>) mit Neuigkeiten, Angeboten und Veranstaltungen,<\/span><\/span><\/li>\n<li><span class=\"VIiyi\" lang=\"de\"><span class=\"JLqJ4b ChMk0b\" data-language-for-alternatives=\"de\" data-language-to-translate-into=\"en\" data-phrase-index=\"10\" data-number-of-phrases=\"15\">Regelm\u00e4\u00dfige Updates mit Neuigkeiten, Veranstaltungen und Jobs,<\/span><\/span><\/li>\n<li><span class=\"VIiyi\" lang=\"de\"><span class=\"JLqJ4b ChMk0b\" data-language-for-alternatives=\"de\" data-language-to-translate-into=\"en\" data-phrase-index=\"12\" data-number-of-phrases=\"15\">Kostenlose Ausschreibung von Jobs und Veranstaltungen per E-Mail, EthoNews oder Website (falls geeignet), und<br \/>\n<\/span><\/span><\/li>\n<li><span class=\"VIiyi\" lang=\"de\"><span class=\"JLqJ4b ChMk0b\" data-language-for-alternatives=\"de\" data-language-to-translate-into=\"en\" data-phrase-index=\"14\" data-number-of-phrases=\"15\">Kostenlose <a href=\"https:\/\/www.etho-ges.de\/wordpress\/links\/\">Karriereberatung<\/a> durch erfahrene Community-Mitglieder<\/span><\/span><\/li>\n<\/ul>\n<p style=\"text-align: justify;\">Unsere j\u00e4hrlichen Mitgliedsbeitr\u00e4ge belaufen sich derzeit auf 40\u20ac f\u00fcr Vollmitglieder und 15\u20ac f\u00fcr nicht erwerbst\u00e4tige oder studentische Mitglieder. Bitte f\u00fcllen Sie das <a href=\"https:\/\/www.etho-ges.de\/wordpress\/wp-content\/uploads\/2026\/01\/EthoGes_membership_application.docx\">Antragsformular<\/a> aus, unterschreiben Sie es und senden Sie es per E-Mail oder Post an unsere Gesch\u00e4ftsf\u00fchrerin (siehe unten). Die Ethologische Gesellschaft verzichtet gerne auf die Beitr\u00e4ge f\u00fcr alle, die der Gesellschaft beitreten m\u00f6chten, jedoch aufgrund individueller Umst\u00e4nde die Beitr\u00e4ge nicht zahlen k\u00f6nnen. Wenn Sie eine <a href=\"https:\/\/www.etho-ges.de\/wordpress\/wp-content\/uploads\/2026\/01\/EthoGes_fee-waiver.docx\">Beitragsbefreiung<\/a> beantragen m\u00f6chten, kontaktieren Sie bitte unsere Gesch\u00e4ftsf\u00fchrerin.<\/p>\n<p style=\"text-align: justify; padding-left: 40px;\"><strong><a href=\"https:\/\/manon-schweinfurth.jimdofree.com\/\">Dr. Manon Schweinfurth<\/a><br \/>\n<\/strong>University St. Andrews<br \/>\nSchool of Psychology &amp; Neuroscience<br \/>\nSt Mary\u2019s Quad, St Andrews, KY16 9JP, Vereinigtes K\u00f6nigreich<br \/>\nTel.: +44 1334 463040<br \/>\nE-Mail: ms397[at]st-andrews.ac.uk<\/p>\n<p>Sie k\u00f6nnen jeder Zeit aus unserer Gesellschaft wieder austreten. Bitte benutzen Sie hierf\u00fcr <a href=\"https:\/\/www.etho-ges.de\/wordpress\/wp-content\/uploads\/2022\/03\/EthoGes_Termination-of-the-Membership.docx\">dieses Formular<\/a> and senden es an unserere <a href=\"https:\/\/www.etho-ges.de\/wordpress\/council\/\">Gesch\u00e4ftsf\u00fchrerin<\/a>.<\/p>\n<hr \/>\n<p dir=\"ltr\" data-placeholder=\"\u00dcbersetzung\"><span lang=\"de\">Um zu vermeiden, dass Sie die Jahresgeb\u00fchr jedes Jahr separat \u00fcberweisen m\u00fcssen, k\u00f6nnen Sie die Ethologische Gesellschaft mittels eines SEPA-Lastschriftmandats auch erm\u00e4chtigen, den Betrag j\u00e4hrlich einzuziehen<\/span><span lang=\"de\">. Bitte f\u00fcllen Sie hierf\u00fcr das <a href=\"https:\/\/www.etho-ges.de\/wordpress\/wp-content\/uploads\/2025\/03\/EthoGes_SEPA_Lastschriftverfahren_D.docx\">Zahlungsformular<\/a> aus, unterschreiben Sie es und senden Sie es per E-Mail oder Post an unsere Schatzmeisterin:<\/span><\/p>\n<p dir=\"ltr\" style=\"padding-left: 40px;\" data-placeholder=\"\u00dcbersetzung\"><strong>Dr. Rebecca Rimbach<\/strong><br \/>\n<span class=\"p-locality\"><span class=\"p-org\">Universit\u00e4t M\u00fcnster<\/span><br \/>\n<span class=\"p-name\">Institut f\u00fcr Neuro- und Verhaltensbiologie<br \/>\nAbteilung f\u00fcr Verhaltensbiologie<br \/>\n<\/span><\/span>Badestra\u00dfe 9, <span class=\"p-postal-code\">48149<\/span> <span class=\"p-locality\">M\u00fcnster, Deutschland<br \/>\n<\/span>Tel.: +49 251 83 21268<br \/>\nE-Mail: rrimbach[at]uni-muenster.de<\/p>\n<hr \/>\n<p style=\"text-align: justify;\">Falls Sie die Ethologische Gesellschaft dar\u00fcber hinaus unterst\u00fctzen m\u00f6chten, sind Sie herzlich eingeladen ein Poster an Ihrem Forschungsinstitut aufzuh\u00e4ngen. Wir haben ein informatives Poster erstellt, das zusammenfasst wof\u00fcr unsere Gesellschaft steht. Sie k\u00f6nnen das Poster <a href=\"https:\/\/www.etho-ges.de\/wordpress\/wp-content\/uploads\/2020\/05\/EthoGes_Poster.pdf\">hier<\/a> als PDF herunterladen. Vielen Dank f\u00fcr Ihre Unterst\u00fctzung!<\/p>\n<hr \/>\n","protected":false},"excerpt":{"rendered":"<p>Jede Person, die sich mit verhaltensbiologischen Themen besch\u00e4ftigt oder besch\u00e4ftigt hat, oder die die Ziele unserer Gesellschaft unterst\u00fctzen m\u00f6chte, kann Mitglied werden! Unsere Mitglieder profitieren von verschiedenen Vorteilen, darunter beispielsweise: Erm\u00e4\u00dfigte Anmeldegeb\u00fchren f\u00fcr Treffen der Gesellschaft, Antragsberechtigung f\u00fcr den prestigetr\u00e4chtigen Tinbergen Award. Antragsberechtigung f\u00fcr Reisestipendien zu Treffen, die von unserer Gesellschaft (mit-)organisiert werden, Antragsberechtigung f\u00fcr Forschungsstipendien von bis zu 5.000 \u20ac, Halbj\u00e4hrlicher Newsletter (EthoNews) mit Neuigkeiten, Angeboten und Veranstaltungen, Regelm\u00e4\u00dfige Updates mit Neuigkeiten, Veranstaltungen und Jobs, Kostenlose Ausschreibung von Jobs und Veranstaltungen per E-Mail, EthoNews oder Website (falls geeignet), und Kostenlose Karriereberatung durch erfahrene Community-Mitglieder Unsere j\u00e4hrlichen Mitgliedsbeitr\u00e4ge belaufen sich derzeit auf 40\u20ac f\u00fcr Vollmitglieder und 15\u20ac f\u00fcr nicht erwerbst\u00e4tige oder studentische Mitglieder. Bitte f\u00fcllen Sie das Antragsformular aus, unterschreiben Sie es und senden Sie es per E-Mail oder Post an unsere Gesch\u00e4ftsf\u00fchrerin (siehe unten). Die Ethologische Gesellschaft verzichtet gerne auf die Beitr\u00e4ge f\u00fcr alle, die der Gesellschaft beitreten m\u00f6chten, jedoch aufgrund individueller Umst\u00e4nde die Beitr\u00e4ge nicht zahlen k\u00f6nnen. Wenn Sie eine Beitragsbefreiung beantragen m\u00f6chten, kontaktieren Sie bitte unsere Gesch\u00e4ftsf\u00fchrerin. Dr. Manon Schweinfurth University St. Andrews School of Psychology &amp; Neuroscience St Mary\u2019s Quad, St Andrews, KY16 9JP, Vereinigtes K\u00f6nigreich Tel.: +44 1334 463040 E-Mail: ms397[at]st-andrews.ac.uk Sie k\u00f6nnen jeder Zeit aus unserer Gesellschaft wieder austreten. Bitte benutzen Sie hierf\u00fcr dieses Formular and senden es an unserere Gesch\u00e4ftsf\u00fchrerin. Um zu vermeiden, dass Sie die Jahresgeb\u00fchr jedes Jahr separat \u00fcberweisen m\u00fcssen, k\u00f6nnen Sie die Ethologische Gesellschaft mittels eines SEPA-Lastschriftmandats auch erm\u00e4chtigen, den Betrag j\u00e4hrlich einzuziehen. Bitte f\u00fcllen Sie hierf\u00fcr das Zahlungsformular aus, unterschreiben Sie es und senden Sie es per E-Mail oder Post an unsere Schatzmeisterin: Dr. Rebecca Rimbach Universit\u00e4t M\u00fcnster Institut f\u00fcr Neuro- und Verhaltensbiologie Abteilung f\u00fcr Verhaltensbiologie Badestra\u00dfe 9, 48149 M\u00fcnster, Deutschland Tel.: +49 251 83 21268 E-Mail: rrimbach[at]uni-muenster.de Falls Sie die Ethologische Gesellschaft dar\u00fcber hinaus unterst\u00fctzen m\u00f6chten, sind Sie herzlich eingeladen ein Poster an Ihrem Forschungsinstitut aufzuh\u00e4ngen. Wir haben ein informatives Poster erstellt, das zusammenfasst wof\u00fcr unsere Gesellschaft steht. Sie k\u00f6nnen das Poster hier als PDF herunterladen. Vielen Dank f\u00fcr Ihre Unterst\u00fctzung!<\/p>\n","protected":false},"author":1,"featured_media":0,"parent":0,"menu_order":5,"comment_status":"closed","ping_status":"closed","template":"","meta":{"footnotes":""},"class_list":["post-27","page","type-page","status-publish","hentry"],"translation":{"provider":"WPGlobus","version":"3.0.2","language":"de","enabled_languages":["en","de"],"languages":{"en":{"title":true,"content":true,"excerpt":false},"de":{"title":true,"content":true,"excerpt":false}}},"_links":{"self":[{"href":"https:\/\/www.etho-ges.de\/wordpress\/de\/wp-json\/wp\/v2\/pages\/27","targetHints":{"allow":["GET"]}}],"collection":[{"href":"https:\/\/www.etho-ges.de\/wordpress\/de\/wp-json\/wp\/v2\/pages"}],"about":[{"href":"https:\/\/www.etho-ges.de\/wordpress\/de\/wp-json\/wp\/v2\/types\/page"}],"author":[{"embeddable":true,"href":"https:\/\/www.etho-ges.de\/wordpress\/de\/wp-json\/wp\/v2\/users\/1"}],"replies":[{"embeddable":true,"href":"https:\/\/www.etho-ges.de\/wordpress\/de\/wp-json\/wp\/v2\/comments?post=27"}],"version-history":[{"count":90,"href":"https:\/\/www.etho-ges.de\/wordpress\/de\/wp-json\/wp\/v2\/pages\/27\/revisions"}],"predecessor-version":[{"id":2318,"href":"https:\/\/www.etho-ges.de\/wordpress\/de\/wp-json\/wp\/v2\/pages\/27\/revisions\/2318"}],"wp:attachment":[{"href":"https:\/\/www.etho-ges.de\/wordpress\/de\/wp-json\/wp\/v2\/media?parent=27"}],"curies":[{"name":"wp","href":"https:\/\/api.w.org\/{rel}","templated":true}]}}