{"id":40,"date":"2015-08-21T11:40:17","date_gmt":"2015-08-21T09:40:17","guid":{"rendered":"http:\/\/www.etho-ges.de\/wordpress\/?page_id=40"},"modified":"2026-02-25T12:57:21","modified_gmt":"2026-02-25T11:57:21","slug":"meetings","status":"publish","type":"page","link":"https:\/\/www.etho-ges.de\/wordpress\/de\/meetings\/","title":{"rendered":"Tagungen"},"content":{"rendered":"<h4 style=\"text-align: justify;\"><strong><a href=\"https:\/\/www.etho-ges.de\/wordpress\/wp-content\/uploads\/2021\/08\/meetings.jpg\"><img loading=\"lazy\" decoding=\"async\" class=\"wp-image-791 aligncenter\" src=\"https:\/\/www.etho-ges.de\/wordpress\/wp-content\/uploads\/2021\/08\/meetings.jpg\" alt=\"Tagungen Seite \u2013 Zwei Wanderratten, die sich anschauen\" width=\"540\" height=\"300\" \/><\/a><\/strong><\/h4>\n<hr \/>\n<p style=\"text-align: justify;\" data-start=\"0\" data-end=\"547\">Die Ethologische Gesellschaft trifft sich einmal j\u00e4hrlich zu ihrer Jahrestagung, die in der Regel in der zweiten Februarwoche stattfindet. Die Tagung wird von <strong>Mitgliedern unserer Gemeinschaft organisiert<\/strong> und findet \u00fcblicherweise in Deutschland, der Schweiz oder \u00d6sterreich statt. Alle zwei Jahre wird die Mitgliederversammlung der Gesellschaft in Verbindung mit der Jahrestagung abgehalten. Mitglieder, die daran interessiert sind, eine zuk\u00fcnftige Tagung zu organisieren, sind herzlich eingeladen, sich mit dem Pr\u00e4sidenten in Verbindung zu setzen.<\/p>\n<p style=\"text-align: justify;\" data-start=\"549\" data-end=\"1325\" data-is-last-node=\"\" data-is-only-node=\"\">Der Vorstand bietet w\u00e4hrend des gesamten Prozesses gerne <strong>praktische Unterst\u00fctzung<\/strong> in Form von <a href=\"https:\/\/www.etho-ges.de\/wordpress\/wp-content\/uploads\/2026\/02\/Guidelines_Annual-Meeting-of-the-Ethological-Society_2026.docx\">Hinweisen und Anregungen<\/a>\u00a0an, die den Organisatorinnen und Organisatoren helfen sollen, das Rad nicht neu zu erfinden. Die Mitglieder des Vorstands sind jederzeit ansprechbar und stehen w\u00e4hrend des gesamten Prozesses f\u00fcr Fragen und Beratung zur Verf\u00fcgung. Die Organisation einer Tagung kann zudem sehr bereichernd sein, da sie den Gastgeberinnen und Gastgebern die M\u00f6glichkeit bietet, den wissenschaftlichen Schwerpunkt mitzugestalten und wesentlich zu den Aktivit\u00e4ten der Gesellschaft beizutragen. Eine \u00dcbersicht \u00fcber bisherige EthoGes, unsere Jahrestagungen, sowie ECBB, die European Conference for Behavioural Biology, die von der Gesellschaft mitbegr\u00fcndet wurde, finden Sie <a href=\"https:\/\/www.etho-ges.de\/wordpress\/past-conferences\/\">hier<\/a>.<\/p>\n<hr \/>\n<p style=\"text-align: center;\">Auf dieser Seite finden Sie eine Liste an internationalen Tagungen, die f\u00fcr Verhaltensbiologen*innen interessant sein k\u00f6nnten. Wenn Sie Ihre Konferenz oder Ihren Workshop in diese Liste aufnehmen lassen m\u00f6chten, wenden Sie sich bitte an die zust\u00e4ndige <a href=\"https:\/\/www.etho-ges.de\/wordpress\/council\/\">Gesch\u00e4ftsf\u00fchrerin der Gesellschaft<\/a>.<\/p>\n<hr \/>\n<h1 style=\"text-align: center;\">2026<\/h1>\n<hr \/>\n<p><span style=\"color: #800000;\"><strong>Thementagung der Ethologischen Gesellschaft, 2026<br \/>\n<\/strong>18. Februar &#8211; 21. Februar, Gr\u00fcnau, \u00d6sterreich<\/span><\/p>\n<p data-start=\"145\" data-end=\"452\">Die Jahrestagung der Ethologischen Gesellschaft finded dieses Jahr in Gr\u00fcnau im Almtal statt, mit Plenarvortr\u00e4gen von Profs Thomas Bugnyar, Rosemary Grant und Lars Chittka, sowie studentischen Vortr\u00e4gen, Postern und Exkursionen, um die ikonischen Graug\u00e4nse und Raben am Konrad-Lorenz-Forschungszentrum zu besuchen.<\/p>\n<p data-start=\"454\" data-end=\"784\">Wer m\u00f6chte, kann direkt im Anschluss in Wien weiter &#8222;konferenzen&#8220; (23.\u201324. Februar 2026) mit dem Symposium zu Kognition und Kommunikation, das 10 Jahre des Doktorandenkollegiums markiert. Es erwarten Sie Plenarvortr\u00e4ge von Profs Rosemary Grant, Carel van Schaik, Peter Grant und Angela Stoeger sowie Beitr\u00e4ge von Doktoranden und Alumni des Kollegs.<\/p>\n<p data-start=\"786\" data-end=\"850\" data-is-last-node=\"\" data-is-only-node=\"\">Registrieren Sie sich und finden Sie weitere Informationen <a href=\"https:\/\/univie.eventsair.com\/etho26-dkcogcom\/\">hier<\/a>.<\/p>\n<hr \/>\n<p style=\"text-align: justify;\"><strong>ISBE 2026<\/strong><br \/>\n20. Juli &#8211; 24. Juli 2026, Turin, Italien<\/p>\n<p style=\"text-align: justify;\"><span lang=\"en-US\" data-olk-copy-source=\"MessageBody\">Die 20. Tagung der International Society for Behavioral Ecology Congress wird n\u00e4chstes Jahr in Turin (Italien) stattfinden. Die Orgaisatoren laden alle Verhaltensbiologen und Verhaltens\u00f6kologen nach Turin ein um an diesem f\u00fcmft\u00e4gigen Kongress teilzunehmen.<\/span><\/p>\n<p style=\"text-align: justify;\">Weitere Informationen folgen in K\u00fcrze <a href=\"https:\/\/isbe2026.com\/\">hier<\/a>.<\/p>\n<hr \/>\n<p style=\"text-align: justify;\" data-start=\"50\" data-end=\"172\"><strong data-start=\"50\" data-end=\"115\">11. Tagung der Europ\u00e4ischen F\u00f6deration f\u00fcr Primatologie (EFP)<\/strong><br data-start=\"115\" data-end=\"118\" \/>29. Juni &#8211; 3. Juli 2026, Montpellier, Frankreich<\/p>\n<p style=\"text-align: justify;\" data-start=\"174\" data-end=\"1109\">Die Organisatoren laden Sie ein, Ihre Arbeiten zu menschlichen und nicht-menschlichen Primaten auf dieser Tagung zu pr\u00e4sentieren. Das vorl\u00e4ufige Programm sowie weitere praktische Informationen sind bereits auf der <a href=\"https:\/\/www.alphavisa.com\/efp\/2026\/\">Konferenzwebsite<\/a> verf\u00fcgbar. F\u00fcr Nachwuchswissenschaftlerinnen und -wissenschaftler sowie Studierende werden verschiedene Angebote zur beruflichen Weiterentwicklung angeboten, darunter ein interaktiver Workshop vor Konferenzbeginn sowie Netzwerk- und Mentoring-Sitzungen. Zudem bereiten die Organisatoren ein spezielles Programm zu Gleichstellung, Vielfalt und Inklusion (EDI) zum Thema <em data-start=\"760\" data-end=\"792\">Geschlecht in der Primatologie<\/em> vor. Weitere Einzelheiten werden in K\u00fcrze bekannt gegeben. Dar\u00fcber hinaus starten wir eine Initiative, um Kolleginnen und Kollegen zu unterst\u00fctzen, die sich mit dem schriftlichen oder m\u00fcndlichen Englisch nicht ganz sicher f\u00fchlen, indem wir ihnen bei der Vorbereitung ihrer Abstracts, Poster und\/oder Vortr\u00e4ge helfen.<\/p>\n<p style=\"text-align: justify;\" data-start=\"1111\" data-end=\"1174\">Weitere Informationen folgen in K\u00fcrze.<\/p>\n<hr \/>\n<p style=\"text-align: justify;\"><span style=\"color: #800000;\"><strong>ECBB 2026<\/strong><\/span><br \/>\n<span style=\"color: #800000;\">1 September \u2013 4 September 2026, Cambridge, Vereinigtes K\u00f6nigreich<\/span><\/p>\n<p style=\"text-align: justify;\">Merken Sie sich das Datum f\u00fcr die n\u00e4chste European Conference on Behavioural Biology mit dem Thema \u201eTierverhalten im Anthropoz\u00e4n\u201c an der Anglia Ruskin University vor.<\/p>\n<p style=\"text-align: justify;\">Weitere Informationen folgen <a href=\"https:\/\/bsky.app\/profile\/ecbb2026.bsky.social\">hier<\/a>.<\/p>\n<hr \/>\n<p data-start=\"53\" data-end=\"151\"><strong data-start=\"53\" data-end=\"79\">ASAB Wintertagung 2026<\/strong><br data-start=\"79\" data-end=\"82\" \/>08. Dezember \u2013 10. Dezember 2026, Edinburgh, Vereinigtes K\u00f6nigreich<\/p>\n<p data-start=\"153\" data-end=\"566\">Die diesj\u00e4hrige ASAB-Wintertagung widmet sich sozialem Lernen und Tierkultur.<\/p>\n<p data-start=\"568\" data-end=\"655\">Die Teilnahme ist kostenlos, jedoch wir eine Anmeldung\u00a0erforderlich sein.<\/p>\n<hr \/>\n","protected":false},"excerpt":{"rendered":"<p>Die Ethologische Gesellschaft trifft sich einmal j\u00e4hrlich zu ihrer Jahrestagung, die in der Regel in der zweiten Februarwoche stattfindet. Die Tagung wird von Mitgliedern unserer Gemeinschaft organisiert und findet \u00fcblicherweise in Deutschland, der Schweiz oder \u00d6sterreich statt. Alle zwei Jahre wird die Mitgliederversammlung der Gesellschaft in Verbindung mit der Jahrestagung abgehalten. Mitglieder, die daran interessiert sind, eine zuk\u00fcnftige Tagung zu organisieren, sind herzlich eingeladen, sich mit dem Pr\u00e4sidenten in Verbindung zu setzen. Der Vorstand bietet w\u00e4hrend des gesamten Prozesses gerne praktische Unterst\u00fctzung in Form von Hinweisen und Anregungen\u00a0an, die den Organisatorinnen und Organisatoren helfen sollen, das Rad nicht neu zu erfinden. Die Mitglieder des Vorstands sind jederzeit ansprechbar und stehen w\u00e4hrend des gesamten Prozesses f\u00fcr Fragen und Beratung zur Verf\u00fcgung. Die Organisation einer Tagung kann zudem sehr bereichernd sein, da sie den Gastgeberinnen und Gastgebern die M\u00f6glichkeit bietet, den wissenschaftlichen Schwerpunkt mitzugestalten und wesentlich zu den Aktivit\u00e4ten der Gesellschaft beizutragen. Eine \u00dcbersicht \u00fcber bisherige EthoGes, unsere Jahrestagungen, sowie ECBB, die European Conference for Behavioural Biology, die von der Gesellschaft mitbegr\u00fcndet wurde, finden Sie hier. Auf dieser Seite finden Sie eine Liste an internationalen Tagungen, die f\u00fcr Verhaltensbiologen*innen interessant sein k\u00f6nnten. Wenn Sie Ihre Konferenz oder Ihren Workshop in diese Liste aufnehmen lassen m\u00f6chten, wenden Sie sich bitte an die zust\u00e4ndige Gesch\u00e4ftsf\u00fchrerin der Gesellschaft. 2026 Thementagung der Ethologischen Gesellschaft, 2026 18. Februar &#8211; 21. Februar, Gr\u00fcnau, \u00d6sterreich Die Jahrestagung der Ethologischen Gesellschaft finded dieses Jahr in Gr\u00fcnau im Almtal statt, mit Plenarvortr\u00e4gen von Profs Thomas Bugnyar, Rosemary Grant und Lars Chittka, sowie studentischen Vortr\u00e4gen, Postern und Exkursionen, um die ikonischen Graug\u00e4nse und Raben am Konrad-Lorenz-Forschungszentrum zu besuchen. Wer m\u00f6chte, kann direkt im Anschluss in Wien weiter &#8222;konferenzen&#8220; (23.\u201324. Februar 2026) mit dem Symposium zu Kognition und Kommunikation, das 10 Jahre des Doktorandenkollegiums markiert. Es erwarten Sie Plenarvortr\u00e4ge von Profs Rosemary Grant, Carel van Schaik, Peter Grant und Angela Stoeger sowie Beitr\u00e4ge von Doktoranden und Alumni des Kollegs. Registrieren Sie sich und finden Sie weitere Informationen hier. ISBE 2026 20. Juli &#8211; 24. Juli 2026, Turin, Italien Die 20. Tagung der International Society for Behavioral Ecology Congress wird n\u00e4chstes Jahr in Turin (Italien) stattfinden. Die Orgaisatoren laden alle Verhaltensbiologen und Verhaltens\u00f6kologen nach Turin ein um an diesem f\u00fcmft\u00e4gigen Kongress teilzunehmen. Weitere Informationen folgen in K\u00fcrze hier. 11. Tagung der Europ\u00e4ischen F\u00f6deration f\u00fcr Primatologie (EFP)29. Juni &#8211; 3. Juli 2026, Montpellier, Frankreich Die Organisatoren laden Sie ein, Ihre Arbeiten zu menschlichen und nicht-menschlichen Primaten auf dieser Tagung zu pr\u00e4sentieren. Das vorl\u00e4ufige Programm sowie weitere praktische Informationen sind bereits auf der Konferenzwebsite verf\u00fcgbar. F\u00fcr Nachwuchswissenschaftlerinnen und -wissenschaftler sowie Studierende werden verschiedene Angebote zur beruflichen Weiterentwicklung angeboten, darunter ein interaktiver Workshop vor Konferenzbeginn sowie Netzwerk- und Mentoring-Sitzungen. Zudem bereiten die Organisatoren ein spezielles Programm zu Gleichstellung, Vielfalt und Inklusion (EDI) zum Thema Geschlecht in der Primatologie vor. Weitere Einzelheiten werden in K\u00fcrze bekannt gegeben. Dar\u00fcber hinaus starten wir eine Initiative, um Kolleginnen und Kollegen zu unterst\u00fctzen, die sich mit dem schriftlichen oder m\u00fcndlichen Englisch nicht ganz sicher f\u00fchlen, indem wir ihnen bei der Vorbereitung ihrer Abstracts, Poster und\/oder Vortr\u00e4ge helfen. Weitere Informationen folgen in K\u00fcrze. ECBB 2026 1 September \u2013 4 September 2026, Cambridge, Vereinigtes K\u00f6nigreich Merken Sie sich das Datum f\u00fcr die n\u00e4chste European Conference on Behavioural Biology mit dem Thema \u201eTierverhalten im Anthropoz\u00e4n\u201c an der Anglia Ruskin University vor. Weitere Informationen folgen hier. ASAB Wintertagung 202608. Dezember \u2013 10. Dezember 2026, Edinburgh, Vereinigtes K\u00f6nigreich Die diesj\u00e4hrige ASAB-Wintertagung widmet sich sozialem Lernen und Tierkultur. Die Teilnahme ist kostenlos, jedoch wir eine Anmeldung\u00a0erforderlich sein.<\/p>\n","protected":false},"author":1,"featured_media":0,"parent":0,"menu_order":0,"comment_status":"closed","ping_status":"closed","template":"","meta":{"footnotes":""},"class_list":["post-40","page","type-page","status-publish","hentry"],"translation":{"provider":"WPGlobus","version":"3.0.2","language":"de","enabled_languages":["en","de"],"languages":{"en":{"title":true,"content":true,"excerpt":false},"de":{"title":true,"content":true,"excerpt":false}}},"_links":{"self":[{"href":"https:\/\/www.etho-ges.de\/wordpress\/de\/wp-json\/wp\/v2\/pages\/40","targetHints":{"allow":["GET"]}}],"collection":[{"href":"https:\/\/www.etho-ges.de\/wordpress\/de\/wp-json\/wp\/v2\/pages"}],"about":[{"href":"https:\/\/www.etho-ges.de\/wordpress\/de\/wp-json\/wp\/v2\/types\/page"}],"author":[{"embeddable":true,"href":"https:\/\/www.etho-ges.de\/wordpress\/de\/wp-json\/wp\/v2\/users\/1"}],"replies":[{"embeddable":true,"href":"https:\/\/www.etho-ges.de\/wordpress\/de\/wp-json\/wp\/v2\/comments?post=40"}],"version-history":[{"count":259,"href":"https:\/\/www.etho-ges.de\/wordpress\/de\/wp-json\/wp\/v2\/pages\/40\/revisions"}],"predecessor-version":[{"id":2355,"href":"https:\/\/www.etho-ges.de\/wordpress\/de\/wp-json\/wp\/v2\/pages\/40\/revisions\/2355"}],"wp:attachment":[{"href":"https:\/\/www.etho-ges.de\/wordpress\/de\/wp-json\/wp\/v2\/media?parent=40"}],"curies":[{"name":"wp","href":"https:\/\/api.w.org\/{rel}","templated":true}]}}