{"id":93,"date":"2015-08-21T14:47:17","date_gmt":"2015-08-21T12:47:17","guid":{"rendered":"http:\/\/www.etho-ges.de\/wordpress\/?page_id=93"},"modified":"2026-03-16T17:58:21","modified_gmt":"2026-03-16T16:58:21","slug":"research-funding","status":"publish","type":"page","link":"https:\/\/www.etho-ges.de\/wordpress\/de\/research-funding\/","title":{"rendered":"F\u00f6rderungsoptionen"},"content":{"rendered":"<p><a href=\"https:\/\/www.etho-ges.de\/wordpress\/wp-content\/uploads\/2026\/03\/EthoGes2013_yellow_winged_bat-scaled.jpg\"><img loading=\"lazy\" decoding=\"async\" class=\"aligncenter size-full wp-image-2411\" src=\"https:\/\/www.etho-ges.de\/wordpress\/wp-content\/uploads\/2026\/03\/EthoGes2013_yellow_winged_bat-scaled.jpg\" alt=\"Yellow winged bat hanging from tree\" width=\"540\" height=\"300\" \/><\/a><\/p>\n<hr \/>\n<p style=\"text-align: justify;\">Eine \u00dcbersicht aller Auszeichnungen und F\u00f6rderm\u00f6glichkeiten durch die Ethologische Gesellschaft e.V., inklusive Deadlines, kann <a href=\"https:\/\/www.etho-ges.de\/wordpress\/wp-content\/uploads\/2025\/02\/Overview_EthoGes_Funding_02-2025.pdf\">hier <\/a>heruntergeladen werden.<\/p>\n<hr \/>\n<p style=\"text-align: justify;\"><strong>Preise<br \/>\n<\/strong>Der Niko Tinbergen Award ist der renommierteste Preis der Ethologischen Gesellschaft, der alle zwei Jahre an herausragende Wissenschaftler*innen nach der Promotion verliehen wird und mit 1500\u20ac dotiert ist. Der Gwinner-Preis f\u00fcr herausragende wissenschaftliche Pr\u00e4sentationen in Form von Vortr\u00e4gen und Postern wird j\u00e4hrlich bei der Jahrestagung der Ethologischen Gesellschaft an junge Nachwuchswissenschaftler*innen verliehen. Weitere Informationen \u00fcber unsere Preise finden Sie <a href=\"https:\/\/www.etho-ges.de\/wordpress\/awards\/\">hier<\/a>.<\/p>\n<hr \/>\n<p style=\"text-align: justify;\"><strong>Forschungs- und Reisestipendien<br \/>\n<\/strong>Die Gesellschaft vergibt verschiedene F\u00f6rdergelder an Mitglieder und Studierende zur Unterst\u00fctzung von Forschungsprojekten sowie zur Teilnahme an wissenschaftlichen Konferenzen und die Ausrichtung von Workshops. Weitere Informationen \u00fcber unsere Stipendien finden Sie <a href=\"https:\/\/www.etho-ges.de\/wordpress\/research-and-conference-funding\/\">hier<\/a>.<\/p>\n<hr \/>\n<p style=\"text-align: justify;\"><strong>Forschungseinrichtungen<br \/>\n<\/strong>Eine Liste mit Forschungseinrichtungen, welche Lehrt\u00e4tigkeiten im Bereich der Verhaltensbiologie auf akademischem Niveau anbieten, kann <a href=\"https:\/\/www.etho-ges.de\/wordpress\/research-instituts\/\">hier<\/a> eingesehen werden.<\/p>\n<hr \/>\n<p style=\"text-align: justify;\"><strong>Spenden<br \/>\n<\/strong>Die Ethologische Gesellschaft e.V. ist eine gemeinn\u00fctzige Organisation und wir freuen uns immer \u00fcber Spenden. Spenden werden ausschlie\u00dflich zur F\u00f6rderung herausragender Nachwuchswissenschaftler*innen verwendet. Spendenbescheinigungen (f\u00fcr Steuerr\u00fcckzahlungen) werden auf Anfrage gerne zur Verf\u00fcgung gestellt; bitte kontaktieren Sie unsere <a href=\"https:\/\/www.etho-ges.de\/wordpress\/council\/\">Schatzmeisterin<\/a>.<\/p>\n<p style=\"text-align: justify;\">Spenden k\u00f6nnen an folgendes Konto \u00fcberwiesen werden:<br \/>\nEthologische Gesellschaft<br \/>\nVR Bank Mittlere Oberpfalz<br \/>\nKonto: 6437753<br \/>\nBLZ: 75069171<br \/>\nBIC: <span data-olk-copy-source=\"MessageBody\">GENODEF1SWD<\/span><br \/>\nIBAN: <span data-olk-copy-source=\"MessageBody\">DE76750691710006437753<\/span><\/p>\n<hr \/>\n","protected":false},"excerpt":{"rendered":"<p>Eine \u00dcbersicht aller Auszeichnungen und F\u00f6rderm\u00f6glichkeiten durch die Ethologische Gesellschaft e.V., inklusive Deadlines, kann hier heruntergeladen werden. Preise Der Niko Tinbergen Award ist der renommierteste Preis der Ethologischen Gesellschaft, der alle zwei Jahre an herausragende Wissenschaftler*innen nach der Promotion verliehen wird und mit 1500\u20ac dotiert ist. Der Gwinner-Preis f\u00fcr herausragende wissenschaftliche Pr\u00e4sentationen in Form von Vortr\u00e4gen und Postern wird j\u00e4hrlich bei der Jahrestagung der Ethologischen Gesellschaft an junge Nachwuchswissenschaftler*innen verliehen. Weitere Informationen \u00fcber unsere Preise finden Sie hier. Forschungs- und Reisestipendien Die Gesellschaft vergibt verschiedene F\u00f6rdergelder an Mitglieder und Studierende zur Unterst\u00fctzung von Forschungsprojekten sowie zur Teilnahme an wissenschaftlichen Konferenzen und die Ausrichtung von Workshops. Weitere Informationen \u00fcber unsere Stipendien finden Sie hier. Forschungseinrichtungen Eine Liste mit Forschungseinrichtungen, welche Lehrt\u00e4tigkeiten im Bereich der Verhaltensbiologie auf akademischem Niveau anbieten, kann hier eingesehen werden. Spenden Die Ethologische Gesellschaft e.V. ist eine gemeinn\u00fctzige Organisation und wir freuen uns immer \u00fcber Spenden. Spenden werden ausschlie\u00dflich zur F\u00f6rderung herausragender Nachwuchswissenschaftler*innen verwendet. Spendenbescheinigungen (f\u00fcr Steuerr\u00fcckzahlungen) werden auf Anfrage gerne zur Verf\u00fcgung gestellt; bitte kontaktieren Sie unsere Schatzmeisterin. Spenden k\u00f6nnen an folgendes Konto \u00fcberwiesen werden: Ethologische Gesellschaft VR Bank Mittlere Oberpfalz Konto: 6437753 BLZ: 75069171 BIC: GENODEF1SWD IBAN: DE76750691710006437753<\/p>\n","protected":false},"author":1,"featured_media":0,"parent":0,"menu_order":0,"comment_status":"closed","ping_status":"closed","template":"","meta":{"footnotes":""},"class_list":["post-93","page","type-page","status-publish","hentry"],"translation":{"provider":"WPGlobus","version":"3.0.2","language":"de","enabled_languages":["en","de"],"languages":{"en":{"title":true,"content":true,"excerpt":false},"de":{"title":true,"content":true,"excerpt":false}}},"_links":{"self":[{"href":"https:\/\/www.etho-ges.de\/wordpress\/de\/wp-json\/wp\/v2\/pages\/93","targetHints":{"allow":["GET"]}}],"collection":[{"href":"https:\/\/www.etho-ges.de\/wordpress\/de\/wp-json\/wp\/v2\/pages"}],"about":[{"href":"https:\/\/www.etho-ges.de\/wordpress\/de\/wp-json\/wp\/v2\/types\/page"}],"author":[{"embeddable":true,"href":"https:\/\/www.etho-ges.de\/wordpress\/de\/wp-json\/wp\/v2\/users\/1"}],"replies":[{"embeddable":true,"href":"https:\/\/www.etho-ges.de\/wordpress\/de\/wp-json\/wp\/v2\/comments?post=93"}],"version-history":[{"count":59,"href":"https:\/\/www.etho-ges.de\/wordpress\/de\/wp-json\/wp\/v2\/pages\/93\/revisions"}],"predecessor-version":[{"id":2412,"href":"https:\/\/www.etho-ges.de\/wordpress\/de\/wp-json\/wp\/v2\/pages\/93\/revisions\/2412"}],"wp:attachment":[{"href":"https:\/\/www.etho-ges.de\/wordpress\/de\/wp-json\/wp\/v2\/media?parent=93"}],"curies":[{"name":"wp","href":"https:\/\/api.w.org\/{rel}","templated":true}]}}