{"id":954,"date":"2020-05-01T18:32:06","date_gmt":"2020-05-01T16:32:06","guid":{"rendered":"https:\/\/www.etho-ges.de\/wordpress\/?page_id=954"},"modified":"2021-08-03T11:59:39","modified_gmt":"2021-08-03T09:59:39","slug":"join-the-council","status":"publish","type":"page","link":"https:\/\/www.etho-ges.de\/wordpress\/de\/join-the-council\/","title":{"rendered":"Mitglied des erweiterten Vorstands werden"},"content":{"rendered":"<p style=\"text-align: justify;\"><a href=\"https:\/\/www.etho-ges.de\/wordpress\/wp-content\/uploads\/2021\/08\/join.jpg\"><img loading=\"lazy\" decoding=\"async\" class=\"wp-image-955 aligncenter\" src=\"https:\/\/www.etho-ges.de\/wordpress\/wp-content\/uploads\/2021\/08\/join.jpg\" alt=\"Mitglied werden Seite - Bild eines jungen Guinea-Pavians\" width=\"540\" height=\"300\" \/><\/a><\/p>\n<hr \/>\n<p style=\"text-align: justify;\">Sehr geehrte Mitglieder,<\/p>\n<p style=\"text-align: justify;\">die Ethologische Gesellschaft sucht zwei neue studentische Mitglieder f\u00fcr den erweiterten Vorstand. Zu den Aufgaben der Mitglieder des erweiterten Vorstands z\u00e4hlt das regelm\u00e4\u00dfige Begutachten von Bewerbungen f\u00fcr Preise und Stipendien, der Besuch unserer j\u00e4hrlichen Vorstandssitzungen und die aktive Beteiligung an der Vorstandsarbeit. Fr\u00fchere Studentenvertreter\/innen haben sich beispielsweise um die Werbung f\u00fcr unsere Gesellschaft und die Katalogisierung wichtiger Daten gek\u00fcmmert. Die Mitgliedschaft im Vorstand gilt f\u00fcr zwei Jahre. Wiederwahl ist m\u00f6glich.<\/p>\n<p style=\"text-align: justify;\">Die Vorstandsarbeit erlaubt interessante Einsichten in die Arbeit einer akademischen Gesellschaft. Sie beinhaltet den Erwerb und das Verbessen verschiedener F\u00e4higkeiten in Kommunikation, Zusammenarbeit, Organisation, Mittelbeschaffung und Begutachtung. Weiterhin erm\u00f6glicht es die Vorstandarbeit \u00fcber die aktuellen Entwicklungen in der Verhaltensbiologie auf dem Laufenden zu bleiben. Dar\u00fcber hinaus bietet sie eine Plattform, um die Forschungskultur aktiv zu gestalten.<\/p>\n<p style=\"text-align: justify;\">Wir w\u00fcrden uns insbesondere \u00fcber Bewerbungen von Studierenden der Verhaltensbiologie freuen, die sich noch am Anfang des Doktorats befinden. Kandidaten sollten ein gutes Verst\u00e4ndnis von Teamwork und Spa\u00df an Vereinsarbeit haben. Wir m\u00f6chten insbesondere Personen zur Bewerbung ermutigen, die zu traditional unterrepr\u00e4sentierten Gruppen z\u00e4hlen.<\/p>\n<p style=\"text-align: justify;\">Wenn Sie interessiert sind, senden Sie bitte eine kurze Bewerbung in der Sie Ihr Interesse, Ihre Motivation und Ihre potenziellen Erfahrungen darlegen und Ihren Lebenslauf als einzelnes PDF per E-Mail an unseren Sekret\u00e4r <a href=\"https:\/\/www.etho-ges.de\/wordpress\/council\/\">Dr. Jo Frommen<\/a> (info [at] etho-ges.de). Kontaktieren Sie uns gerne, wenn Sie Fragen haben. Bewerbungsschluss ist der 31. Mai 2020. Wir freuen uns auf Ihre Bewerbung!<\/p>\n<p style=\"text-align: justify;\">Der Vorstand der Ethologischen Gesellschaft<\/p>\n<hr \/>\n","protected":false},"excerpt":{"rendered":"<p>Sehr geehrte Mitglieder, die Ethologische Gesellschaft sucht zwei neue studentische Mitglieder f\u00fcr den erweiterten Vorstand. Zu den Aufgaben der Mitglieder des erweiterten Vorstands z\u00e4hlt das regelm\u00e4\u00dfige Begutachten von Bewerbungen f\u00fcr Preise und Stipendien, der Besuch unserer j\u00e4hrlichen Vorstandssitzungen und die aktive Beteiligung an der Vorstandsarbeit. Fr\u00fchere Studentenvertreter\/innen haben sich beispielsweise um die Werbung f\u00fcr unsere Gesellschaft und die Katalogisierung wichtiger Daten gek\u00fcmmert. Die Mitgliedschaft im Vorstand gilt f\u00fcr zwei Jahre. Wiederwahl ist m\u00f6glich. Die Vorstandsarbeit erlaubt interessante Einsichten in die Arbeit einer akademischen Gesellschaft. Sie beinhaltet den Erwerb und das Verbessen verschiedener F\u00e4higkeiten in Kommunikation, Zusammenarbeit, Organisation, Mittelbeschaffung und Begutachtung. Weiterhin erm\u00f6glicht es die Vorstandarbeit \u00fcber die aktuellen Entwicklungen in der Verhaltensbiologie auf dem Laufenden zu bleiben. Dar\u00fcber hinaus bietet sie eine Plattform, um die Forschungskultur aktiv zu gestalten. Wir w\u00fcrden uns insbesondere \u00fcber Bewerbungen von Studierenden der Verhaltensbiologie freuen, die sich noch am Anfang des Doktorats befinden. Kandidaten sollten ein gutes Verst\u00e4ndnis von Teamwork und Spa\u00df an Vereinsarbeit haben. Wir m\u00f6chten insbesondere Personen zur Bewerbung ermutigen, die zu traditional unterrepr\u00e4sentierten Gruppen z\u00e4hlen. Wenn Sie interessiert sind, senden Sie bitte eine kurze Bewerbung in der Sie Ihr Interesse, Ihre Motivation und Ihre potenziellen Erfahrungen darlegen und Ihren Lebenslauf als einzelnes PDF per E-Mail an unseren Sekret\u00e4r Dr. Jo Frommen (info [at] etho-ges.de). Kontaktieren Sie uns gerne, wenn Sie Fragen haben. Bewerbungsschluss ist der 31. Mai 2020. Wir freuen uns auf Ihre Bewerbung! Der Vorstand der Ethologischen Gesellschaft<\/p>\n","protected":false},"author":1,"featured_media":0,"parent":0,"menu_order":0,"comment_status":"closed","ping_status":"closed","template":"","meta":{"footnotes":""},"class_list":["post-954","page","type-page","status-publish","hentry"],"translation":{"provider":"WPGlobus","version":"3.0.2","language":"de","enabled_languages":["en","de"],"languages":{"en":{"title":true,"content":true,"excerpt":false},"de":{"title":true,"content":true,"excerpt":false}}},"_links":{"self":[{"href":"https:\/\/www.etho-ges.de\/wordpress\/de\/wp-json\/wp\/v2\/pages\/954","targetHints":{"allow":["GET"]}}],"collection":[{"href":"https:\/\/www.etho-ges.de\/wordpress\/de\/wp-json\/wp\/v2\/pages"}],"about":[{"href":"https:\/\/www.etho-ges.de\/wordpress\/de\/wp-json\/wp\/v2\/types\/page"}],"author":[{"embeddable":true,"href":"https:\/\/www.etho-ges.de\/wordpress\/de\/wp-json\/wp\/v2\/users\/1"}],"replies":[{"embeddable":true,"href":"https:\/\/www.etho-ges.de\/wordpress\/de\/wp-json\/wp\/v2\/comments?post=954"}],"version-history":[{"count":11,"href":"https:\/\/www.etho-ges.de\/wordpress\/de\/wp-json\/wp\/v2\/pages\/954\/revisions"}],"predecessor-version":[{"id":1605,"href":"https:\/\/www.etho-ges.de\/wordpress\/de\/wp-json\/wp\/v2\/pages\/954\/revisions\/1605"}],"wp:attachment":[{"href":"https:\/\/www.etho-ges.de\/wordpress\/de\/wp-json\/wp\/v2\/media?parent=954"}],"curies":[{"name":"wp","href":"https:\/\/api.w.org\/{rel}","templated":true}]}}