{"id":96,"date":"2015-08-21T14:52:25","date_gmt":"2015-08-21T12:52:25","guid":{"rendered":"http:\/\/www.etho-ges.de\/wordpress\/?page_id=96"},"modified":"2026-03-16T17:48:23","modified_gmt":"2026-03-16T16:48:23","slug":"awards","status":"publish","type":"page","link":"https:\/\/www.etho-ges.de\/wordpress\/de\/awards\/","title":{"rendered":"Preise"},"content":{"rendered":"<div class=\"indentedContentContainer\">\n<p><a href=\"https:\/\/www.etho-ges.de\/wordpress\/wp-content\/uploads\/2026\/03\/EthoGes2012_spotted_eagle_owl-scaled.jpg\"><img loading=\"lazy\" decoding=\"async\" class=\"aligncenter size-full wp-image-2405\" src=\"https:\/\/www.etho-ges.de\/wordpress\/wp-content\/uploads\/2026\/03\/EthoGes2012_spotted_eagle_owl-scaled.jpg\" alt=\"Spotted eagle looking at camera\" width=\"540\" height=\"300\" \/><\/a><\/p>\n<hr \/>\n<p style=\"text-align: justify;\">Eine \u00dcbersicht aller Auszeichnungen und F\u00f6rderm\u00f6glichkeiten durch die Ethologische Gesellschaft e.V., inklusive Deadlines, kann <a href=\"http:\/\/www.etho-ges.de\/wordpress\/wp-content\/uploads\/2015\/08\/\u00dcbersicht-F\u00f6rderungsprogramm_M\u00e4rz2018.pdf\">hier<\/a> heruntergeladen werden.<\/p>\n<hr \/>\n<p style=\"text-align: justify;\"><strong>Niko Tinbergen Award<br \/>\n<\/strong>Die Ethologische Gesellschaft e.V. verleiht alle zwei Jahre den Niko Tinbergen Preis f\u00fcr herausragende Wissenschaftler*innen nach der Promotion im Bereich der Verhaltensbiologie und \u00e4hnlichen Forschungsgebieten. Der Preis ist nach Prof. Nicolaas Tinbergen (1907\u20131988) benannt, der als einer der Gr\u00fcnder der Ethologie gilt. Jede Studentin und jeder Student der Verhaltensbiologie lernt die vier tinbergschen Fragen [1] kennen. Die Bedeutung, Ontogenese, Mechanismen, Funktionen und Evolution von Verhaltensmerkmalen zu betrachten, hat seit Tinbergens wegweisendem Artikel im Jahr 1963 in der <em data-start=\"268\" data-end=\"301\">Zeitschrift f\u00fcr Tierpsychologie<\/em> (heute <em data-start=\"309\" data-end=\"319\">Ethology<\/em>), die auch den Tinbergen Award sponsort, nicht abgenommen. Tinbergen hielt es f\u00fcr wichtig, zwischen allen vier Fragen zu unterscheiden, sie aber gleichzeitig gemeinsam zu untersuchen. Vor einigen Jahren schlug Robert Sapolsky eine aktualisierte Sicht auf die vier tinbergschen Fragen vor, indem er sie auf einer kontinuierlichen Zeitachse anordnete. Betrachtet man das Verhalten im Hier und Jetzt, kann man fragen, welche Mechanismen es ausgel\u00f6st haben, zum Beispiel neuronale Aktivit\u00e4t, Genexpression oder Hormonkonzentrationen, die das Verhalten wahrscheinlicher machen. R\u00fcckblickend auf die fr\u00fche Entwicklung kann die Ontogenese betrachtet werden, also welche Einfl\u00fcsse in der fr\u00fchen Lebensphase oder hormonelle Pr\u00e4gungen das Verhalten beg\u00fcnstigt haben. Noch weiter zur\u00fcck liegend l\u00e4sst sich die evolution\u00e4re Geschichte des Verhaltens untersuchen, also wann es erstmals in einer Linie auftrat. In die Zukunft blickend k\u00f6nnen die Folgen des Verhaltens f\u00fcr \u00dcberleben und Fortpflanzung betrachtet werden, die die Wahrscheinlichkeit seines Auftretens in k\u00fcnftigen Generationen erh\u00f6hen oder verringern. Diese kontinuierliche Sichtweise der vier Fragen verdeutlicht anschaulich, wie notwendig es ist, alle vier Aspekte zu ber\u00fccksichtigen, um ein ganzheitliches Verst\u00e4ndnis von Verhalten zu erlangen \u2013 und zeigt, wie relevant Tinbergen auch Jahrzehnte nach der Ver\u00f6ffentlichung seines bahnbrechenden Artikels weiterhin ist.<\/p>\n<p style=\"text-align: justify;\">Der Preis beinhaltet:<\/p>\n<ol style=\"text-align: justify;\">\n<li>eine Urkunde;<\/li>\n<li>einen Scheck \u00fcber 1500\u20ac (vom Wissenschaftsjournal <a href=\"https:\/\/onlinelibrary.wiley.com\/journal\/14390310\"><em>Ethology<\/em><\/a>, Wiley, gesponsert);<\/li>\n<li>eine Einladung die eigene Forschung bei der <em>European Conference on Behavioural Biology<\/em> vorzustellen und eine \u00dcbersicht der Arbeit in <em>EthoNews<\/em> zu ver\u00f6ffentlichen;<\/li>\n<li>eine Einladung einen \u00dcbersichtsartikel f\u00fcr <em>Ethology<\/em> (Wiley) zu schreiben oder einen Sonderband in <em>Ethology<\/em> zu organisieren.<\/li>\n<\/ol>\n<p style=\"text-align: justify;\" data-start=\"60\" data-end=\"607\">Der Kandidat bzw. die Kandidatin sollte seit mindestens einem Jahr Mitglied der Ethologischen Gesellschaft e.V. sein. Bewerberinnen und Bewerber m\u00fcssen ihre Promotion innerhalb der letzten sechs Jahre abgeschlossen haben, wobei l\u00e4ngere Beurlaubungen wie l\u00e4ngere Krankheitszeiten oder Elternzeit (d.\u202fh. ein Jahr pro Kind f\u00fcr Frauen sowie in Anspruch genommene Vaterschaftszeit f\u00fcr M\u00e4nner) nicht mitgerechnet werden. Alle Preisvoraussetzungen, einschlie\u00dflich des genauen Datums der Promotion, m\u00fcssen in der Bewerbung deutlich angegeben werden.<\/p>\n<p style=\"text-align: justify;\" data-start=\"609\" data-end=\"1114\">Jedes Mitglied der Gesellschaft kann Kandidatinnen oder Kandidaten vorschlagen; Selbstbewerbungen sind ebenfalls willkommen. Die Nominierungen m\u00fcssen in englischer Sprache eingereicht werden und Folgendes enthalten: eine kurze Zusammenfassung der Leistungen der Kandidatin\/des Kandidaten, einen Lebenslauf sowie eine Publikationsliste. Alle Unterlagen sollten in einer einzigen PDF-Datei zusammengefasst und an unserer F\u00f6rderbeauftragte gesendet werden.<\/p>\n<p style=\"text-align: justify;\" data-start=\"1116\" data-end=\"1518\">Das f\u00fcr die Begutachtung der Bewerbungen zust\u00e4ndige Komitee besteht aus dem (erweiterten) Vorstand der Gesellschaft; weitere Mitglieder der Gesellschaft k\u00f6nnen nach Bedarf hinzugezogen werden. Werden in einer Runde weniger als zwei Kandidatinnen oder Kandidaten nominiert, kann die Nominierungsfrist verl\u00e4ngert werden. Bei weniger als zwei Nominierungen wird der Preis in dieser Runde nicht vergeben.<\/p>\n<p style=\"text-align: justify;\">Die Nominierungsfrist f\u00fcr den n\u00e4chsten Preis liegt beim <strong>31. Dezember 2027<\/strong>. Eine Liste der Preistr\u00e4ger kann <a href=\"https:\/\/www.etho-ges.de\/wordpress\/recipients-of-the-tinbergen-award\/\">hier<\/a> gefunden werden.<\/p>\n<p>[1] Tinbergen, N. 1963 On aims and methods of ethology. <em>Zeitschrift f\u00fcr Tierpsychologie<\/em> 20, 410-433.<br \/>\n[2] Sapolsky, R.M. 2017 <em>Behave.\u00a0 The biology of humans at our best and worst<\/em>. London, Penguin.<\/p>\n<hr \/>\n<p style=\"text-align: justify;\"><strong>Ebo Gwinner Preis<br \/>\n<\/strong>Eberhard, genannt Ebo, Gwinner war ein deutscher Ornithologe und Chronobiologe [3]. Seit der Gr\u00fcndung geh\u00f6rte er der Ethologischen Gesellschaft an. Nach seiner Promotion in klassischer Ethologie, in der er unter der Betreuung von Konrad Lorenz \u00fcber das Ausdrucks und Sozialverhalten des Kolkraben arbeitete, wandte er sich zunehmend der Erforschung biologischer Rhythmen und der Verhaltensendokrinologie zu. Aus der Verbindung dieser beiden Traditionen entwickelte er sein wissenschaftliches Markenzeichen: eine integrative Erforschung biologischer Zeitmessung unter nat\u00fcrlichen wie auch experimentellen Bedingungen. Besonders bekannt wurde er f\u00fcr seine grundlegenden Arbeiten zu circannualen Rhythmen und f\u00fcr seine bis heute ma\u00dfgebliche Monographie zu diesem Thema. Dar\u00fcber hinaus stie\u00df er Forschungsfelder an, die sich weit \u00fcber seine Lebenszeit hinaus weiterentwickelten, etwa die Untersuchung der Auswirkungen von Lichtverschmutzung und Urbanisierung auf wildlebende Organismen. Inhaltlich zog sich die Vogelmigration wie ein roter Faden durch sein Werk. Sie faszinierte ihn ein Leben lang, und er untersuchte sie in ebenso k\u00fchnen wie ausdauernden Experimenten auf verschiedenen Kontinenten.<\/p>\n<p style=\"text-align: justify;\" data-start=\"1193\" data-end=\"2850\" data-is-last-node=\"\" data-is-only-node=\"\">Gwinner pflegte einen integrativen F\u00fchrungs- und Forschungsstil, der f\u00fcr seine Zeit und sein institutionelles Umfeld au\u00dfergew\u00f6hnlich war und bewusst auf Vielfalt setzte. So f\u00f6rderte er ausdr\u00fccklich Frauen in der Wissenschaft. Auf diese Weise schuf er eine Atmosph\u00e4re, in der sich alle wertgesch\u00e4tzt und zugeh\u00f6rig f\u00fchlten: von Reinigungskr\u00e4ften, Tierpflegenden, technischen Mitarbeitenden und Sekret\u00e4rinnen \u00fcber Sch\u00fclerinnen und Doktorandinnen bis hin zu Postdocs und erfahrenen Wissenschaftlerinnen und Wissenschaftlern. Dies beg\u00fcnstigte ein au\u00dfergew\u00f6hnlich offenes und wissenschaftlich anregendes Klima, das wesentlich zum nachhaltigen wissenschaftlichen Verm\u00e4chtnis Gwinners und seines Teams beitrug. Sicherlich trug auch der weite Blick vom Institut \u00fcber die H\u00fcgellandschaft bis hin zu den Bayerischen Alpen dazu bei, den Horizont im w\u00f6rtlichen wie im \u00fcbertragenen Sinne zu erweitern. Ebenso pr\u00e4gend waren die lebhaften wissenschaftlichen Diskussionen \u00fcber geplante Projekte, sei es in formellen Runden oder bei informellen Gelegenheiten wie der t\u00e4glichen Kaffeepause, in der viele Projektideen entstanden, bei Besuchen in der \u00f6rtlichen Klosterbrauerei, bei Abendfeiern oder bei Volleyballturnieren nach Feierabend. All dies schuf eine famili\u00e4re Atmosph\u00e4re, mit der sich nahezu alle identifizierten und f\u00fcr die sie Verantwortung \u00fcbernahmen f\u00fcr das, was liebevoll \u201edas Insti\u201c genannt wurde. Zu Ebo Gwinners wissenschaftlichem Erbe geh\u00f6rt nicht zuletzt seine F\u00e4higkeit, zu f\u00fchren, ohne sich in den Vordergrund zu stellen. Damit verk\u00f6rperte er ein erstaunlich modernes Verst\u00e4ndnis wissenschaftlicher Exzellenz, das seinen fr\u00fchen Tod im Jahr 2004 \u00fcberdauerte.<\/p>\n<p style=\"text-align: justify;\">Um f\u00fcr den Preis in Betracht gezogen zu werden, m\u00fcssen potenzielle Preistr\u00e4ger ihre Arbeit im Rahmen der Jahrestagung der Ethologischen Gesellschaft entweder als Vortrag oder Poster pr\u00e4sentieren. Zum Zeitpunkt der Pr\u00e4sentation m\u00fcssen die Bewerber Bachelor-, Master- oder Promotionsstudierende sein. Die Auszeichnung f\u00fcr den besten Votrag und das beste Poster ist mit einem Preisgeld von jeweils 200 \u20ac dotiert und wird von einer Jury vergeben, die von den Organisatoren der jeweiligen Jahrestagung ernannt wird.<\/p>\n<p style=\"text-align: justify;\">[3] Helm B, Hau M, Goymann W, 2022. Eberhard Gwinner. In: Nelson RJ, Weil ZM, Hrsg. Biographical History of Behavioral Neuroendocrinology. Cham: Springer International Publishing. S. 213\u2013228.<\/p>\n<hr \/>\n<\/div>\n","protected":false},"excerpt":{"rendered":"<p>Eine \u00dcbersicht aller Auszeichnungen und F\u00f6rderm\u00f6glichkeiten durch die Ethologische Gesellschaft e.V., inklusive Deadlines, kann hier heruntergeladen werden. Niko Tinbergen Award Die Ethologische Gesellschaft e.V. verleiht alle zwei Jahre den Niko Tinbergen Preis f\u00fcr herausragende Wissenschaftler*innen nach der Promotion im Bereich der Verhaltensbiologie und \u00e4hnlichen Forschungsgebieten. Der Preis ist nach Prof. Nicolaas Tinbergen (1907\u20131988) benannt, der als einer der Gr\u00fcnder der Ethologie gilt. Jede Studentin und jeder Student der Verhaltensbiologie lernt die vier tinbergschen Fragen [1] kennen. Die Bedeutung, Ontogenese, Mechanismen, Funktionen und Evolution von Verhaltensmerkmalen zu betrachten, hat seit Tinbergens wegweisendem Artikel im Jahr 1963 in der Zeitschrift f\u00fcr Tierpsychologie (heute Ethology), die auch den Tinbergen Award sponsort, nicht abgenommen. Tinbergen hielt es f\u00fcr wichtig, zwischen allen vier Fragen zu unterscheiden, sie aber gleichzeitig gemeinsam zu untersuchen. Vor einigen Jahren schlug Robert Sapolsky eine aktualisierte Sicht auf die vier tinbergschen Fragen vor, indem er sie auf einer kontinuierlichen Zeitachse anordnete. Betrachtet man das Verhalten im Hier und Jetzt, kann man fragen, welche Mechanismen es ausgel\u00f6st haben, zum Beispiel neuronale Aktivit\u00e4t, Genexpression oder Hormonkonzentrationen, die das Verhalten wahrscheinlicher machen. R\u00fcckblickend auf die fr\u00fche Entwicklung kann die Ontogenese betrachtet werden, also welche Einfl\u00fcsse in der fr\u00fchen Lebensphase oder hormonelle Pr\u00e4gungen das Verhalten beg\u00fcnstigt haben. Noch weiter zur\u00fcck liegend l\u00e4sst sich die evolution\u00e4re Geschichte des Verhaltens untersuchen, also wann es erstmals in einer Linie auftrat. In die Zukunft blickend k\u00f6nnen die Folgen des Verhaltens f\u00fcr \u00dcberleben und Fortpflanzung betrachtet werden, die die Wahrscheinlichkeit seines Auftretens in k\u00fcnftigen Generationen erh\u00f6hen oder verringern. Diese kontinuierliche Sichtweise der vier Fragen verdeutlicht anschaulich, wie notwendig es ist, alle vier Aspekte zu ber\u00fccksichtigen, um ein ganzheitliches Verst\u00e4ndnis von Verhalten zu erlangen \u2013 und zeigt, wie relevant Tinbergen auch Jahrzehnte nach der Ver\u00f6ffentlichung seines bahnbrechenden Artikels weiterhin ist. Der Preis beinhaltet: eine Urkunde; einen Scheck \u00fcber 1500\u20ac (vom Wissenschaftsjournal Ethology, Wiley, gesponsert); eine Einladung die eigene Forschung bei der European Conference on Behavioural Biology vorzustellen und eine \u00dcbersicht der Arbeit in EthoNews zu ver\u00f6ffentlichen; eine Einladung einen \u00dcbersichtsartikel f\u00fcr Ethology (Wiley) zu schreiben oder einen Sonderband in Ethology zu organisieren. Der Kandidat bzw. die Kandidatin sollte seit mindestens einem Jahr Mitglied der Ethologischen Gesellschaft e.V. sein. Bewerberinnen und Bewerber m\u00fcssen ihre Promotion innerhalb der letzten sechs Jahre abgeschlossen haben, wobei l\u00e4ngere Beurlaubungen wie l\u00e4ngere Krankheitszeiten oder Elternzeit (d.\u202fh. ein Jahr pro Kind f\u00fcr Frauen sowie in Anspruch genommene Vaterschaftszeit f\u00fcr M\u00e4nner) nicht mitgerechnet werden. Alle Preisvoraussetzungen, einschlie\u00dflich des genauen Datums der Promotion, m\u00fcssen in der Bewerbung deutlich angegeben werden. Jedes Mitglied der Gesellschaft kann Kandidatinnen oder Kandidaten vorschlagen; Selbstbewerbungen sind ebenfalls willkommen. Die Nominierungen m\u00fcssen in englischer Sprache eingereicht werden und Folgendes enthalten: eine kurze Zusammenfassung der Leistungen der Kandidatin\/des Kandidaten, einen Lebenslauf sowie eine Publikationsliste. Alle Unterlagen sollten in einer einzigen PDF-Datei zusammengefasst und an unserer F\u00f6rderbeauftragte gesendet werden. Das f\u00fcr die Begutachtung der Bewerbungen zust\u00e4ndige Komitee besteht aus dem (erweiterten) Vorstand der Gesellschaft; weitere Mitglieder der Gesellschaft k\u00f6nnen nach Bedarf hinzugezogen werden. Werden in einer Runde weniger als zwei Kandidatinnen oder Kandidaten nominiert, kann die Nominierungsfrist verl\u00e4ngert werden. Bei weniger als zwei Nominierungen wird der Preis in dieser Runde nicht vergeben. Die Nominierungsfrist f\u00fcr den n\u00e4chsten Preis liegt beim 31. Dezember 2027. Eine Liste der Preistr\u00e4ger kann hier gefunden werden. [1] Tinbergen, N. 1963 On aims and methods of ethology. Zeitschrift f\u00fcr Tierpsychologie 20, 410-433. [2] Sapolsky, R.M. 2017 Behave.\u00a0 The biology of humans at our best and worst. London, Penguin. Ebo Gwinner Preis Eberhard, genannt Ebo, Gwinner war ein deutscher Ornithologe und Chronobiologe [3]. Seit der Gr\u00fcndung geh\u00f6rte er der Ethologischen Gesellschaft an. Nach seiner Promotion in klassischer Ethologie, in der er unter der Betreuung von Konrad Lorenz \u00fcber das Ausdrucks und Sozialverhalten des Kolkraben arbeitete, wandte er sich zunehmend der Erforschung biologischer Rhythmen und der Verhaltensendokrinologie zu. Aus der Verbindung dieser beiden Traditionen entwickelte er sein wissenschaftliches Markenzeichen: eine integrative Erforschung biologischer Zeitmessung unter nat\u00fcrlichen wie auch experimentellen Bedingungen. Besonders bekannt wurde er f\u00fcr seine grundlegenden Arbeiten zu circannualen Rhythmen und f\u00fcr seine bis heute ma\u00dfgebliche Monographie zu diesem Thema. Dar\u00fcber hinaus stie\u00df er Forschungsfelder an, die sich weit \u00fcber seine Lebenszeit hinaus weiterentwickelten, etwa die Untersuchung der Auswirkungen von Lichtverschmutzung und Urbanisierung auf wildlebende Organismen. Inhaltlich zog sich die Vogelmigration wie ein roter Faden durch sein Werk. Sie faszinierte ihn ein Leben lang, und er untersuchte sie in ebenso k\u00fchnen wie ausdauernden Experimenten auf verschiedenen Kontinenten. Gwinner pflegte einen integrativen F\u00fchrungs- und Forschungsstil, der f\u00fcr seine Zeit und sein institutionelles Umfeld au\u00dfergew\u00f6hnlich war und bewusst auf Vielfalt setzte. So f\u00f6rderte er ausdr\u00fccklich Frauen in der Wissenschaft. Auf diese Weise schuf er eine Atmosph\u00e4re, in der sich alle wertgesch\u00e4tzt und zugeh\u00f6rig f\u00fchlten: von Reinigungskr\u00e4ften, Tierpflegenden, technischen Mitarbeitenden und Sekret\u00e4rinnen \u00fcber Sch\u00fclerinnen und Doktorandinnen bis hin zu Postdocs und erfahrenen Wissenschaftlerinnen und Wissenschaftlern. Dies beg\u00fcnstigte ein au\u00dfergew\u00f6hnlich offenes und wissenschaftlich anregendes Klima, das wesentlich zum nachhaltigen wissenschaftlichen Verm\u00e4chtnis Gwinners und seines Teams beitrug. Sicherlich trug auch der weite Blick vom Institut \u00fcber die H\u00fcgellandschaft bis hin zu den Bayerischen Alpen dazu bei, den Horizont im w\u00f6rtlichen wie im \u00fcbertragenen Sinne zu erweitern. Ebenso pr\u00e4gend waren die lebhaften wissenschaftlichen Diskussionen \u00fcber geplante Projekte, sei es in formellen Runden oder bei informellen Gelegenheiten wie der t\u00e4glichen Kaffeepause, in der viele Projektideen entstanden, bei Besuchen in der \u00f6rtlichen Klosterbrauerei, bei Abendfeiern oder bei Volleyballturnieren nach Feierabend. All dies schuf eine famili\u00e4re Atmosph\u00e4re, mit der sich nahezu alle identifizierten und f\u00fcr die sie Verantwortung \u00fcbernahmen f\u00fcr das, was liebevoll \u201edas Insti\u201c genannt wurde. Zu Ebo Gwinners wissenschaftlichem Erbe geh\u00f6rt nicht zuletzt seine F\u00e4higkeit, zu f\u00fchren, ohne sich in den Vordergrund zu stellen. Damit verk\u00f6rperte er ein erstaunlich modernes Verst\u00e4ndnis wissenschaftlicher Exzellenz, das seinen fr\u00fchen Tod im Jahr 2004 \u00fcberdauerte. Um f\u00fcr den Preis in Betracht gezogen zu werden, m\u00fcssen potenzielle Preistr\u00e4ger ihre Arbeit im Rahmen der Jahrestagung der Ethologischen Gesellschaft entweder als Vortrag oder Poster pr\u00e4sentieren. Zum Zeitpunkt der Pr\u00e4sentation m\u00fcssen die Bewerber Bachelor-, Master- oder Promotionsstudierende sein. Die Auszeichnung f\u00fcr den besten Votrag und das beste Poster ist mit einem Preisgeld von jeweils 200 \u20ac dotiert und wird von einer Jury vergeben, die von den Organisatoren der jeweiligen Jahrestagung ernannt wird. [3] Helm B, Hau M, Goymann W, 2022. Eberhard Gwinner. In: Nelson RJ, Weil ZM, Hrsg. Biographical History of Behavioral Neuroendocrinology. Cham: Springer International Publishing. S. 213\u2013228.<\/p>\n","protected":false},"author":1,"featured_media":0,"parent":0,"menu_order":0,"comment_status":"closed","ping_status":"closed","template":"","meta":{"footnotes":""},"class_list":["post-96","page","type-page","status-publish","hentry"],"translation":{"provider":"WPGlobus","version":"3.0.2","language":"de","enabled_languages":["en","de"],"languages":{"en":{"title":true,"content":true,"excerpt":false},"de":{"title":true,"content":true,"excerpt":false}}},"_links":{"self":[{"href":"https:\/\/www.etho-ges.de\/wordpress\/de\/wp-json\/wp\/v2\/pages\/96","targetHints":{"allow":["GET"]}}],"collection":[{"href":"https:\/\/www.etho-ges.de\/wordpress\/de\/wp-json\/wp\/v2\/pages"}],"about":[{"href":"https:\/\/www.etho-ges.de\/wordpress\/de\/wp-json\/wp\/v2\/types\/page"}],"author":[{"embeddable":true,"href":"https:\/\/www.etho-ges.de\/wordpress\/de\/wp-json\/wp\/v2\/users\/1"}],"replies":[{"embeddable":true,"href":"https:\/\/www.etho-ges.de\/wordpress\/de\/wp-json\/wp\/v2\/comments?post=96"}],"version-history":[{"count":78,"href":"https:\/\/www.etho-ges.de\/wordpress\/de\/wp-json\/wp\/v2\/pages\/96\/revisions"}],"predecessor-version":[{"id":2406,"href":"https:\/\/www.etho-ges.de\/wordpress\/de\/wp-json\/wp\/v2\/pages\/96\/revisions\/2406"}],"wp:attachment":[{"href":"https:\/\/www.etho-ges.de\/wordpress\/de\/wp-json\/wp\/v2\/media?parent=96"}],"curies":[{"name":"wp","href":"https:\/\/api.w.org\/{rel}","templated":true}]}}