{"id":1393,"date":"2021-03-03T10:19:17","date_gmt":"2021-03-03T09:19:17","guid":{"rendered":"https:\/\/www.etho-ges.de\/wordpress\/?page_id=1393"},"modified":"2026-03-16T16:59:27","modified_gmt":"2026-03-16T15:59:27","slug":"chronicle","status":"publish","type":"page","link":"https:\/\/www.etho-ges.de\/wordpress\/beispiel-seite\/chronicle\/","title":{"rendered":"Chronicle"},"content":{"rendered":"<p><a href=\"https:\/\/www.etho-ges.de\/wordpress\/wp-content\/uploads\/2026\/03\/EthoGes2011_beautiful_sunbird_female-scaled.jpg\"><img loading=\"lazy\" decoding=\"async\" class=\"aligncenter size-full wp-image-2401\" src=\"https:\/\/www.etho-ges.de\/wordpress\/wp-content\/uploads\/2026\/03\/EthoGes2011_beautiful_sunbird_female-scaled.jpg\" alt=\"sunbird female building nest\" width=\"540\" height=\"300\" \/><\/a><\/p>\n<hr \/>\n<p style=\"text-align: justify;\">The Ethologische Gesellschaft e.V. was founded on the 10th of October 1978 by Prof. Christiane Buchholtz, Dr Karl-Ludwig Damm, Prof. Dierk Franck, Dr Herbert Gro\u00df, Prof. Georg R\u00fcppell, Dr Norbert Krischke and Prof. Jakob Parzefall. Ever since, the society has been shaped and led by scholars who promote Behavioral Biology in research, teaching and the public. Please find below all previous council members since the society\u2019s foundation. If you wish to learn more about the society, we recommend the book by our former president Prof. Dierk Franck \u201cEine Wissenschaft im Aufbruch &#8211; Chronik der Ethologischen Gesellschaft 1949-2000\u201d, which was published in 2008 by Niel &amp; More.<\/p>\n<p style=\"text-align: justify;\">In addition, the Ethologische Gesellschaft awards honorary membership to society members who contributed exceptionally to the advancement of our field of Ethology. You can view a full listing of our honorary members <a href=\"https:\/\/www.etho-ges.de\/wordpress\/honorary-members-of-ethologische-gesellschaft\/\">here<\/a>.<\/p>\n<hr \/>\n<p><strong>Present<\/strong><\/p>\n<p>President: Prof. Wolfgang Goymann<br \/>\nVice president: Prof. Barbara Caspers<br \/>\nManager: Dr Manon Schweinfurth<br \/>\nTreasurer: Dr Rebecca Rimbach<br \/>\nSecretary: Dr Joachim Frommen<\/p>\n<p>Extended council board: Dr Hanja Brandl, Dr Claudia Fichtel, Annika Freudiger, Assoc. Prof. Alexander Kotrschal, Martin K\u00fcblbeck, Tamara Sorg, Aurelia Strau\u00df, Asst. Prof. Cristina Tuni<br \/>\nAnimal welfare officer: Prof. Eva Millesi, Prof. Hanno W\u00fcrbel<br \/>\nTeaching officer: Prof. Klaudia Witte<\/p>\n<hr \/>\n<p><strong>2023-2024<\/strong><\/p>\n<p>President: Dr Claudia Fichtel<br \/>\nVice president: Prof. Wolfgang Goymann<br \/>\nManager: Dr Manon Schweinfurth<br \/>\nTreasurer: Prof. Barbara Caspers<br \/>\nSecretary: Dr Joachim Frommen<\/p>\n<p>Extended council board: Dr Hanja Brandl, Prof. Thomas Bugnyar, Prof. Sylvia Kaiser, Asst. Prof. Alexander Kotrschal, Martin K\u00fcblbeck, Prof. Helene Richter, Aurelia Strau\u00df, Prof. Cristina Tuni, Prof. Erica van de Waal<br \/>\nAnimal welfare officer: Prof. Eva Millesi, Prof. Hanno W\u00fcrbel<br \/>\nTeaching officer: Prof. Klaudia Witte<\/p>\n<hr \/>\n<p><strong>2021-2022<\/strong><\/p>\n<p style=\"padding-left: 40px;\">President: Dr Claudia Fichtel<br \/>\nVice president: Prof. Wolfgang Goymann<br \/>\nManager: Prof. Helene Richter<br \/>\nTreasurer: Prof. Barbara Caspers<br \/>\nSecretary: Dr Joachim Frommen<\/p>\n<p>Extended council board: Prof. Thomas Bugnyar, Prof. Sylvia Kaiser, Asst. Prof. Alexander Kotrschal, Martin K\u00fcblbeck, Dr Oliver Sch\u00fclke, Dr Manon Schweinfurth, Aurelia Strau\u00df, Prof. Erica van de Waal<br \/>\nAnimal welfare officer: Prof. Eva Millesi, Prof. Hanno W\u00fcrbel<br \/>\nTeaching officer: Prof. Klaudia Witte<\/p>\n<hr \/>\n<p><strong>2019-2020<\/strong><\/p>\n<p style=\"padding-left: 40px;\">President: Prof. Thomas Bugnyar<br \/>\nVice president: Dr Claudia Fichtel<br \/>\nManager: Prof. Helene Richter<br \/>\nTreasurer: Prof. Barbara Caspers<br \/>\nSecretary: Dr Wiebke Schuett (until 2020) &amp; Dr Joachim Frommen (from 2020)<\/p>\n<p>Extended council board: Dr Joachim Frommen (until 2020), Prof. Wolfgang Goymann, Prof. Peter Kappeler, Prof. Jutta Schneider (until 2019), Katja Rudolph, Dr Oliver Sch\u00fclke, Dr Manon Schweinfurth, Binia Stieger<br \/>\nAnimal welfare officer: Prof. Eva Millesi, Prof. Hanno W\u00fcrbel<br \/>\nTeaching officer: Prof. Klaudia Witte<\/p>\n<hr \/>\n<p><strong>2017-2018<\/strong><\/p>\n<p style=\"padding-left: 40px;\">President: Prof. Thomas Bugnyar<br \/>\nVice president: Dr Claudia Fichtel<br \/>\nManager: Prof. Helene Richter<br \/>\nTreasurer: Dr Oliver Sch\u00fclke<br \/>\nSecretary: Prof. Silke Kipper (until 2017) &amp; Dr Wiebke Schuett (from 2018)<\/p>\n<p>Extended council board: Dr Joachim Frommen, Prof. Wolfgang Goymann, Prof. Peter Kappeler, Prof. Jutta Schneider, Dr Wiebke Schuett (until 2017), Dr Manon Schweinfurth<br \/>\nAnimal welfare officer: Prof. Eva Millesi, Prof. Hanno W\u00fcrbel<br \/>\nTeaching officer: Prof. Klaudia Witte<\/p>\n<hr \/>\n<p><strong>2015-2016<\/strong><\/p>\n<p style=\"padding-left: 40px;\">President: Prof. Peter Kappeler<br \/>\nVice president: Prof. Thomas Bugnyar<br \/>\nManager: Prof. Sylvia Kaiser<br \/>\nTreasurer: Dr Oliver Sch\u00fclke<br \/>\nSecretary: Prof. Silke Kipper<\/p>\n<p>Extended council board: Prof. Redouan Bshary, Dr Joachim Frommen, Dr Claudia Fichtel, Prof. Wolfgang Goymann, Prof. Jutta Schneider, Dr Wiebke Schuett, Manon Schweinfurth, Miriam Sima<br \/>\nAnimal welfare officer: Prof. Eva Millesi, Dr Lars Schrader, Prof. Hanno W\u00fcrbel<br \/>\nTeaching officer: Prof. Klaudia Witte<\/p>\n<hr \/>\n<p><strong>2013-2014<\/strong><\/p>\n<p style=\"padding-left: 40px;\">President: Prof. Peter Kappeler<br \/>\nVice president: Prof. Thomas Bugnyar<br \/>\nManager: Prof. Sylvia Kaiser<br \/>\nTreasurer: Dr Elke Scheibler<br \/>\nSecretary: Prof. Silke Kipper<\/p>\n<p>Extended council board: Prof. Redouan Bshary, Dr Claudia Fichtel, Prof. Wolfgang Goymann, Prof. Charlotte Hemelrijk, Prof. Judith Korb, Prof. Marc Naguib, Prof. Jutta Schneider, Miriam Sima (from 2014), Prof. Barbara Taborsky<br \/>\nAnimal welfare officer: Prof. Eva Millesi, Prof. Hanno W\u00fcrbel<br \/>\nTeaching officer: Prof. Klaudia Witte<\/p>\n<hr \/>\n<p><strong>2011-2012<\/strong><\/p>\n<p style=\"padding-left: 40px;\">President: Prof. Redouan Bshary<br \/>\nVice president: Prof. Peter Kappeler<br \/>\nManager: Prof. Sylvia Kaiser<br \/>\nTreasurer: Dr Elke Scheibler<br \/>\nSecretary: Dr Claudia Fichtel<\/p>\n<p>Extended council board: Prof. Thomas Bugnyar, Prof. Wolfgang Goymann, Prof. Charlotte Hemelrijk, Prof. Silke Kipper, Prof. Judith Korb, Prof. Marc Naguib, Prof. Jutta Schneider, Dr Barbara Taborsky<br \/>\nAnimal welfare officer: Prof. Eva Millesi, Prof. Hanno W\u00fcrbel<br \/>\nTeaching officer: Prof. Klaudia Witte<\/p>\n<hr \/>\n<p><strong>2009-2010<\/strong><\/p>\n<p style=\"padding-left: 40px;\">President: Prof. Redouan Bshary<br \/>\nVice president: Prof. Peter Kappeler<br \/>\nManager: Prof. Sylvia Kaiser<br \/>\nTreasurer: Dr Elke Scheibler<br \/>\nSecretary: Dr Claudia Fichtel<\/p>\n<p>Extended council board: Prof. Thomas Bugnyar, Prof. Wolfgang Goymann, Prof. Charlotte Hemelrijk, Prof. Silke Kipper, Prof. Judith Korb, Prof. Marc Naguib, Prof. Jutta Schneider, Dr Barbara Taborsky<br \/>\nAnimal welfare officer: Prof. Eva Millesi, Prof. Hanno W\u00fcrbel<br \/>\nTeaching officer: Prof. Klaudia Witte<\/p>\n<hr \/>\n<p><strong>2007-2008<\/strong><\/p>\n<p style=\"padding-left: 40px;\">President: Prof. Fritz Trillmich<br \/>\nVice president: Prof. Redouan Bshary<br \/>\nManager: Prof. J\u00fcrgen Heinze<br \/>\nTreasurer: Dr Peter Fritzsche<br \/>\nSecretary: Prof. Marc Naguib<\/p>\n<p>Extended council board: Prof. Charlotte Hemelrijk, Prof. Barbara K\u00f6nig, Prof. Kurt Kotrschal, Prof. Peter Kappeler<br \/>\nAnimal welfare officer: Prof. Eva Millesi, Prof. Hanno W\u00fcrbel<br \/>\nTeaching officer: Dr Udo Ganslo\u00dfer<\/p>\n<hr \/>\n<p><strong>2005-2006<\/strong><\/p>\n<p style=\"padding-left: 40px;\">President: Prof. Michael Taborsky<br \/>\nVice president: Prof. Fritz Trillmich<br \/>\nManager: Prof. J\u00fcrgen Heinze<br \/>\nTreasurer: Dr Peter Fritzsche<br \/>\nSecretary: Prof. Redouan Bshary<\/p>\n<p>Extended council board: Prof. Johan Bolhuis, Prof. Barbara K\u00f6nig, Prof. Kurt Kotrschal, Prof. Ingo Schlupp<br \/>\nAnimal welfare officer: Prof. Eva Millesi, Prof. Hanno W\u00fcrbel<br \/>\nTeaching officer: Dr Udo Ganslo\u00dfer<\/p>\n<hr \/>\n<p><strong>2003-2004<\/strong><\/p>\n<p style=\"padding-left: 40px;\">President: Prof. Michael Taborsky<br \/>\nVice president: Prof. Fritz Trillmich<br \/>\nManager: Prof. Rolf Gattermann<br \/>\nTreasurer: Dr Peter Fritzsche<br \/>\nSecretary: Prof. Jutta Schneider<\/p>\n<p>Extended council board: Prof. Johan Bolhuis, Prof. Barbara K\u00f6nig, Prof. Kurt Kotrschal, Prof. Ingo Schlupp<br \/>\nAnimal welfare officer: Prof. Eva Millesi, Prof. Hanno W\u00fcrbel<br \/>\nTeaching officer: Dr Udo Ganslo\u00dfer<\/p>\n<hr \/>\n<p><strong>2001-2002<\/strong><\/p>\n<p style=\"padding-left: 40px;\">President: Prof. Norbert Sachser<br \/>\nVice president: Prof. Michael Taborsky<br \/>\nManager: Prof. Rolf Gattermann<br \/>\nTreasurer: Prof. Sabine Schmidt<br \/>\nSecretary: Dr Margit Enders<\/p>\n<p>Extended council board: Prof. Raimund Apfelbach, Prof. Serge Daan, Prof. Kurt Kotrschal, Prof. Manfred Milinski<\/p>\n<hr \/>\n<p><strong>1999-2000<\/strong><\/p>\n<p style=\"padding-left: 40px;\">President: Prof. Norbert Sachser<br \/>\nVice president: Prof. Michael Taborsky<br \/>\nManager: Prof. Rolf Gattermann<br \/>\nTreasurer: Dr Beatrix Wuntke<br \/>\nSecretary: Dr Margit Enders<\/p>\n<p>Extended council board: Prof. Raimund Apfelbach, Prof. Walter Arnold, Prof. Serge Daan, Prof. Manfred Milinski<\/p>\n<hr \/>\n<p><strong>1997-1998<\/strong><\/p>\n<p style=\"padding-left: 40px;\">President: Prof. J\u00fcrg Lamprecht<br \/>\nVice president: Prof. Norbert Sachser<br \/>\nManager: Prof. Rolf Gattermann<br \/>\nTreasurer: Dr Beatrix Wuntke<br \/>\nSecretary: Dr Sabine Oetting<\/p>\n<p>Extended council board: Prof. Raimund Apfelbach, Prof. Walter Arnold, Prof. Serge Daan, Prof. Manfred Milinski<\/p>\n<hr \/>\n<p><strong>1995-1996<\/strong><\/p>\n<p style=\"padding-left: 40px;\">President: Prof. Dietrich von Holst<br \/>\nVice president: Prof. J\u00fcrg Lamprecht<br \/>\nManager: Prof. Michael Taborsky<br \/>\nTreasurer: Dr Beatrix Wuntke<br \/>\nSecretary: Prof. Bernhard Ronacher<\/p>\n<p>Extended council board: Prof. Walter Arnold, Prof. Rolf Gattermann, Prof. Manfred Milinski, Prof. Jan von Hooff<\/p>\n<hr \/>\n<p><strong>1993-1994<\/strong><\/p>\n<p style=\"padding-left: 40px;\">President: Prof. Dietrich von Holst<br \/>\nVice president: Prof. Klaus Peschke<br \/>\nManager: Prof. Michael Taborsky<br \/>\nTreasurer: Dr Beatrix Wuntke<br \/>\nSecretary: Prof. Bernhard Ronacher<\/p>\n<p>Extended council board: Dr Dorit Feddersen-Petersen, Prof. Hans Kummer, Dr Leo Sigmund, Prof. Jan von Hooff<\/p>\n<hr \/>\n<p><strong>1991-1992<\/strong><\/p>\n<p style=\"padding-left: 40px;\">President: Prof. Heinz-Ulrich Reyer<br \/>\nVice president: Prof. Klaus Peschke<br \/>\nManager: Prof. Fritz Trillmich<br \/>\nTreasurer: Dr Werner Schuler<br \/>\nSecretary: Prof. Bernhard Ronacher<\/p>\n<p>Extended council board: Prof. Ariane Etienne, Prof. Hans Kummer, Prof. Jan von Hooff, Prof. Hans Winkler<\/p>\n<hr \/>\n<p><strong>1989-1990<\/strong><\/p>\n<p style=\"padding-left: 40px;\">President: Prof. Eberhard Curio<br \/>\nVice president: Prof. Heinz-Ulrich Reyer<br \/>\nManager: Prof. Fritz Trillmich<br \/>\nTreasurer: Dr Werner Schuler<br \/>\nSecretary: Prof. Bernd Kramer<\/p>\n<p>Extended council board: Prof. Ariane Etienne, Prof. Hans Kummer, Prof. Jan von Hooff, Prof. Hans Winkler<\/p>\n<hr \/>\n<p><strong>1987-1988<\/strong><\/p>\n<p style=\"padding-left: 40px;\">President: Prof. Eberhard Curio<br \/>\nVice president: Prof. Heinz-Ulrich Reyer<br \/>\nManager: Dr Ekkehard Pr\u00f6ve<br \/>\nTreasurer: Dr Werner Schuler<br \/>\nSecretary: Prof. Bernd Kramer<\/p>\n<p>Extended council board: Prof. Ariane Etienne, Prof. Jan von Hooff, Prof. Beat Tschanz, Prof. Hans Winkler<\/p>\n<hr \/>\n<p><strong>1985-1986<\/strong><\/p>\n<p style=\"padding-left: 40px;\">President: Prof. Dierk Franck<br \/>\nVice president: Prof. Dietrich von Holst<br \/>\nManager: Dr Ekkehard Pr\u00f6ve<br \/>\nTreasurer: Dr Werner Schuler<br \/>\nSecretary: Prof. Bernd Kramer<\/p>\n<p>Extended council board: Prof. Christiane Buchholtz, Prof. Eberhard Curio, Prof. Piet Sevenster, Prof. Beat Tschanz<\/p>\n<hr \/>\n<p><strong>1983-1984<\/strong><\/p>\n<p style=\"padding-left: 40px;\">President: Prof. Dierk Franck<br \/>\nVice president: Prof. Dietrich von Holst<br \/>\nManager: Dr Ekkehard Pr\u00f6ve<br \/>\nTreasurer: Prof. J\u00fcrg Lamprecht<br \/>\nSecretary: Prof. Hans-Rudolf G\u00fcttinger<\/p>\n<p>Extended council board: Prof. Christiane Buchholtz, Prof. Eberhard Curio, Prof. Piet Sevenster, Prof. Beat Tschanz<\/p>\n<hr \/>\n<p><strong>1981-1982<\/strong><\/p>\n<p style=\"padding-left: 40px;\">President: Prof. Christiane Buchholtz<br \/>\nVice president: Prof. Dierk Franck<br \/>\nManager: Prof. Georg R\u00fcppell<br \/>\nTreasurer: Prof. J\u00fcrg Lamprecht<br \/>\nSecretary: Prof. Hans-Rudolf G\u00fcttinger<\/p>\n<p>Extended council board: Prof. J\u00fcrgen Nicolai, Prof. Piet Sevenster, Prof. Beat Tschanz, Dr Erik Zimen<\/p>\n<hr \/>\n<p><strong>1979-1980<\/strong><\/p>\n<p style=\"padding-left: 40px;\">President: Prof. Christiane Buchholtz<br \/>\nVice president: Prof. Dierk Franck<br \/>\nManager: Prof. Georg R\u00fcppell<br \/>\nTreasurer: Prof. J\u00fcrg Lamprecht<br \/>\nSecretary: Dr Roland Sossinka<\/p>\n<p>Extended council board: Prof. J\u00fcrgen Nicolai, Prof. Piet Sevenster, Prof. Beat Tschanz, Dr Erik Zimen<\/p>\n<hr \/>\n","protected":false},"excerpt":{"rendered":"<p>The Ethologische Gesellschaft e.V. was founded on the 10th of October 1978 by Prof. Christiane Buchholtz, Dr Karl-Ludwig Damm, Prof. Dierk Franck, Dr Herbert Gro\u00df, Prof. Georg R\u00fcppell, Dr Norbert Krischke and Prof. Jakob Parzefall. Ever since, the society has been shaped and led by scholars who promote Behavioral Biology in research, teaching and the public. Please find below all previous council members since the society\u2019s foundation. If you wish to learn more about the society, we recommend the book by our former president Prof. Dierk Franck \u201cEine Wissenschaft im Aufbruch &#8211; Chronik der Ethologischen Gesellschaft 1949-2000\u201d, which was published in 2008 by Niel &amp; More. In addition, the Ethologische Gesellschaft awards honorary membership to society members who contributed exceptionally to the advancement of our field of Ethology. You can view a full listing of our honorary members here. Present President: Prof. Wolfgang Goymann Vice president: Prof. Barbara Caspers Manager: Dr Manon Schweinfurth Treasurer: Dr Rebecca Rimbach Secretary: Dr Joachim Frommen Extended council board: Dr Hanja Brandl, Dr Claudia Fichtel, Annika Freudiger, Assoc. Prof. Alexander Kotrschal, Martin K\u00fcblbeck, Tamara Sorg, Aurelia Strau\u00df, Asst. Prof. Cristina Tuni Animal welfare officer: Prof. Eva Millesi, Prof. Hanno W\u00fcrbel Teaching officer: Prof. Klaudia Witte 2023-2024 President: Dr Claudia Fichtel Vice president: Prof. Wolfgang Goymann Manager: Dr Manon Schweinfurth Treasurer: Prof. Barbara Caspers Secretary: Dr Joachim Frommen Extended council board: Dr Hanja Brandl, Prof. Thomas Bugnyar, Prof. Sylvia Kaiser, Asst. Prof. Alexander Kotrschal, Martin K\u00fcblbeck, Prof. Helene Richter, Aurelia Strau\u00df, Prof. Cristina Tuni, Prof. Erica van de Waal Animal welfare officer: Prof. Eva Millesi, Prof. Hanno W\u00fcrbel Teaching officer: Prof. Klaudia Witte 2021-2022 President: Dr Claudia Fichtel Vice president: Prof. Wolfgang Goymann Manager: Prof. Helene Richter Treasurer: Prof. Barbara Caspers Secretary: Dr Joachim Frommen Extended council board: Prof. Thomas Bugnyar, Prof. Sylvia Kaiser, Asst. Prof. Alexander Kotrschal, Martin K\u00fcblbeck, Dr Oliver Sch\u00fclke, Dr Manon Schweinfurth, Aurelia Strau\u00df, Prof. Erica van de Waal Animal welfare officer: Prof. Eva Millesi, Prof. Hanno W\u00fcrbel Teaching officer: Prof. Klaudia Witte 2019-2020 President: Prof. Thomas Bugnyar Vice president: Dr Claudia Fichtel Manager: Prof. Helene Richter Treasurer: Prof. Barbara Caspers Secretary: Dr Wiebke Schuett (until 2020) &amp; Dr Joachim Frommen (from 2020) Extended council board: Dr Joachim Frommen (until 2020), Prof. Wolfgang Goymann, Prof. Peter Kappeler, Prof. Jutta Schneider (until 2019), Katja Rudolph, Dr Oliver Sch\u00fclke, Dr Manon Schweinfurth, Binia Stieger Animal welfare officer: Prof. Eva Millesi, Prof. Hanno W\u00fcrbel Teaching officer: Prof. Klaudia Witte 2017-2018 President: Prof. Thomas Bugnyar Vice president: Dr Claudia Fichtel Manager: Prof. Helene Richter Treasurer: Dr Oliver Sch\u00fclke Secretary: Prof. Silke Kipper (until 2017) &amp; Dr Wiebke Schuett (from 2018) Extended council board: Dr Joachim Frommen, Prof. Wolfgang Goymann, Prof. Peter Kappeler, Prof. Jutta Schneider, Dr Wiebke Schuett (until 2017), Dr Manon Schweinfurth Animal welfare officer: Prof. Eva Millesi, Prof. Hanno W\u00fcrbel Teaching officer: Prof. Klaudia Witte 2015-2016 President: Prof. Peter Kappeler Vice president: Prof. Thomas Bugnyar Manager: Prof. Sylvia Kaiser Treasurer: Dr Oliver Sch\u00fclke Secretary: Prof. Silke Kipper Extended council board: Prof. Redouan Bshary, Dr Joachim Frommen, Dr Claudia Fichtel, Prof. Wolfgang Goymann, Prof. Jutta Schneider, Dr Wiebke Schuett, Manon Schweinfurth, Miriam Sima Animal welfare officer: Prof. Eva Millesi, Dr Lars Schrader, Prof. Hanno W\u00fcrbel Teaching officer: Prof. Klaudia Witte 2013-2014 President: Prof. Peter Kappeler Vice president: Prof. Thomas Bugnyar Manager: Prof. Sylvia Kaiser Treasurer: Dr Elke Scheibler Secretary: Prof. Silke Kipper Extended council board: Prof. Redouan Bshary, Dr Claudia Fichtel, Prof. Wolfgang Goymann, Prof. Charlotte Hemelrijk, Prof. Judith Korb, Prof. Marc Naguib, Prof. Jutta Schneider, Miriam Sima (from 2014), Prof. Barbara Taborsky Animal welfare officer: Prof. Eva Millesi, Prof. Hanno W\u00fcrbel Teaching officer: Prof. Klaudia Witte 2011-2012 President: Prof. Redouan Bshary Vice president: Prof. Peter Kappeler Manager: Prof. Sylvia Kaiser Treasurer: Dr Elke Scheibler Secretary: Dr Claudia Fichtel Extended council board: Prof. Thomas Bugnyar, Prof. Wolfgang Goymann, Prof. Charlotte Hemelrijk, Prof. Silke Kipper, Prof. Judith Korb, Prof. Marc Naguib, Prof. Jutta Schneider, Dr Barbara Taborsky Animal welfare officer: Prof. Eva Millesi, Prof. Hanno W\u00fcrbel Teaching officer: Prof. Klaudia Witte 2009-2010 President: Prof. Redouan Bshary Vice president: Prof. Peter Kappeler Manager: Prof. Sylvia Kaiser Treasurer: Dr Elke Scheibler Secretary: Dr Claudia Fichtel Extended council board: Prof. Thomas Bugnyar, Prof. Wolfgang Goymann, Prof. Charlotte Hemelrijk, Prof. Silke Kipper, Prof. Judith Korb, Prof. Marc Naguib, Prof. Jutta Schneider, Dr Barbara Taborsky Animal welfare officer: Prof. Eva Millesi, Prof. Hanno W\u00fcrbel Teaching officer: Prof. Klaudia Witte 2007-2008 President: Prof. Fritz Trillmich Vice president: Prof. Redouan Bshary Manager: Prof. J\u00fcrgen Heinze Treasurer: Dr Peter Fritzsche Secretary: Prof. Marc Naguib Extended council board: Prof. Charlotte Hemelrijk, Prof. Barbara K\u00f6nig, Prof. Kurt Kotrschal, Prof. Peter Kappeler Animal welfare officer: Prof. Eva Millesi, Prof. Hanno W\u00fcrbel Teaching officer: Dr Udo Ganslo\u00dfer 2005-2006 President: Prof. Michael Taborsky Vice president: Prof. Fritz Trillmich Manager: Prof. J\u00fcrgen Heinze Treasurer: Dr Peter Fritzsche Secretary: Prof. Redouan Bshary Extended council board: Prof. Johan Bolhuis, Prof. Barbara K\u00f6nig, Prof. Kurt Kotrschal, Prof. Ingo Schlupp Animal welfare officer: Prof. Eva Millesi, Prof. Hanno W\u00fcrbel Teaching officer: Dr Udo Ganslo\u00dfer 2003-2004 President: Prof. Michael Taborsky Vice president: Prof. Fritz Trillmich Manager: Prof. Rolf Gattermann Treasurer: Dr Peter Fritzsche Secretary: Prof. Jutta Schneider Extended council board: Prof. Johan Bolhuis, Prof. Barbara K\u00f6nig, Prof. Kurt Kotrschal, Prof. Ingo Schlupp Animal welfare officer: Prof. Eva Millesi, Prof. Hanno W\u00fcrbel Teaching officer: Dr Udo Ganslo\u00dfer 2001-2002 President: Prof. Norbert Sachser Vice president: Prof. Michael Taborsky Manager: Prof. Rolf Gattermann Treasurer: Prof. Sabine Schmidt Secretary: Dr Margit Enders Extended council board: Prof. Raimund Apfelbach, Prof. Serge Daan, Prof. Kurt Kotrschal, Prof. Manfred Milinski 1999-2000 President: Prof. Norbert Sachser Vice president: Prof. Michael Taborsky Manager: Prof. Rolf Gattermann Treasurer: Dr Beatrix Wuntke Secretary: Dr Margit Enders Extended council board: Prof. Raimund Apfelbach, Prof. Walter Arnold, Prof. Serge Daan, Prof. Manfred Milinski 1997-1998 President: Prof. J\u00fcrg Lamprecht Vice president: Prof. Norbert Sachser Manager: Prof. Rolf Gattermann Treasurer: Dr Beatrix Wuntke Secretary: Dr Sabine Oetting Extended council board: Prof. Raimund Apfelbach, Prof. Walter Arnold, Prof. Serge Daan, Prof. Manfred Milinski 1995-1996 President: Prof. Dietrich von Holst Vice president: Prof. J\u00fcrg Lamprecht Manager: Prof. Michael Taborsky Treasurer: Dr Beatrix Wuntke Secretary: Prof. Bernhard Ronacher Extended council board: Prof. Walter Arnold, Prof. Rolf Gattermann, Prof. Manfred Milinski, Prof. Jan von Hooff 1993-1994 President: Prof. Dietrich von Holst Vice president: Prof. Klaus Peschke Manager: Prof. Michael Taborsky Treasurer: Dr Beatrix Wuntke Secretary: Prof. Bernhard Ronacher Extended council board: Dr Dorit Feddersen-Petersen, Prof. Hans Kummer, Dr Leo Sigmund, Prof. Jan von Hooff 1991-1992 President: Prof. Heinz-Ulrich Reyer Vice president: Prof. Klaus Peschke Manager: Prof. Fritz Trillmich Treasurer: Dr Werner Schuler Secretary: Prof. Bernhard Ronacher Extended council board: Prof. Ariane Etienne, Prof. Hans Kummer, Prof. Jan von Hooff, Prof. Hans Winkler 1989-1990 President: Prof. Eberhard Curio Vice president: Prof. Heinz-Ulrich Reyer Manager: Prof. Fritz Trillmich Treasurer: Dr Werner Schuler Secretary: Prof. Bernd Kramer Extended council board: Prof. Ariane Etienne, Prof. Hans Kummer, Prof. Jan von Hooff, Prof. Hans Winkler 1987-1988 President: Prof. Eberhard Curio Vice president: Prof. Heinz-Ulrich Reyer Manager: Dr Ekkehard Pr\u00f6ve Treasurer: Dr Werner Schuler Secretary: Prof. Bernd Kramer Extended council board: Prof. Ariane Etienne, Prof. Jan von Hooff, Prof. Beat Tschanz, Prof. Hans Winkler 1985-1986 President: Prof. Dierk Franck Vice president: Prof. Dietrich von Holst Manager: Dr Ekkehard Pr\u00f6ve Treasurer: Dr Werner Schuler Secretary: Prof. Bernd Kramer Extended council board: Prof. Christiane Buchholtz, Prof. Eberhard Curio, Prof. Piet Sevenster, Prof. Beat Tschanz 1983-1984 President: Prof. Dierk Franck Vice president: Prof. Dietrich von Holst Manager: Dr Ekkehard Pr\u00f6ve Treasurer: Prof. J\u00fcrg Lamprecht Secretary: Prof. Hans-Rudolf G\u00fcttinger Extended council board: Prof. Christiane Buchholtz, Prof. Eberhard Curio, Prof. Piet Sevenster, Prof. Beat Tschanz 1981-1982 President: Prof. Christiane Buchholtz Vice president: Prof. Dierk Franck Manager: Prof. Georg R\u00fcppell Treasurer: Prof. J\u00fcrg Lamprecht Secretary: Prof. Hans-Rudolf G\u00fcttinger Extended council board: Prof. J\u00fcrgen Nicolai, Prof. Piet Sevenster, Prof. Beat Tschanz, Dr Erik Zimen 1979-1980 President: Prof. Christiane Buchholtz Vice president: Prof. Dierk Franck Manager: Prof. Georg R\u00fcppell Treasurer: Prof. J\u00fcrg Lamprecht Secretary: Dr Roland Sossinka Extended council board: Prof. J\u00fcrgen Nicolai, Prof. Piet Sevenster, Prof. Beat Tschanz, Dr Erik Zimen<\/p>\n","protected":false},"author":1,"featured_media":0,"parent":2,"menu_order":0,"comment_status":"closed","ping_status":"closed","template":"","meta":{"footnotes":""},"class_list":["post-1393","page","type-page","status-publish","hentry"],"translation":{"provider":"WPGlobus","version":"3.0.2","language":"en","enabled_languages":["en","de"],"languages":{"en":{"title":true,"content":true,"excerpt":false},"de":{"title":true,"content":true,"excerpt":false}}},"_links":{"self":[{"href":"https:\/\/www.etho-ges.de\/wordpress\/wp-json\/wp\/v2\/pages\/1393","targetHints":{"allow":["GET"]}}],"collection":[{"href":"https:\/\/www.etho-ges.de\/wordpress\/wp-json\/wp\/v2\/pages"}],"about":[{"href":"https:\/\/www.etho-ges.de\/wordpress\/wp-json\/wp\/v2\/types\/page"}],"author":[{"embeddable":true,"href":"https:\/\/www.etho-ges.de\/wordpress\/wp-json\/wp\/v2\/users\/1"}],"replies":[{"embeddable":true,"href":"https:\/\/www.etho-ges.de\/wordpress\/wp-json\/wp\/v2\/comments?post=1393"}],"version-history":[{"count":51,"href":"https:\/\/www.etho-ges.de\/wordpress\/wp-json\/wp\/v2\/pages\/1393\/revisions"}],"predecessor-version":[{"id":2402,"href":"https:\/\/www.etho-ges.de\/wordpress\/wp-json\/wp\/v2\/pages\/1393\/revisions\/2402"}],"up":[{"embeddable":true,"href":"https:\/\/www.etho-ges.de\/wordpress\/wp-json\/wp\/v2\/pages\/2"}],"wp:attachment":[{"href":"https:\/\/www.etho-ges.de\/wordpress\/wp-json\/wp\/v2\/media?parent=1393"}],"curies":[{"name":"wp","href":"https:\/\/api.w.org\/{rel}","templated":true}]}}