{"id":19,"date":"2015-08-20T11:45:23","date_gmt":"2015-08-20T09:45:23","guid":{"rendered":"http:\/\/www.etho-ges.de\/wordpress\/?page_id=19"},"modified":"2026-02-17T17:34:05","modified_gmt":"2026-02-17T16:34:05","slug":"council","status":"publish","type":"page","link":"https:\/\/www.etho-ges.de\/wordpress\/council\/","title":{"rendered":"Council"},"content":{"rendered":"<p>{:en}<\/p>\n<div class=\"indentedContentContainer\">\n<p><a href=\"https:\/\/www.etho-ges.de\/wordpress\/wp-content\/uploads\/2021\/08\/society.jpg\"><img loading=\"lazy\" decoding=\"async\" class=\"wp-image-1005 aligncenter\" src=\"https:\/\/www.etho-ges.de\/wordpress\/wp-content\/uploads\/2021\/08\/society.jpg\" alt=\"Council page \u2013 picture of a young greylag goose\" width=\"540\" height=\"300\" \/><\/a><\/p>\n<hr \/>\n<p><strong><br \/>\nCouncil<\/strong><\/p>\n<p><strong>President: <a href=\"https:\/\/www.bi.mpg.de\/mitarbeitende\/115665\">Prof. Wolfgang Goymann<\/a><br \/>\n<\/strong>Max Planck Institut for Ornithology<br \/>\nDepartment of Behavioral Neurobiology<br \/>\nEberhard-Gwinner-Stra\u00dfe, Haus Nr. 6<br \/>\n82319 Seewiesen, Germany<br \/>\nTel.: +49 8157 932301<br \/>\nEmail: goymann[at]orn.mpg.de<strong><br \/>\n<\/strong><\/p>\n<p><strong>Vice President: <a href=\"https:\/\/barbaracaspers.wordpress.com\/cv\/\">Prof. Barbara Caspers<\/a><br \/>\n<\/strong>University of Bielefeld<br \/>\nDepartment of Behavioural Biology<br \/>\nMorgenbreede 45<br \/>\n33615 Bielefeld, Germany<br \/>\nTel.: +49 521 106 2825<br \/>\nEmail: barbara.caspers[at]uni-bielefeld.de<\/p>\n<\/div>\n<p><strong>Manager: <a href=\"https:\/\/manon-schweinfurth.jimdofree.com\/\">Dr Manon Schweinfurth<\/a><\/strong><br \/>\nUniversity of St Andrews<br \/>\nSchool of Psychology &amp; Neuroscience<br \/>\nSt Mary&#8217;s Quad<br \/>\nSt Andrews, KY16 9JP, United Kingdom<br \/>\nTel.: +44 1334 463040<br \/>\nEmail: ms397[at]st-andrews.ac.uk<\/p>\n<p><strong>Treasurer: <\/strong><strong><a href=\"https:\/\/www.uni-muenster.de\/Biologie.NeuroVer\/Verhaltensbiologie\/en\/Team\/rebeccarimbach.shtml\">Dr Rebecca Rimbach<\/a><\/strong><br \/>\n<span class=\"p-org\">University of M\u00fcnster<\/span><span class=\"p-name\"><br \/>\nDepartment of Behavioural Biology<br \/>\n<\/span>Badestra\u00dfe 9<br \/>\n<span class=\"p-postal-code\">48149<\/span> <span class=\"p-locality\">M\u00fcnster, Germany<br \/>\n<\/span>Tel.: +49 251 83 21268<br \/>\nEmail: rrimbach[at]uni-muenster.de<\/p>\n<p><strong>Secretary: <a href=\"https:\/\/www.mmu.ac.uk\/science-engineering\/staff\/natural-sciences\/staff\/profile\/dr-joachim-frommen\">Dr Joachim Frommen<\/a><\/strong><br \/>\nManchester Metropolitan University<br \/>\nDepartment of Natural Sciences<br \/>\nChester Street<br \/>\nM15GD Manchester, United Kingdom<br \/>\nEmail: info[at]etho-ges.de<\/p>\n<div class=\"indentedContentContainer\">\n<p><strong>Extended council<\/strong><\/p>\n<div>\n<p><strong><a href=\"https:\/\/www.ab.mpg.de\/person\/99916\">Dr Hanja Brandl<\/a> (communication officer)<br \/>\n<\/strong>University of Konstanz<br \/>\nCentre for the Advanced Study of Collective Behaviour<br \/>\nAm Obstberg 1<br \/>\n78315 Radolfzell, Germany<br \/>\nTel.: +49 7732 1501 920<br \/>\nEmail: hbrandl[at]ab.mpg.de<\/p>\n<\/div>\n<p><strong><a href=\"http:\/\/www.soziobio.uni-goettingen.de\/en\/team\/fichtel.html\">Dr Claudia Fichtel<\/a> (former president)<\/strong><br \/>\nGerman Primate Center<br \/>\nBehavioral Ecology &amp; Sociobiology Unit<br \/>\nKellnerweg 4<br \/>\n37077 G\u00f6ttingen, Germany<br \/>\nTel.: +49 551 3851467<br \/>\nEmail: claudia.fichtel[at]gwdg.de<\/p>\n<p><a href=\"https:\/\/www.eva.mpg.de\/pbe\/people\/annika-freudiger\/\"><strong>Annika Freudiger<\/strong><\/a><strong> (early career representative)<\/strong><br \/>\nMax Planck Institute for Evolutionary Anthropology<br \/>\nDepartment of Primate Behavior and Evolution<br \/>\nDeutscher Platz 6<br \/>\n04103 Leipzig, Germany<br \/>\nEmail: annika_freudiger@eva.mpg.de<\/p>\n<p><strong><a href=\"https:\/\/www.bi.mpg.de\/person\/115883\/2855\">Martin K\u00fcblbeck<\/a> (<span lang=\"en\">treasurer&#8217;s assistant<\/span>)<\/strong><br \/>\nMax Planck Institut for Ornithology<br \/>\nDepartment of Behavioral Neurobiology<br \/>\nEberhard-Gwinner-Stra\u00dfe, Haus Nr. 6<br \/>\n82319 Seewiesen, Germany<br \/>\nTel.: +<span class=\"phone mpg-icon mpg-icon-phone\">49 8157 932391<\/span><br \/>\nEmail: mkueblbeck[at]orn.mpg.de<\/p>\n<p><strong><a href=\"https:\/\/www.wur.nl\/en\/Persons\/Alexander-dr.-A-Alexander-Kotrschal.htm\">Assoc. Prof. Alexander Kotrschal<\/a> (funding officer)<\/strong><br \/>\nWageningen University<br \/>\nDepartment of Behavioural Ecology<br \/>\nDe Elst 1<br \/>\n6708WD Wageningen, the Netherlands<br \/>\nTel.: +31 61 4317505<br \/>\nEmail: alexander.kotrschal[at]wur.nl<\/p>\n<p><strong><a href=\"https:\/\/www.dpz.eu\/en\/profile\/tamara-sorg-463\">Tamara Sorg<\/a> (early career representative)<br \/>\n<\/strong>German Primate Center<br \/>\nBehavioral Ecology &amp; Sociobiology Unit<br \/>\nKellnerweg 4<br \/>\n37077 G\u00f6ttingen, Germany<br \/>\nEmail: TSorg[at]dpz.eu<\/p>\n<\/div>\n<p><strong><a href=\"https:\/\/www.rug.nl\/staff\/a.strauss\/?lang=en\">Dr Aurelia Strau\u00df<\/a> (career advisor)<br \/>\n<\/strong><span data-olk-copy-source=\"MessageBody\">University of Calgary<br \/>\nFaculty of Veterinary Medicine<br \/>\n<\/span>3280 Hospital Dr. NW<br \/>\nAB T2N 4Z6 Calgary, Canada<br \/>\nTel.: TBA<br \/>\nEmail: aurelia.strauss[at]ucalgary.ca<\/p>\n<p><a href=\"https:\/\/sites.google.com\/view\/tunibiolab\/\"><strong><span lang=\"en-GB\">Asst. Prof. Cristina Tuni<\/span><\/strong><\/a><span lang=\"en-GB\"><strong> (career advisor)<br \/>\n<\/strong><\/span><span lang=\"en-GB\">University of Turin<\/span><span lang=\"en-GB\"><br \/>\n<\/span><span lang=\"en-GB\">Department of Life Sciences and Systems Biology<br \/>\n<\/span><span lang=\"en-GB\">Via Verdi 8<br \/>\n10124 Torino, Italy<\/span><span lang=\"en-GB\"><br \/>\n<\/span><span lang=\"en-GB\">Tel.: TBA<br \/>\n<\/span><span lang=\"en-GB\">Email: <\/span>cristina.tuni[at]unito.it<\/p>\n<div class=\"indentedContentContainer\">\n<div class=\"indentedContentContainer\">\n<p><strong>\u00a0\u00a0 <\/strong><\/p>\n<p><strong>Animal ethics commissioners<\/strong><\/p>\n<\/div>\n<div class=\"indentedContentContainer\">\n<p><strong><a href=\"https:\/\/www.tierschutz.vetsuisse.unibe.ch\/about_us\/personnel\/prof_dr_wuerbel_hanno\/index_eng.html\">Prof. Hanno W\u00fcrbel<\/a> (Coordinator)<br \/>\n<\/strong>University of Bern, Veterinary Public Health Institute<br \/>\nDivision of Animal Welfare<br \/>\nL\u00e4nggassstrasse 120<br \/>\n3012 Bern, Switzerland<br \/>\nTel.: +41 31 631 25 30<br \/>\nEmail: hanno.wuerbel[at]vetsuisse.unibe.ch<\/p>\n<p><strong><a href=\"https:\/\/becogbio.univie.ac.at\/people\/scientific-staff\/eva-millesi\/\">Prof. Eva Millesi<\/a><\/strong><br \/>\n<span data-olk-copy-source=\"MessageBody\">Department of Behavioral and Cognitive Biology<br \/>\nUniversity Biology Building, Djerassiplatz 1<br \/>\n1030 Vienna, Austria<\/span><br \/>\nTel.: +43 1 4277 54465<br \/>\nEmail: eva.millesi[at]univie.ac.at<\/p>\n<p><strong>\u00a0\u00a0 <\/strong><\/p>\n<p><strong>Teaching commissioner<\/strong><\/p>\n<p><strong><a href=\"https:\/\/www.chemie-biologie.uni-siegen.de\/biologie\/fachgruppen\/oekologie\/witte\/\">Prof. Klaudia Witte<\/a><\/strong><br \/>\nUniversity of Siegen<br \/>\nInsitute of Biology<br \/>\nAdolf-Reichwein-Str. 2<br \/>\n57068 Siegen, Germany<br \/>\nTel.: +49 271 740 3297<br \/>\nEmail: witte[at]biologie.uni-siegen.de<\/p>\n<p><strong>\u00a0\u00a0 <\/strong><\/p>\n<p><strong>Auditors<\/strong><\/p>\n<p><strong><a href=\"https:\/\/www.uni-goettingen.de\/de\/513018.html\">Dr Dietmar Zinner<\/a><\/strong><br \/>\nGerman Primate Center<br \/>\nCognitive Ethology Laboratory<br \/>\nKellnerweg 4<br \/>\n37077 G\u00f6ttingen, Germany<br \/>\nTel.: +49 551 3851 129<br \/>\nEmail: dzinner[at]dwdg.de<\/p>\n<\/div>\n<div class=\"indentedContentContainer\">\n<p><strong><a href=\"https:\/\/www.researchgate.net\/profile\/Iris_Weiche\">Dr Iris Weiche<\/a><\/strong><br \/>\nUniversity of T\u00fcbingen<br \/>\nDepartment of Animal Physiological Ecology<br \/>\nAuf der Morgenstelle 5<br \/>\n72076 T\u00fcbingen, Germany<br \/>\nTel.: +49 7071 5495585<br \/>\nEmail: iris.weiche[at]web.de<\/p>\n<hr \/>\n<\/div>\n<div class=\"indentedContentContainer\">\n<p>Last update: 17 February 2026<\/p>\n<hr \/>\n<\/div>\n<\/div>\n","protected":false},"excerpt":{"rendered":"<p>{:en} Council President: Prof. Wolfgang Goymann Max Planck Institut for Ornithology Department of Behavioral Neurobiology Eberhard-Gwinner-Stra\u00dfe, Haus Nr. 6 82319 Seewiesen, Germany Tel.: +49 8157 932301 Email: goymann[at]orn.mpg.de Vice President: Prof. Barbara Caspers University of Bielefeld Department of Behavioural Biology Morgenbreede 45 33615 Bielefeld, Germany Tel.: +49 521 106 2825 Email: barbara.caspers[at]uni-bielefeld.de Manager: Dr Manon Schweinfurth University of St Andrews School of Psychology &amp; Neuroscience St Mary&#8217;s Quad St Andrews, KY16 9JP, United Kingdom Tel.: +44 1334 463040 Email: ms397[at]st-andrews.ac.uk Treasurer: Dr Rebecca Rimbach University of M\u00fcnster Department of Behavioural Biology Badestra\u00dfe 9 48149 M\u00fcnster, Germany Tel.: +49 251 83 21268 Email: rrimbach[at]uni-muenster.de Secretary: Dr Joachim Frommen Manchester Metropolitan University Department of Natural Sciences Chester Street M15GD Manchester, United Kingdom Email: info[at]etho-ges.de Extended council Dr Hanja Brandl (communication officer) University of Konstanz Centre for the Advanced Study of Collective Behaviour Am Obstberg 1 78315 Radolfzell, Germany Tel.: +49 7732 1501 920 Email: hbrandl[at]ab.mpg.de Dr Claudia Fichtel (former president) German Primate Center Behavioral Ecology &amp; Sociobiology Unit Kellnerweg 4 37077 G\u00f6ttingen, Germany Tel.: +49 551 3851467 Email: claudia.fichtel[at]gwdg.de Annika Freudiger (early career representative) Max Planck Institute for Evolutionary Anthropology Department of Primate Behavior and Evolution Deutscher Platz 6 04103 Leipzig, Germany Email: annika_freudiger@eva.mpg.de Martin K\u00fcblbeck (treasurer&#8217;s assistant) Max Planck Institut for Ornithology Department of Behavioral Neurobiology Eberhard-Gwinner-Stra\u00dfe, Haus Nr. 6 82319 Seewiesen, Germany Tel.: +49 8157 932391 Email: mkueblbeck[at]orn.mpg.de Assoc. Prof. Alexander Kotrschal (funding officer) Wageningen University Department of Behavioural Ecology De Elst 1 6708WD Wageningen, the Netherlands Tel.: +31 61 4317505 Email: alexander.kotrschal[at]wur.nl Tamara Sorg (early career representative) German Primate Center Behavioral Ecology &amp; Sociobiology Unit Kellnerweg 4 37077 G\u00f6ttingen, Germany Email: TSorg[at]dpz.eu Dr Aurelia Strau\u00df (career advisor) University of Calgary Faculty of Veterinary Medicine 3280 Hospital Dr. NW AB T2N 4Z6 Calgary, Canada Tel.: TBA Email: aurelia.strauss[at]ucalgary.ca Asst. Prof. Cristina Tuni (career advisor) University of Turin Department of Life Sciences and Systems Biology Via Verdi 8 10124 Torino, Italy Tel.: TBA Email: cristina.tuni[at]unito.it \u00a0\u00a0 Animal ethics commissioners Prof. Hanno W\u00fcrbel (Coordinator) University of Bern, Veterinary Public Health Institute Division of Animal Welfare L\u00e4nggassstrasse 120 3012 Bern, Switzerland Tel.: +41 31 631 25 30 Email: hanno.wuerbel[at]vetsuisse.unibe.ch Prof. Eva Millesi Department of Behavioral and Cognitive Biology University Biology Building, Djerassiplatz 1 1030 Vienna, Austria Tel.: +43 1 4277 54465 Email: eva.millesi[at]univie.ac.at \u00a0\u00a0 Teaching commissioner Prof. Klaudia Witte University of Siegen Insitute of Biology Adolf-Reichwein-Str. 2 57068 Siegen, Germany Tel.: +49 271 740 3297 Email: witte[at]biologie.uni-siegen.de \u00a0\u00a0 Auditors Dr Dietmar Zinner German Primate Center Cognitive Ethology Laboratory Kellnerweg 4 37077 G\u00f6ttingen, Germany Tel.: +49 551 3851 129 Email: dzinner[at]dwdg.de Dr Iris Weiche University of T\u00fcbingen Department of Animal Physiological Ecology Auf der Morgenstelle 5 72076 T\u00fcbingen, Germany Tel.: +49 7071 5495585 Email: iris.weiche[at]web.de Last update: 17 February 2026<\/p>\n","protected":false},"author":1,"featured_media":0,"parent":0,"menu_order":3,"comment_status":"closed","ping_status":"closed","template":"","meta":{"footnotes":""},"class_list":["post-19","page","type-page","status-publish","hentry"],"translation":{"provider":"WPGlobus","version":"3.0.2","language":"en","enabled_languages":["en","de"],"languages":{"en":{"title":true,"content":true,"excerpt":false},"de":{"title":true,"content":true,"excerpt":false}}},"_links":{"self":[{"href":"https:\/\/www.etho-ges.de\/wordpress\/wp-json\/wp\/v2\/pages\/19","targetHints":{"allow":["GET"]}}],"collection":[{"href":"https:\/\/www.etho-ges.de\/wordpress\/wp-json\/wp\/v2\/pages"}],"about":[{"href":"https:\/\/www.etho-ges.de\/wordpress\/wp-json\/wp\/v2\/types\/page"}],"author":[{"embeddable":true,"href":"https:\/\/www.etho-ges.de\/wordpress\/wp-json\/wp\/v2\/users\/1"}],"replies":[{"embeddable":true,"href":"https:\/\/www.etho-ges.de\/wordpress\/wp-json\/wp\/v2\/comments?post=19"}],"version-history":[{"count":91,"href":"https:\/\/www.etho-ges.de\/wordpress\/wp-json\/wp\/v2\/pages\/19\/revisions"}],"predecessor-version":[{"id":2348,"href":"https:\/\/www.etho-ges.de\/wordpress\/wp-json\/wp\/v2\/pages\/19\/revisions\/2348"}],"wp:attachment":[{"href":"https:\/\/www.etho-ges.de\/wordpress\/wp-json\/wp\/v2\/media?parent=19"}],"curies":[{"name":"wp","href":"https:\/\/api.w.org\/{rel}","templated":true}]}}