{"id":2324,"date":"2026-01-13T18:47:32","date_gmt":"2026-01-13T17:47:32","guid":{"rendered":"https:\/\/www.etho-ges.de\/wordpress\/?page_id=2324"},"modified":"2026-03-16T16:57:10","modified_gmt":"2026-03-16T15:57:10","slug":"past-conferences","status":"publish","type":"page","link":"https:\/\/www.etho-ges.de\/wordpress\/past-conferences\/","title":{"rendered":"Past conferences"},"content":{"rendered":"<p>{:en}<a href=\"https:\/\/www.etho-ges.de\/wordpress\/wp-content\/uploads\/2026\/03\/EthoGes_Giraffe-birds-scaled.jpg\"><img loading=\"lazy\" decoding=\"async\" class=\"aligncenter size-full wp-image-2399\" src=\"https:\/\/www.etho-ges.de\/wordpress\/wp-content\/uploads\/2026\/03\/EthoGes_Giraffe-birds-scaled.jpg\" alt=\"giraffe chewing\" width=\"540\" height=\"300\" \/><\/a><\/p>\n<hr \/>\n<p style=\"text-align: justify;\" data-start=\"100\" data-end=\"630\">The Ethological Society is a long established scientific society, founded in 1979 at its very first meeting in Basel, Switzerland. Since its foundation, the Society has played an active role in fostering exchange and collaboration within the ethological community. In its early years, the society organised biennial meetings, moving to an annual meeting format in 2006 to reflect the growth and increasing engagement of its membership. In addition to its own meetings, the Ethological Society was the co-founder of the European Conference for Behavioural Biology (ECBB), established together with the Association for the Study of Animal Behaviour (ASAB). The ECBB has since become a key international congress for behavioural biologists across Europe and beyond.<\/p>\n<p style=\"text-align: justify;\" data-start=\"100\" data-end=\"630\">All meetings are organised by members of the society, reflecting the strong commitment and involvement of our community. Organising these meetings requires a substantial investment of time and effort, but they represent an extremely valuable contribution to the Society and its community. We are deeply grateful to all past organisers and extend our sincere thanks to those who will take on this role in the future. Below you will find a list of previous meetings and their locations.<\/p>\n<hr \/>\n<p data-start=\"266\" data-end=\"286\"><strong data-start=\"266\" data-end=\"286\">Meetings of the Ethological Society (EthoGes)<\/strong><\/p>\n<div style=\"overflow-x: auto;\">\n<table>\n<colgroup>\n<col style=\"width: 15%;\" \/> <\/colgroup>\n<colgroup>\n<col style=\"width: 25%;\" \/><\/colgroup>\n<colgroup>\n<col style=\"width: 45%;\" \/>\n<col style=\"width: 15%;\" \/> <\/colgroup>\n<thead><\/thead>\n<thead>\n<tr>\n<th>Conference<\/th>\n<th>Place<\/th>\n<th>Organisers<\/th>\n<th>Programme<\/th>\n<\/tr>\n<\/thead>\n<tbody>\n<tr>\n<td>EthoGes 2026<\/td>\n<td>Gr\u00fcnau, Austria<\/td>\n<td>Sonia Kleindorfer and team<\/td>\n<td><a href=\"https:\/\/www.etho-ges.de\/wordpress\/wp-content\/uploads\/2026\/02\/EthoGes_2026_Grunau.pdf\">Gr\u00fcnau<\/a><\/td>\n<\/tr>\n<tr>\n<td>EthoGes 2025<\/td>\n<td>Tutzing, Germany<\/td>\n<td>Henrik Brumm &amp; Wolfgang Goymann<\/td>\n<td><a href=\"https:\/\/www.etho-ges.de\/wordpress\/wp-content\/uploads\/2026\/02\/EthoGes_2025_Tutzing.pdf\">Tutzing<\/a><\/td>\n<\/tr>\n<tr>\n<td>EthoGes 2024<\/td>\n<td>M\u00fcnster, Germany<\/td>\n<td>Melanie Dammhahn, Sylvia Kaiser, Helene Richter &amp; Rebecca Rimbach<\/td>\n<td><a href=\"https:\/\/www.etho-ges.de\/wordpress\/wp-content\/uploads\/2026\/02\/EthoGes_2024_Munster.pdf\">M\u00fcnster<\/a><\/td>\n<\/tr>\n<tr>\n<td>EthoGes 2023<\/td>\n<td>Berlin, Germany<\/td>\n<td>Lars Lewejohann and team<\/td>\n<td><a href=\"https:\/\/www.etho-ges.de\/wordpress\/wp-content\/uploads\/2026\/02\/EthoGes_2023_Berlin.pdf\">Berlin<\/a><\/td>\n<\/tr>\n<tr>\n<td>EthoGes 2022<\/td>\n<td>online<\/td>\n<td>EthoGes council<\/td>\n<td><a href=\"https:\/\/www.etho-ges.de\/wordpress\/wp-content\/uploads\/2026\/02\/EthoGes_2022_Online.pdf\">Online<\/a><\/td>\n<\/tr>\n<tr>\n<td>EthoGes 2021<\/td>\n<td>online<\/td>\n<td>EthoGes council<\/td>\n<td><a href=\"https:\/\/www.etho-ges.de\/wordpress\/wp-content\/uploads\/2026\/02\/EthoGes_2021_Online.pdf\">Online<\/a><\/td>\n<\/tr>\n<tr>\n<td>EthoGes 2020<\/td>\n<td>T\u00fcbingen, Germany<\/td>\n<td>Nico Michiels and team<\/td>\n<td><a href=\"https:\/\/www.etho-ges.de\/wordpress\/wp-content\/uploads\/2026\/02\/EthoGes_2020_Tubingen.pdf\">T\u00fcbingen<\/a><\/td>\n<\/tr>\n<tr>\n<td>EthoGes 2019<\/td>\n<td>Hannover, Germany<\/td>\n<td>Ute Radespiel &amp; Marina Scheumann<\/td>\n<td><a href=\"https:\/\/www.etho-ges.de\/wordpress\/wp-content\/uploads\/2026\/02\/EthoGes_Hannover_2019.pdf\">Hannover<\/a><\/td>\n<\/tr>\n<tr>\n<td>EthoGes 2018<\/td>\n<td>Potsdam, Germany<\/td>\n<td>Jana Eccard and team<\/td>\n<td><a href=\"https:\/\/www.etho-ges.de\/wordpress\/wp-content\/uploads\/2026\/02\/EthoGes_Potsdam_2018.pdf\">Potsdam<\/a><\/td>\n<\/tr>\n<tr>\n<td>EthoGes 2017<\/td>\n<td>Bonn, Germany<\/td>\n<td>Gerhard von der Emde and team<\/td>\n<td><a href=\"https:\/\/www.etho-ges.de\/wordpress\/wp-content\/uploads\/2026\/02\/EthoGes_Bonn_2017.pdf\">Bonn<\/a><\/td>\n<\/tr>\n<tr>\n<td>EthoGes 2016<\/td>\n<td>G\u00f6ttingen, Germany<\/td>\n<td>Julia Fischer and team<\/td>\n<td><a href=\"https:\/\/www.etho-ges.de\/wordpress\/wp-content\/uploads\/2026\/02\/EthoGes_2016_Gottingen.pdf\">G\u00f6ttingen<\/a><\/td>\n<\/tr>\n<tr>\n<td>EthoGes 2015<\/td>\n<td>Hamburg, Germany<\/td>\n<td>Jutta Schneider and team<\/td>\n<td><a href=\"https:\/\/www.etho-ges.de\/wordpress\/wp-content\/uploads\/2026\/02\/EthoGes_2015_Hamburg.pdf\">Hamburg<\/a><\/td>\n<\/tr>\n<tr>\n<td>EthoGes 2014<\/td>\n<td>Tutzing, Germany<\/td>\n<td>Henrik Brumm &amp; Wolfgang Goymann<\/td>\n<td><a href=\"https:\/\/www.etho-ges.de\/wordpress\/wp-content\/uploads\/2026\/02\/EthoGes_2014_Tutzing.pdf\">Tutzing<\/a><\/td>\n<\/tr>\n<tr>\n<td>EthoGes 2013<\/td>\n<td>Bielefeld, Germany<\/td>\n<td>Fritz Trillmich and team<\/td>\n<td>\u2014<\/td>\n<\/tr>\n<tr>\n<td>EthoGes 2012<\/td>\n<td>M\u00fcnster, Germany<\/td>\n<td>Sylvia Kaiser &amp; Norbert Sachser<\/td>\n<td>\u2014<\/td>\n<\/tr>\n<tr>\n<td>EthoGes 2011<\/td>\n<td>Z\u00fcrich, Switzerland<\/td>\n<td>Barbara K\u00f6nig and team<\/td>\n<td>\u2014<\/td>\n<\/tr>\n<tr>\n<td>EthoGes 2010<\/td>\n<td>Berlin, Germany<\/td>\n<td>Silke Kipper &amp; Constance Scharff<\/td>\n<td>\u2014<\/td>\n<\/tr>\n<tr>\n<td>EthoGes 2009<\/td>\n<td>G\u00f6ttingen, Germany<\/td>\n<td>\u2014<\/td>\n<td>\u2014<\/td>\n<\/tr>\n<tr>\n<td>EthoGes 2008<\/td>\n<td>Regensburg, Germany<\/td>\n<td>J\u00fcrgen Heinze &amp; Erhard Strohm<\/td>\n<td>\u2014<\/td>\n<\/tr>\n<tr>\n<td>EthoGes 2007<\/td>\n<td>Gr\u00fcnau, Austria<\/td>\n<td>Kurt Kotrschal and team<\/td>\n<td>\u2014<\/td>\n<\/tr>\n<tr>\n<td>EthoGes 2006<\/td>\n<td>Bielefeld, Germany<\/td>\n<td>\u2014<\/td>\n<td>\u2014<\/td>\n<\/tr>\n<tr>\n<td>EthoGes 2000<\/td>\n<td>Utrecht, Netherlands<\/td>\n<td>\u2014<\/td>\n<td>\u2014<\/td>\n<\/tr>\n<tr>\n<td>EthoGes 1998<\/td>\n<td>Halle, Germany<\/td>\n<td>\u2014<\/td>\n<td>\u2014<\/td>\n<\/tr>\n<tr>\n<td>EthoGes 1996<\/td>\n<td>Groningen, Netherlands<\/td>\n<td>\u2014<\/td>\n<td>\u2014<\/td>\n<\/tr>\n<tr>\n<td>EthoGes 1994<\/td>\n<td>Bielefeld, Germany<\/td>\n<td>\u2014<\/td>\n<td>\u2014<\/td>\n<\/tr>\n<tr>\n<td>EthoGes 1992<\/td>\n<td>Prague, Czech Republic<\/td>\n<td>\u2014<\/td>\n<td>\u2014<\/td>\n<\/tr>\n<tr>\n<td>EthoGes 1990<\/td>\n<td>Vienna, Austria<\/td>\n<td>\u2014<\/td>\n<td>\u2014<\/td>\n<\/tr>\n<tr>\n<td>EthoGes 1988<\/td>\n<td>Bayreuth, Germany<\/td>\n<td>\u2014<\/td>\n<td>\u2014<\/td>\n<\/tr>\n<tr>\n<td>EthoGes 1986<\/td>\n<td>Hamburg, Germany<\/td>\n<td>\u2014<\/td>\n<td>\u2014<\/td>\n<\/tr>\n<tr>\n<td>EthoGes 1984<\/td>\n<td>G\u00f6ttingen, Germany<\/td>\n<td>\u2014<\/td>\n<td>\u2014<\/td>\n<\/tr>\n<tr>\n<td>EthoGes 1982<\/td>\n<td>Bonn, Germany<\/td>\n<td>\u2014<\/td>\n<td>\u2014<\/td>\n<\/tr>\n<tr>\n<td>EthoGes 1980<\/td>\n<td>Leeuwenhorst, Netherlands<\/td>\n<td>\u2014<\/td>\n<td>\u2014<\/td>\n<\/tr>\n<tr>\n<td>EthoGes 1979<\/td>\n<td>Basel, Switzerland<\/td>\n<td>\u2014<\/td>\n<td>\u2014<\/td>\n<\/tr>\n<\/tbody>\n<\/table>\n<\/div>\n<hr \/>\n<p data-start=\"1425\" data-end=\"1479\"><strong data-start=\"1425\" data-end=\"1479\">European Conference for Behavioural Biology (ECBB)<\/strong><\/p>\n<div style=\"overflow-x: auto;\">\n<table>\n<colgroup>\n<col style=\"width: 15%;\" \/> <\/colgroup>\n<colgroup>\n<col style=\"width: 25%;\" \/><\/colgroup>\n<colgroup>\n<col style=\"width: 45%;\" \/>\n<col style=\"width: 15%;\" \/> <\/colgroup>\n<thead>\n<tr>\n<th>Conference<\/th>\n<th>Place<\/th>\n<th>Organisers<\/th>\n<th>Programme<\/th>\n<\/tr>\n<\/thead>\n<tbody>\n<tr>\n<td>ECBB 2026<\/td>\n<td>Cambridge, United Kingdom<\/td>\n<td>\u00c7a\u011flar Ak\u00e7ay, Krishna Balasubramaniam, Roberta Blake, Francesca Cassola, Jake Dunn, Anna Nekaris, Andrew Smith, Claudia Wascher &amp; Ariana Weldon<\/td>\n<td>TBA<\/td>\n<\/tr>\n<tr>\n<td>ECBB 2024<\/td>\n<td>Z\u00fcrich, Switzerland<\/td>\n<td>Barbara K\u00f6nig and team<\/td>\n<td><a href=\"https:\/\/www.etho-ges.de\/wordpress\/wp-content\/uploads\/2026\/02\/ECBB_2024_Zurich.pdf\">Z\u00fcrich<\/a><\/td>\n<\/tr>\n<tr>\n<td>ECBB 2022<\/td>\n<td>Groningen, Netherlands<\/td>\n<td>Jean-Christophe Billeter, Cato Drion, Pleunie Kraak, Martine Maan &amp; Simon Verhulst<\/td>\n<td><a href=\"https:\/\/www.etho-ges.de\/wordpress\/wp-content\/uploads\/2026\/02\/ECBB_2022_Groningen.pdf\">Groningen<\/a><\/td>\n<\/tr>\n<tr>\n<td>ECBB 2020<\/td>\n<td>\u2014<\/td>\n<td>cancelled<\/td>\n<td>\u2014<\/td>\n<\/tr>\n<tr>\n<td>ECBB 2018<\/td>\n<td>Liverpool, United Kingdom<\/td>\n<td>Emily Bethell, Antje Engelhardt, Barbara Fruth, Alun Hughes, Nicola Koyama, Francis McGlone, Claudia Mettke-Hofmann, Hazel Nichols, Alex Piel, Adam Reddon, Will Swaney, Susannah Walker &amp; Torsten Wronski<\/td>\n<td><a href=\"https:\/\/www.etho-ges.de\/wordpress\/wp-content\/uploads\/2026\/02\/ECBB_Liverpool_2018.pdf\">Liverpool<\/a><\/td>\n<\/tr>\n<tr>\n<td>ECBB 2016<\/td>\n<td>Vienna, Austria<\/td>\n<td>Thomas Bugnyar and team<\/td>\n<td>\u2014<\/td>\n<\/tr>\n<tr>\n<td>ECBB 2014<\/td>\n<td>Prague, Czech Republic<\/td>\n<td>\u2014<\/td>\n<td>\u2014<\/td>\n<\/tr>\n<tr>\n<td>ECBB 2012<\/td>\n<td>Essen, Germany<\/td>\n<td>\u2014<\/td>\n<td>\u2014<\/td>\n<\/tr>\n<tr>\n<td>ECBB 2010<\/td>\n<td>Ferrara, Italy<\/td>\n<td>Leonida Fusani and team<\/td>\n<td>\u2014<\/td>\n<\/tr>\n<tr>\n<td>ECBB 2008<\/td>\n<td>Dijon, France<\/td>\n<td>Frank C\u00e9zilly and team<\/td>\n<td>\u2014<\/td>\n<\/tr>\n<tr>\n<td>ECBB 2006<\/td>\n<td>Belfast, United Kingdom<\/td>\n<td>Bob Elwood and team<\/td>\n<td>\u2014<\/td>\n<\/tr>\n<tr>\n<td>ECBB 2004<\/td>\n<td>Groningen, Netherlands<\/td>\n<td>\u2014<\/td>\n<td>\u2014<\/td>\n<\/tr>\n<tr>\n<td>ECBB 2002<\/td>\n<td>M\u00fcnster, Germany<\/td>\n<td>\u2014<\/td>\n<td>\u2014<\/td>\n<\/tr>\n<\/tbody>\n<\/table>\n<\/div>\n<hr \/>\n","protected":false},"excerpt":{"rendered":"<p>{:en} The Ethological Society is a long established scientific society, founded in 1979 at its very first meeting in Basel, Switzerland. Since its foundation, the Society has played an active role in fostering exchange and collaboration within the ethological community. In its early years, the society organised biennial meetings, moving to an annual meeting format in 2006 to reflect the growth and increasing engagement of its membership. In addition to its own meetings, the Ethological Society was the co-founder of the European Conference for Behavioural Biology (ECBB), established together with the Association for the Study of Animal Behaviour (ASAB). The ECBB has since become a key international congress for behavioural biologists across Europe and beyond. All meetings are organised by members of the society, reflecting the strong commitment and involvement of our community. Organising these meetings requires a substantial investment of time and effort, but they represent an extremely valuable contribution to the Society and its community. We are deeply grateful to all past organisers and extend our sincere thanks to those who will take on this role in the future. Below you will find a list of previous meetings and their locations. Meetings of the Ethological Society (EthoGes) Conference Place Organisers Programme EthoGes 2026 Gr\u00fcnau, Austria Sonia Kleindorfer and team Gr\u00fcnau EthoGes 2025 Tutzing, Germany Henrik Brumm &amp; Wolfgang Goymann Tutzing EthoGes 2024 M\u00fcnster, Germany Melanie Dammhahn, Sylvia Kaiser, Helene Richter &amp; Rebecca Rimbach M\u00fcnster EthoGes 2023 Berlin, Germany Lars Lewejohann and team Berlin EthoGes 2022 online EthoGes council Online EthoGes 2021 online EthoGes council Online EthoGes 2020 T\u00fcbingen, Germany Nico Michiels and team T\u00fcbingen EthoGes 2019 Hannover, Germany Ute Radespiel &amp; Marina Scheumann Hannover EthoGes 2018 Potsdam, Germany Jana Eccard and team Potsdam EthoGes 2017 Bonn, Germany Gerhard von der Emde and team Bonn EthoGes 2016 G\u00f6ttingen, Germany Julia Fischer and team G\u00f6ttingen EthoGes 2015 Hamburg, Germany Jutta Schneider and team Hamburg EthoGes 2014 Tutzing, Germany Henrik Brumm &amp; Wolfgang Goymann Tutzing EthoGes 2013 Bielefeld, Germany Fritz Trillmich and team \u2014 EthoGes 2012 M\u00fcnster, Germany Sylvia Kaiser &amp; Norbert Sachser \u2014 EthoGes 2011 Z\u00fcrich, Switzerland Barbara K\u00f6nig and team \u2014 EthoGes 2010 Berlin, Germany Silke Kipper &amp; Constance Scharff \u2014 EthoGes 2009 G\u00f6ttingen, Germany \u2014 \u2014 EthoGes 2008 Regensburg, Germany J\u00fcrgen Heinze &amp; Erhard Strohm \u2014 EthoGes 2007 Gr\u00fcnau, Austria Kurt Kotrschal and team \u2014 EthoGes 2006 Bielefeld, Germany \u2014 \u2014 EthoGes 2000 Utrecht, Netherlands \u2014 \u2014 EthoGes 1998 Halle, Germany \u2014 \u2014 EthoGes 1996 Groningen, Netherlands \u2014 \u2014 EthoGes 1994 Bielefeld, Germany \u2014 \u2014 EthoGes 1992 Prague, Czech Republic \u2014 \u2014 EthoGes 1990 Vienna, Austria \u2014 \u2014 EthoGes 1988 Bayreuth, Germany \u2014 \u2014 EthoGes 1986 Hamburg, Germany \u2014 \u2014 EthoGes 1984 G\u00f6ttingen, Germany \u2014 \u2014 EthoGes 1982 Bonn, Germany \u2014 \u2014 EthoGes 1980 Leeuwenhorst, Netherlands \u2014 \u2014 EthoGes 1979 Basel, Switzerland \u2014 \u2014 European Conference for Behavioural Biology (ECBB) Conference Place Organisers Programme ECBB 2026 Cambridge, United Kingdom \u00c7a\u011flar Ak\u00e7ay, Krishna Balasubramaniam, Roberta Blake, Francesca Cassola, Jake Dunn, Anna Nekaris, Andrew Smith, Claudia Wascher &amp; Ariana Weldon TBA ECBB 2024 Z\u00fcrich, Switzerland Barbara K\u00f6nig and team Z\u00fcrich ECBB 2022 Groningen, Netherlands Jean-Christophe Billeter, Cato Drion, Pleunie Kraak, Martine Maan &amp; Simon Verhulst Groningen ECBB 2020 \u2014 cancelled \u2014 ECBB 2018 Liverpool, United Kingdom Emily Bethell, Antje Engelhardt, Barbara Fruth, Alun Hughes, Nicola Koyama, Francis McGlone, Claudia Mettke-Hofmann, Hazel Nichols, Alex Piel, Adam Reddon, Will Swaney, Susannah Walker &amp; Torsten Wronski Liverpool ECBB 2016 Vienna, Austria Thomas Bugnyar and team \u2014 ECBB 2014 Prague, Czech Republic \u2014 \u2014 ECBB 2012 Essen, Germany \u2014 \u2014 ECBB 2010 Ferrara, Italy Leonida Fusani and team \u2014 ECBB 2008 Dijon, France Frank C\u00e9zilly and team \u2014 ECBB 2006 Belfast, United Kingdom Bob Elwood and team \u2014 ECBB 2004 Groningen, Netherlands \u2014 \u2014 ECBB 2002 M\u00fcnster, Germany \u2014 \u2014<\/p>\n","protected":false},"author":1,"featured_media":0,"parent":0,"menu_order":0,"comment_status":"closed","ping_status":"closed","template":"","meta":{"footnotes":""},"class_list":["post-2324","page","type-page","status-publish","hentry"],"translation":{"provider":"WPGlobus","version":"3.0.2","language":"en","enabled_languages":["en","de"],"languages":{"en":{"title":true,"content":true,"excerpt":false},"de":{"title":true,"content":true,"excerpt":false}}},"_links":{"self":[{"href":"https:\/\/www.etho-ges.de\/wordpress\/wp-json\/wp\/v2\/pages\/2324","targetHints":{"allow":["GET"]}}],"collection":[{"href":"https:\/\/www.etho-ges.de\/wordpress\/wp-json\/wp\/v2\/pages"}],"about":[{"href":"https:\/\/www.etho-ges.de\/wordpress\/wp-json\/wp\/v2\/types\/page"}],"author":[{"embeddable":true,"href":"https:\/\/www.etho-ges.de\/wordpress\/wp-json\/wp\/v2\/users\/1"}],"replies":[{"embeddable":true,"href":"https:\/\/www.etho-ges.de\/wordpress\/wp-json\/wp\/v2\/comments?post=2324"}],"version-history":[{"count":22,"href":"https:\/\/www.etho-ges.de\/wordpress\/wp-json\/wp\/v2\/pages\/2324\/revisions"}],"predecessor-version":[{"id":2400,"href":"https:\/\/www.etho-ges.de\/wordpress\/wp-json\/wp\/v2\/pages\/2324\/revisions\/2400"}],"wp:attachment":[{"href":"https:\/\/www.etho-ges.de\/wordpress\/wp-json\/wp\/v2\/media?parent=2324"}],"curies":[{"name":"wp","href":"https:\/\/api.w.org\/{rel}","templated":true}]}}