{"id":27,"date":"2015-08-21T10:33:42","date_gmt":"2015-08-21T08:33:42","guid":{"rendered":"http:\/\/www.etho-ges.de\/wordpress\/?page_id=27"},"modified":"2026-01-07T14:56:08","modified_gmt":"2026-01-07T13:56:08","slug":"mitglied-werden","status":"publish","type":"page","link":"https:\/\/www.etho-ges.de\/wordpress\/mitglied-werden\/","title":{"rendered":"Join the society"},"content":{"rendered":"<p style=\"text-align: justify;\"><a href=\"https:\/\/www.etho-ges.de\/wordpress\/wp-content\/uploads\/2021\/08\/join.jpg\"><img loading=\"lazy\" decoding=\"async\" class=\"wp-image-1008 aligncenter\" src=\"https:\/\/www.etho-ges.de\/wordpress\/wp-content\/uploads\/2021\/08\/join.jpg\" alt=\"Join us page \u2013 picture of a young Guinea baboon\" width=\"540\" height=\"300\" \/><\/a><\/p>\n<hr \/>\n<p style=\"text-align: justify;\">Anybody who is interested in Behavioural Biology or who would like to otherwise support the aims of our society is very welcome to become a member! Members receive a wide range of benefits, including:<\/p>\n<ul>\n<li>Reduced registration fees for meetings of the society<\/li>\n<li>Eligibility for\u00a0the prestigious <a href=\"https:\/\/www.etho-ges.de\/wordpress\/awards\/\">Tinbergen Award<\/a><\/li>\n<li>Eligibility for\u00a0travel bursaries for meetings (co-)organised by our society<\/li>\n<li>Eligibility for <a href=\"https:\/\/www.etho-ges.de\/wordpress\/research-and-conference-funding\/\">research grants<\/a> of up to \u20ac5,000<\/li>\n<li>Semi-annual newsletter (<a href=\"https:\/\/www.etho-ges.de\/wordpress\/etho-news\/\">EthoNews<\/a>) with news, activities and events<\/li>\n<li>Regular updates with news, events and jobs<\/li>\n<li>Free advertisement of jobs and events via e-mail, EthoNews or website (if deemed suitable)<\/li>\n<li>Free <a href=\"https:\/\/www.etho-ges.de\/wordpress\/links\/\">career advice<\/a> by experienced community members<\/li>\n<\/ul>\n<p style=\"text-align: justify;\">Annual membership fees are currently \u20ac40 for full members and \u20ac15 for unwaged\/student members. Please fill in and sign the <a href=\"https:\/\/www.etho-ges.de\/wordpress\/wp-content\/uploads\/2026\/01\/EthoGes_membership_application.docx\">application form<\/a> and send it to our manager via e-mail or post (see below). The Ethologische Gesellschaft is happy to wave the fees for everyone who would like to join the society but is unable to pay the fees due to individual circumstances. If you would like to apply for a <a href=\"https:\/\/www.etho-ges.de\/wordpress\/wp-content\/uploads\/2026\/01\/EthoGes_fee-waiver.docx\">fee waiver<\/a>, please contact our manager.<\/p>\n<p style=\"text-align: justify; padding-left: 40px;\"><strong><a href=\"https:\/\/manon-schweinfurth.jimdofree.com\/\">Dr Manon Schweinfurth<\/a><\/strong><br \/>\nUniversity of St Andrews<br \/>\nSchool of Psychology &amp; Neuroscience<br \/>\nSt Mary\u2019s Quad, St Andrews, KY16 9JP, United Kingdom<br \/>\nTel.: +44 1334 463040<br \/>\nEmail: ms397[at]st-andrews.ac.uk<\/p>\n<p style=\"text-align: left;\"><span class=\"VIiyi\" lang=\"en\"><span class=\"JLqJ4b ChMk0b\" data-language-for-alternatives=\"en\" data-language-to-translate-into=\"de\" data-phrase-index=\"0\" data-number-of-phrases=\"2\">You can withdraw from our society at any time, although we would be really sad to see you leaving.<\/span> <span class=\"JLqJ4b ChMk0b\" data-language-for-alternatives=\"en\" data-language-to-translate-into=\"de\" data-phrase-index=\"1\" data-number-of-phrases=\"2\">Please use <a href=\"https:\/\/www.etho-ges.de\/wordpress\/wp-content\/uploads\/2022\/03\/EthoGes_Termination-of-the-Membership.docx\">this form<\/a> and send it to our <a href=\"https:\/\/www.etho-ges.de\/wordpress\/council\/\">manager<\/a>.<\/span><\/span><\/p>\n<hr \/>\n<p style=\"text-align: justify;\">To avoid transferring the fees manually, you can also authorise the Ethologische Gesellschaft to send instructions to your bank to debit your account with the fees annually, i.e. SEPA Direct Debit mandate. Please fill in and sign the <a href=\"https:\/\/www.etho-ges.de\/wordpress\/wp-content\/uploads\/2025\/03\/EthoGes_SEPA-Direct-Debit-Scheme_E.docx\">payment form<\/a> and send it to our treasurer via e-mail or post:<\/p>\n<p style=\"text-align: justify; padding-left: 40px;\"><strong>Dr Rebecca Rimbach<\/strong><br \/>\n<span class=\"p-org\">University of M\u00fcnster<\/span><br \/>\n<span class=\"p-name\">Institute for Neuro- and Behavioural Biology<br \/>\nDepartment of Behavioural Biology<br \/>\n<\/span>Badestra\u00dfe 9, <span class=\"p-postal-code\">48149<\/span> <span class=\"p-locality\">M\u00fcnster, Germany<br \/>\n<\/span>Tel.: +49 251 83 21268<br \/>\nEmail: rrimbach[at]uni-muenster.de<\/p>\n<hr \/>\n<p style=\"text-align: justify;\">If you would like to support the Ethologische Gesellschaft further, you are welcome to put up a poster at your institute. We created an informative poster that summarises what the society stands for. You can download the poster as a PDF <a href=\"https:\/\/www.etho-ges.de\/wordpress\/wp-content\/uploads\/2020\/05\/EthoGes_Poster.pdf\">here<\/a>. Many thanks for your support!<\/p>\n<hr \/>\n","protected":false},"excerpt":{"rendered":"<p>Anybody who is interested in Behavioural Biology or who would like to otherwise support the aims of our society is very welcome to become a member! Members receive a wide range of benefits, including: Reduced registration fees for meetings of the society Eligibility for\u00a0the prestigious Tinbergen Award Eligibility for\u00a0travel bursaries for meetings (co-)organised by our society Eligibility for research grants of up to \u20ac5,000 Semi-annual newsletter (EthoNews) with news, activities and events Regular updates with news, events and jobs Free advertisement of jobs and events via e-mail, EthoNews or website (if deemed suitable) Free career advice by experienced community members Annual membership fees are currently \u20ac40 for full members and \u20ac15 for unwaged\/student members. Please fill in and sign the application form and send it to our manager via e-mail or post (see below). The Ethologische Gesellschaft is happy to wave the fees for everyone who would like to join the society but is unable to pay the fees due to individual circumstances. If you would like to apply for a fee waiver, please contact our manager. Dr Manon Schweinfurth University of St Andrews School of Psychology &amp; Neuroscience St Mary\u2019s Quad, St Andrews, KY16 9JP, United Kingdom Tel.: +44 1334 463040 Email: ms397[at]st-andrews.ac.uk You can withdraw from our society at any time, although we would be really sad to see you leaving. Please use this form and send it to our manager. To avoid transferring the fees manually, you can also authorise the Ethologische Gesellschaft to send instructions to your bank to debit your account with the fees annually, i.e. SEPA Direct Debit mandate. Please fill in and sign the payment form and send it to our treasurer via e-mail or post: Dr Rebecca Rimbach University of M\u00fcnster Institute for Neuro- and Behavioural Biology Department of Behavioural Biology Badestra\u00dfe 9, 48149 M\u00fcnster, Germany Tel.: +49 251 83 21268 Email: rrimbach[at]uni-muenster.de If you would like to support the Ethologische Gesellschaft further, you are welcome to put up a poster at your institute. We created an informative poster that summarises what the society stands for. You can download the poster as a PDF here. Many thanks for your support!<\/p>\n","protected":false},"author":1,"featured_media":0,"parent":0,"menu_order":5,"comment_status":"closed","ping_status":"closed","template":"","meta":{"footnotes":""},"class_list":["post-27","page","type-page","status-publish","hentry"],"translation":{"provider":"WPGlobus","version":"3.0.2","language":"en","enabled_languages":["en","de"],"languages":{"en":{"title":true,"content":true,"excerpt":false},"de":{"title":true,"content":true,"excerpt":false}}},"_links":{"self":[{"href":"https:\/\/www.etho-ges.de\/wordpress\/wp-json\/wp\/v2\/pages\/27","targetHints":{"allow":["GET"]}}],"collection":[{"href":"https:\/\/www.etho-ges.de\/wordpress\/wp-json\/wp\/v2\/pages"}],"about":[{"href":"https:\/\/www.etho-ges.de\/wordpress\/wp-json\/wp\/v2\/types\/page"}],"author":[{"embeddable":true,"href":"https:\/\/www.etho-ges.de\/wordpress\/wp-json\/wp\/v2\/users\/1"}],"replies":[{"embeddable":true,"href":"https:\/\/www.etho-ges.de\/wordpress\/wp-json\/wp\/v2\/comments?post=27"}],"version-history":[{"count":90,"href":"https:\/\/www.etho-ges.de\/wordpress\/wp-json\/wp\/v2\/pages\/27\/revisions"}],"predecessor-version":[{"id":2318,"href":"https:\/\/www.etho-ges.de\/wordpress\/wp-json\/wp\/v2\/pages\/27\/revisions\/2318"}],"wp:attachment":[{"href":"https:\/\/www.etho-ges.de\/wordpress\/wp-json\/wp\/v2\/media?parent=27"}],"curies":[{"name":"wp","href":"https:\/\/api.w.org\/{rel}","templated":true}]}}